{"id":78191,"date":"2023-07-16T12:45:12","date_gmt":"2023-07-16T10:45:12","guid":{"rendered":"https:\/\/fysiolab.dk\/product\/compex-webtech-short-knee-support\/"},"modified":"2025-12-18T09:22:48","modified_gmt":"2025-12-18T08:22:48","slug":"compex-webtech-short-knee-support","status":"publish","type":"product","link":"https:\/\/fysiolab.dk\/no\/product\/compex-webtech-short-knee-support\/","title":{"rendered":"Compex Webtech Short Knee Support"},"content":{"rendered":"<p><strong>Optimal anvendelse<\/strong><\/p>\n<p>Webtech Short Knee Brace anbefales ved smerter p\u00e5 forsiden av kneet etter idrettsskader, overbelastning eller tidlig artrose. Den unike utformingen med silikonstropper p\u00e5 innsiden bidrar til \u00e5 holde skinnen p\u00e5 plass og s\u00f8rger for kompresjon og beskyttelse. Skinnen gir \u00f8kt stabilitet ved problemer der patellasenen er involvert, for eksempel patella tendinopati og lignende.  <\/p>\n<p>Denne skinnen er en kortere versjon av Webtech Knee Brace og egner seg derfor godt til blant annet l\u00f8per- og hopperkne.<\/p>\n<p>Bandasjen passer b\u00e5de til venstre og h\u00f8yre<\/p>\n<p><strong>St\u00f8rrelsesguide<\/strong><\/p>\n<p><strong>M\u00e5l omkretsen av kneet rundt knesk\u00e5len<\/strong><\/p>\n<p><a href=\"https:\/\/dev.fysiolab.dk\/wp-content\/uploads\/2025\/05\/K3-1.png\"><img fetchpriority=\"high\" decoding=\"async\" class=\"alignnone size-medium wp-image-202393482\" src=\"https:\/\/dev.fysiolab.dk\/wp-content\/uploads\/2025\/05\/K3-1-300x169.png\" alt=\"\" width=\"300\" height=\"169\" title=\"\"><\/a><\/p>\n<p><strong>Omkrets Str<\/strong><\/p>\n<p><strong>33-36 cm S<\/strong><\/p>\n<p><strong>36-38 cm M<\/strong><\/p>\n<p><strong>38-43 cm L<\/strong><\/p>\n<p><strong>43-48 cm XL<\/strong><\/p>\n<p>&nbsp;<\/p>\n<p><iframe title=\"DonJoy Performance Webtech Short Knee Brace: Fit and Usage\" width=\"800\" height=\"450\" src=\"https:\/\/www.youtube.com\/embed\/qDTrHVPWODw?feature=oembed\" frameborder=\"0\" allow=\"accelerometer; autoplay; clipboard-write; encrypted-media; gyroscope; picture-in-picture; web-share\" referrerpolicy=\"strict-origin-when-cross-origin\" allowfullscreen><\/iframe><\/p>\n","protected":false},"excerpt":{"rendered":"<p><strong>Compex Webtech Short Knee Support er en liten og lett knest\u00f8tte som p\u00e5 grunn av sin unike og intelligente design anbefales ved smerter p\u00e5 forsiden av kneet, for eksempel ved l\u00f8per- og hopperkne. Passer for b\u00e5de h\u00f8yre og venstre kne <\/strong><\/p>\n<p>https:\/\/www.youtube.com\/watch?v=00TC7Jtjqs8<\/p>\n","protected":false},"featured_media":78205,"comment_status":"closed","ping_status":"closed","template":"","meta":{"_acf_changed":false},"product_brand":[3115],"product_cat":[1981,2013,2014,2007,1978,2010,1937,1976,1933,2016,2089],"product_tag":[2019],"class_list":{"0":"post-78191","1":"product","2":"type-product","3":"status-publish","4":"has-post-thumbnail","6":"product_brand-compex","7":"product_cat-artrose-menisk-bruskskade","8":"product_cat-compex-no-2","9":"product_cat-compex-knestoetter","10":"product_cat-donjoy-performance-no","11":"product_cat-knestoetter","12":"product_cat-loeperkne","13":"product_cat-merkevarer","14":"product_cat-overbelastning-no","15":"product_cat-skinner-og-stoetteskinner","16":"product_cat-uttak","17":"product_cat-webtech-no","18":"product_tag-compex-no","20":"first","21":"outofstock","22":"sale","23":"taxable","24":"shipping-taxable","25":"purchasable","26":"product-type-variable"},"acf":[],"_links":{"self":[{"href":"https:\/\/fysiolab.dk\/no\/wp-json\/wp\/v2\/product\/78191","targetHints":{"allow":["GET"]}}],"collection":[{"href":"https:\/\/fysiolab.dk\/no\/wp-json\/wp\/v2\/product"}],"about":[{"href":"https:\/\/fysiolab.dk\/no\/wp-json\/wp\/v2\/types\/product"}],"replies":[{"embeddable":true,"href":"https:\/\/fysiolab.dk\/no\/wp-json\/wp\/v2\/comments?post=78191"}],"wp:featuredmedia":[{"embeddable":true,"href":"https:\/\/fysiolab.dk\/no\/wp-json\/wp\/v2\/media\/78205"}],"wp:attachment":[{"href":"https:\/\/fysiolab.dk\/no\/wp-json\/wp\/v2\/media?parent=78191"}],"wp:term":[{"taxonomy":"product_brand","embeddable":true,"href":"https:\/\/fysiolab.dk\/no\/wp-json\/wp\/v2\/product_brand?post=78191"},{"taxonomy":"product_cat","embeddable":true,"href":"https:\/\/fysiolab.dk\/no\/wp-json\/wp\/v2\/product_cat?post=78191"},{"taxonomy":"product_tag","embeddable":true,"href":"https:\/\/fysiolab.dk\/no\/wp-json\/wp\/v2\/product_tag?post=78191"}],"curies":[{"name":"wp","href":"https:\/\/api.w.org\/{rel}","templated":true}]}}