{"id":78199,"date":"2023-07-16T12:44:19","date_gmt":"2023-07-16T10:44:19","guid":{"rendered":"https:\/\/fysiolab.dk\/product\/donjoy-elbow-custom-edition-albueskinne\/"},"modified":"2025-12-18T09:22:48","modified_gmt":"2025-12-18T08:22:48","slug":"donjoy-elbow-custom-edition-albueskinne","status":"publish","type":"product","link":"https:\/\/fysiolab.dk\/no\/product\/donjoy-elbow-custom-edition-albueskinne\/","title":{"rendered":"DonJoy Elbow Custom Edition albueskinne"},"content":{"rendered":"<h3><strong>Optimal anvendelse<\/strong><\/h3>\n<p><span id=\"Anthem_ctl00_ContentRegion_descriptionLabelLeft__\"><span id=\"ctl00_ContentRegion_descriptionLabelLeft\" class=\"text\">DonJoy Custom Edition Elbow er den sterke bilaterale albueskinnen. Den er konstruert av en karbonfiberramme og bilaterale polysentriske l\u00e5ser som gir medial og lateral ligamentst\u00f8tte, instabilitet og kontroll av hyperekstensjon. L\u00e5sene har justerbare fleksjons- og ekstensjonsstropper som gj\u00f8r at du kan tilpasse dem til individuelle bevegelsesutslag og gi maksimal st\u00f8tte.  <\/span><\/span><\/p>\n<p><b>Fordeler og funksjon<\/b><\/p>\n<p>- Skreddersydd og individuelt st\u00f8pt for optimal passform og funksjon<\/p>\n<p>- Lav profil for enkel passform under uniformer og kl\u00e6r<\/p>\n<p>-Inkluderer patentert suprakondyl\u00e6r pute medialt og luftkondylpolstring for komfort og for \u00e5 forhindre migrasjon.<\/p>\n<p>- 16 individuelle fargealternativer, 6 grafiske m\u00f8nstre og 18 graderingsalternativer for et individuelt utseende<\/p>\n<p>-Stoppsett inkluderer: Fleksjonsstopp - 45\u00b0, 60\u00b0, 75\u00b0 og 90\u00b0, ekstensjonsstopp - 0\u00b0, 10\u00b0, 20\u00b0, 30\u00b0 og 40\u00b0.<\/p>\n<p><em><strong>Denne skinnen er en spesialtilpasset skinne og det er mulig \u00e5 kj\u00f8pe til en fysisk konsultasjon med FysioLabs fysioterapeuter. Pris 495,- Hvis du er i tvil, kontakt Erik eller Kristian p\u00e5 tlf: 9272 4444   <\/strong><\/em><\/p>\n","protected":false},"excerpt":{"rendered":"<p><strong>DonJoy Elbow Custom er den sterkeste og beste albuest\u00f8tten p\u00e5 markedet. Gir optimal beskyttelse og passer perfekt til albuen din. Skreddersydd spenne bare for deg!  <\/p>\n<p><\/strong><\/p>\n","protected":false},"featured_media":78211,"comment_status":"closed","ping_status":"closed","template":"","meta":{"_acf_changed":false},"product_brand":[3091],"product_cat":[1932,2021,2092,1938,2094,2091,1937,1933,2093],"product_tag":[2173],"class_list":{"0":"post-78199","1":"product","2":"type-product","3":"status-publish","4":"has-post-thumbnail","6":"product_brand-donjoy","7":"product_cat-albue-no","8":"product_cat-albuebeskyttelse-for-sport","9":"product_cat-brudd-i-albuen","10":"product_cat-donjoy-no","11":"product_cat-donjoy-albuestoette-no","12":"product_cat-hyperekstensjon-av-albuen-hyperekstensjon","13":"product_cat-merkevarer","14":"product_cat-skinner-og-stoetteskinner","15":"product_cat-skreddersydd-albuestoette","16":"product_tag-donjoy-no","17":"product_shipping_class-dropshipping-no","19":"first","20":"instock","21":"taxable","22":"shipping-taxable","23":"purchasable","24":"product-type-variable"},"acf":[],"_links":{"self":[{"href":"https:\/\/fysiolab.dk\/no\/wp-json\/wp\/v2\/product\/78199","targetHints":{"allow":["GET"]}}],"collection":[{"href":"https:\/\/fysiolab.dk\/no\/wp-json\/wp\/v2\/product"}],"about":[{"href":"https:\/\/fysiolab.dk\/no\/wp-json\/wp\/v2\/types\/product"}],"replies":[{"embeddable":true,"href":"https:\/\/fysiolab.dk\/no\/wp-json\/wp\/v2\/comments?post=78199"}],"wp:featuredmedia":[{"embeddable":true,"href":"https:\/\/fysiolab.dk\/no\/wp-json\/wp\/v2\/media\/78211"}],"wp:attachment":[{"href":"https:\/\/fysiolab.dk\/no\/wp-json\/wp\/v2\/media?parent=78199"}],"wp:term":[{"taxonomy":"product_brand","embeddable":true,"href":"https:\/\/fysiolab.dk\/no\/wp-json\/wp\/v2\/product_brand?post=78199"},{"taxonomy":"product_cat","embeddable":true,"href":"https:\/\/fysiolab.dk\/no\/wp-json\/wp\/v2\/product_cat?post=78199"},{"taxonomy":"product_tag","embeddable":true,"href":"https:\/\/fysiolab.dk\/no\/wp-json\/wp\/v2\/product_tag?post=78199"}],"curies":[{"name":"wp","href":"https:\/\/api.w.org\/{rel}","templated":true}]}}