{"id":78216,"date":"2023-07-16T12:43:56","date_gmt":"2023-07-16T10:43:56","guid":{"rendered":"https:\/\/fysiolab.dk\/product\/donjoy-gipsbeskyttelse-arm-ben-og-kne\/"},"modified":"2025-12-18T09:22:48","modified_gmt":"2025-12-18T08:22:48","slug":"donjoy-gipsbeskyttelse-arm-ben-og-kne","status":"publish","type":"product","link":"https:\/\/fysiolab.dk\/no\/product\/donjoy-gipsbeskyttelse-arm-ben-og-kne\/","title":{"rendered":"DonJoy Gipsbeskyttelse (arm, ben og kne)"},"content":{"rendered":"<h3><strong>Optimal anvendelse<\/strong><\/h3>\n<p>DonJoy Protection Cover brukes p\u00e5 utsiden av arm- eller benbandasjen\/ gipset. Trekket er vannavvisende og beskytter gipsen under dusjing. Trekket kan vaskes og brukes opptil 50 ganger. Trekket kan brukes b\u00e5de i dusjen og til sv\u00f8mming.   <\/p>\n<p><strong>Trekket passer til b\u00e5de h\u00f8yre og venstre arm\/ben<\/strong><\/p>\n<p><strong>St\u00f8rrelsesguide<\/strong><\/p>\n<p><strong>Dekselet er tilgjengelig for f\u00f8lgende:<\/strong><\/p>\n<ul>\n<li><strong>Arm for voksen (lengde 60 cm)<\/strong><\/li>\n<li><strong>Arm for barn (lengde 45 cm)<\/strong><\/li>\n<li><strong>Ben for voksen (lengde 60 cm)<\/strong><\/li>\n<li><strong>Ben for barn (lengde 45 cm)<\/strong><\/li>\n<li><strong>Kne\/albue (lengde 50 cm)<\/strong><\/li>\n<\/ul>\n<p>&nbsp;<\/p>\n<p>&nbsp;<\/p>\n","protected":false},"excerpt":{"rendered":"<p><strong>DonJoy Protection Cover brukes til \u00e5 beskytte arm- og benplaster mot vann n\u00e5r du dusjer. Modellen passer til b\u00e5de h\u00f8yre og venstre arm\/ben. Finnes ogs\u00e5 i barnest\u00f8rrelse. Kan vaskes og gjenbrukes ca. 50 ganger ved riktig bruk.     <\/strong><\/p>\n","protected":false},"featured_media":78229,"comment_status":"closed","ping_status":"closed","template":"","meta":{"_acf_changed":false},"product_brand":[3091],"product_cat":[2103,2101,2102,2104,2105,1938,2106,2107,1978,1937,1933],"product_tag":[2173],"class_list":{"0":"post-78216","1":"product","2":"type-product","3":"status-publish","4":"has-post-thumbnail","6":"product_brand-donjoy","7":"product_cat-armbrudd-barn-armvern-i-gips-for-barn","8":"product_cat-beskyttelse-av-gips","9":"product_cat-brukket-arm-arm-i-gips","10":"product_cat-brukket-ben-gipset-benbeskyttelse-donjoy-protection-cover","11":"product_cat-brukket-ben-barn-gipset-beskyttelsesben-for-barn","12":"product_cat-donjoy-no","13":"product_cat-donjoy-gipsbeskyttelse-no","14":"product_cat-fraktur-og-etter-kneoperasjon-postoperativ","15":"product_cat-knestoetter","16":"product_cat-merkevarer","17":"product_cat-skinner-og-stoetteskinner","18":"product_tag-donjoy-no","20":"first","21":"instock","22":"taxable","23":"shipping-taxable","24":"purchasable","25":"product-type-variable"},"acf":[],"_links":{"self":[{"href":"https:\/\/fysiolab.dk\/no\/wp-json\/wp\/v2\/product\/78216","targetHints":{"allow":["GET"]}}],"collection":[{"href":"https:\/\/fysiolab.dk\/no\/wp-json\/wp\/v2\/product"}],"about":[{"href":"https:\/\/fysiolab.dk\/no\/wp-json\/wp\/v2\/types\/product"}],"replies":[{"embeddable":true,"href":"https:\/\/fysiolab.dk\/no\/wp-json\/wp\/v2\/comments?post=78216"}],"wp:featuredmedia":[{"embeddable":true,"href":"https:\/\/fysiolab.dk\/no\/wp-json\/wp\/v2\/media\/78229"}],"wp:attachment":[{"href":"https:\/\/fysiolab.dk\/no\/wp-json\/wp\/v2\/media?parent=78216"}],"wp:term":[{"taxonomy":"product_brand","embeddable":true,"href":"https:\/\/fysiolab.dk\/no\/wp-json\/wp\/v2\/product_brand?post=78216"},{"taxonomy":"product_cat","embeddable":true,"href":"https:\/\/fysiolab.dk\/no\/wp-json\/wp\/v2\/product_cat?post=78216"},{"taxonomy":"product_tag","embeddable":true,"href":"https:\/\/fysiolab.dk\/no\/wp-json\/wp\/v2\/product_tag?post=78216"}],"curies":[{"name":"wp","href":"https:\/\/api.w.org\/{rel}","templated":true}]}}