{"id":78234,"date":"2023-07-16T12:40:46","date_gmt":"2023-07-16T10:40:46","guid":{"rendered":"https:\/\/fysiolab.dk\/product\/aircast-hygienedeksel\/"},"modified":"2025-12-18T09:22:52","modified_gmt":"2025-12-18T08:22:52","slug":"aircast-hygienedeksel","status":"publish","type":"product","link":"https:\/\/fysiolab.dk\/no\/product\/aircast-hygienedeksel\/","title":{"rendered":"AIRCAST HYGIENEDEKSEL"},"content":{"rendered":"<h4><strong>Optimal anvendelse<\/strong><\/h4>\n<p>Hygienetrekk, beregnet for bruk over Aircast rullatorer. Dette trekket er beregnet for innend\u00f8rs bruk. Det beskytter overflater mot smuss fra s\u00e5lene p\u00e5 rullatorene (tepper, m\u00f8bler og senget\u00f8y). Ikke egnet for utend\u00f8rs bruk. Se v\u00e5rt Aircast-v\u00e6rtrekk her:    <\/p>\n<p><a href=\"https:\/\/fysiolab.dk\/no\/product\/aircast-vaerbeskyttelse\/\">https:\/\/fysiolab.dk\/produkt\/aircast-weather-cover\/<\/a><\/p>\n<p><strong>Fordeler og funksjoner<\/strong><\/p>\n<ul>\n<li>Laget av pustende nylonmateriale<\/li>\n<li>Enkel \u00e5 bruke<\/li>\n<li>Sklisikker s\u00e5le<\/li>\n<\/ul>\n<p><strong>St\u00f8rrelsesguide<\/strong><\/p>\n<p><strong>Bestilles i henhold til st\u00f8rrelsen p\u00e5 rullatorskinnen den skal brukes til<br \/>\n<\/strong><\/p>\n<p><strong>Str Walker Str-cover<\/strong><\/p>\n<p><strong>XS - S S<\/strong><\/p>\n<p><strong>M\/L M\/L<\/strong><\/p>\n<p><strong>XL XL<\/strong><\/p>\n","protected":false},"excerpt":{"rendered":"<p><strong>Hygienetrekk for innend\u00f8rs bruk. Beskytter mot smuss og skift, slik at du kan bruke st\u00f8velen b\u00e5de p\u00e5 jobb og hjemme <\/strong><\/p>\n","protected":false},"featured_media":78240,"comment_status":"closed","ping_status":"closed","template":"","meta":{"_acf_changed":false},"product_brand":[3092],"product_cat":[2079,2080,2039,1933,2081,2035],"product_tag":[2614],"class_list":{"0":"post-78234","1":"product","2":"type-product","3":"status-publish","4":"has-post-thumbnail","6":"product_brand-aircast","7":"product_cat-akillesseneruptur-ruptur-av-akillessenen","8":"product_cat-brudd-i-underbenet-brudd-i-tibia","9":"product_cat-brudd-og-smerter-i-foten-benbrudd-i-foten","10":"product_cat-skinner-og-stoetteskinner","11":"product_cat-tilbehoer","12":"product_cat-walkerstoevler-og-tilbehoer","13":"product_tag-aircast-no","15":"first","16":"instock","17":"taxable","18":"shipping-taxable","19":"purchasable","20":"product-type-variable"},"acf":[],"_links":{"self":[{"href":"https:\/\/fysiolab.dk\/no\/wp-json\/wp\/v2\/product\/78234","targetHints":{"allow":["GET"]}}],"collection":[{"href":"https:\/\/fysiolab.dk\/no\/wp-json\/wp\/v2\/product"}],"about":[{"href":"https:\/\/fysiolab.dk\/no\/wp-json\/wp\/v2\/types\/product"}],"replies":[{"embeddable":true,"href":"https:\/\/fysiolab.dk\/no\/wp-json\/wp\/v2\/comments?post=78234"}],"wp:featuredmedia":[{"embeddable":true,"href":"https:\/\/fysiolab.dk\/no\/wp-json\/wp\/v2\/media\/78240"}],"wp:attachment":[{"href":"https:\/\/fysiolab.dk\/no\/wp-json\/wp\/v2\/media?parent=78234"}],"wp:term":[{"taxonomy":"product_brand","embeddable":true,"href":"https:\/\/fysiolab.dk\/no\/wp-json\/wp\/v2\/product_brand?post=78234"},{"taxonomy":"product_cat","embeddable":true,"href":"https:\/\/fysiolab.dk\/no\/wp-json\/wp\/v2\/product_cat?post=78234"},{"taxonomy":"product_tag","embeddable":true,"href":"https:\/\/fysiolab.dk\/no\/wp-json\/wp\/v2\/product_tag?post=78234"}],"curies":[{"name":"wp","href":"https:\/\/api.w.org\/{rel}","templated":true}]}}