{"id":78235,"date":"2023-07-16T12:41:04","date_gmt":"2023-07-16T10:41:04","guid":{"rendered":"https:\/\/fysiolab.dk\/product\/compex-sport-4-0-muskelstimulator\/"},"modified":"2025-12-18T09:22:50","modified_gmt":"2025-12-18T08:22:50","slug":"compex-sport-4-0-muskelstimulator","status":"publish","type":"product","link":"https:\/\/fysiolab.dk\/no\/product\/compex-sport-4-0-muskelstimulator\/","title":{"rendered":"COMPEX Sport 4.0 muskelstimulator"},"content":{"rendered":"<p><span id=\"Anthem_ctl00_ContentRegion_descriptionLabelLeft__\"><span id=\"ctl00_ContentRegion_descriptionLabelLeft\" class=\"text\">Compex muskelstimulator sport 4.0 er en del av den nye sport-serien og er det optimale verkt\u00f8yet for din treningsplan. Med muskelstimulatoren kan du trene to muskelgrupper samtidig. Trening med stimulatoren kan \u00f8ke utholdenheten din, redusere smerte, forbedre restitusjonen og gi deg ulike treningsprogrammer.    <strong>ALT DU TRENGER ER INKLUDERT<\/strong><\/span><\/span><\/p>\n<p><strong><em>For r\u00e5d og veiledning i forbindelse med ditt kj\u00f8p er du alltid velkommen til \u00e5 kontakte FysioLabs fysioterapeut Kristian Simonsen 92724444 (3)<\/em><\/strong><\/p>\n<p><strong>Inkludert:<\/strong><\/p>\n<p>1 stimulator<\/p>\n<p>1 lader<\/p>\n<p>1 sett med kabler, 4 push-on<\/p>\n<p>1 Mi senor-kabel <\/p>\n<p>1 pakke med elektroder, 5&#215;5 (8 stk.)<\/p>\n<p>1 pakke med elektroder, 5&#215;10 (4 stk)<\/p>\n<p>1 CD-ROM brukerh\u00e5ndbok<\/p>\n<p>1 hurtigveiledning<\/p>\n<p>1 transportkoffert<\/p>\n<p><iframe title=\"Compex Sport Elite Muscle Stimulator- 9 Programs\" width=\"800\" height=\"450\" src=\"https:\/\/www.youtube.com\/embed\/QWdK2lOGL2U?feature=oembed\" frameborder=\"0\" allow=\"accelerometer; autoplay; clipboard-write; encrypted-media; gyroscope; picture-in-picture; web-share\" referrerpolicy=\"strict-origin-when-cross-origin\" allowfullscreen><\/iframe><\/p>\n","protected":false},"excerpt":{"rendered":"<p><strong>COMPEX Sport 4.0 er en del av den nye sportsserien - optimal for din trening og rehabilitering. Sikker og effektiv muskeltrening uten bruk av vekter. Optimaliser hjemmetreningen din med denne intelligente enheten.  <\/strong><\/p>\n<p><em><strong>FysioLab er den eneste danske Compex-forhandleren hvor du er garantert dansk r\u00e5dgivning og veiledning n\u00e5r du kj\u00f8per, og v\u00e5r fysioterapeut er alltid tilgjengelig for \u00e5 hjelpe deg b\u00e5de f\u00f8r og etter kj\u00f8pet!<\/strong><\/em><\/p>\n<p>https:\/\/www.youtube.com\/watch?v=q8aootOkWms<\/p>\n","protected":false},"featured_media":78243,"comment_status":"closed","ping_status":"closed","template":"","meta":{"_acf_changed":false},"product_brand":[],"product_cat":[2008,2013,2029,2030,2007,1950,2020,1937,1933],"product_tag":[2019],"class_list":{"0":"post-78235","1":"product","2":"type-product","3":"status-publish","4":"has-post-thumbnail","6":"product_cat-compex-no","7":"product_cat-compex-no-2","8":"product_cat-compex-muskelstimulator-no","9":"product_cat-compex-muskelstimulator-no-2","10":"product_cat-donjoy-performance-no","11":"product_cat-elektroterapi","12":"product_cat-julegaveideer-no","13":"product_cat-merkevarer","14":"product_cat-skinner-og-stoetteskinner","15":"product_tag-compex-no","17":"first","18":"instock","19":"taxable","20":"shipping-taxable","21":"purchasable","22":"product-type-simple"},"acf":[],"_links":{"self":[{"href":"https:\/\/fysiolab.dk\/no\/wp-json\/wp\/v2\/product\/78235","targetHints":{"allow":["GET"]}}],"collection":[{"href":"https:\/\/fysiolab.dk\/no\/wp-json\/wp\/v2\/product"}],"about":[{"href":"https:\/\/fysiolab.dk\/no\/wp-json\/wp\/v2\/types\/product"}],"replies":[{"embeddable":true,"href":"https:\/\/fysiolab.dk\/no\/wp-json\/wp\/v2\/comments?post=78235"}],"wp:featuredmedia":[{"embeddable":true,"href":"https:\/\/fysiolab.dk\/no\/wp-json\/wp\/v2\/media\/78243"}],"wp:attachment":[{"href":"https:\/\/fysiolab.dk\/no\/wp-json\/wp\/v2\/media?parent=78235"}],"wp:term":[{"taxonomy":"product_brand","embeddable":true,"href":"https:\/\/fysiolab.dk\/no\/wp-json\/wp\/v2\/product_brand?post=78235"},{"taxonomy":"product_cat","embeddable":true,"href":"https:\/\/fysiolab.dk\/no\/wp-json\/wp\/v2\/product_cat?post=78235"},{"taxonomy":"product_tag","embeddable":true,"href":"https:\/\/fysiolab.dk\/no\/wp-json\/wp\/v2\/product_tag?post=78235"}],"curies":[{"name":"wp","href":"https:\/\/api.w.org\/{rel}","templated":true}]}}