{"id":78247,"date":"2023-07-16T12:40:45","date_gmt":"2023-07-16T10:40:45","guid":{"rendered":"https:\/\/fysiolab.dk\/product\/procare-akilleskile\/"},"modified":"2025-12-18T09:22:52","modified_gmt":"2025-12-18T08:22:52","slug":"procare-akilleskile","status":"publish","type":"product","link":"https:\/\/fysiolab.dk\/no\/product\/procare-akilleskile\/","title":{"rendered":"PROCARE AKILLESKILE"},"content":{"rendered":"<h4><strong>Optimal anvendelse<\/strong><\/h4>\n<p>Akilleskilen er en 10 cm lang, skumpolstret neoprenkile som passer inn i alle lukkede Walkers. Hver av de 4 seksjonene m\u00e5ler 2,5 cm og kan \"skrelles bort\" til \u00f8nsket h\u00f8yde under rehabiliteringen, slik at akillessenen f\u00e5r de rette forholdene etter en ruptur. <\/p>\n<p><strong>Fordeler og funksjoner<\/strong><\/p>\n<ul>\n<li>4 x 2,5 cm seksjoner som kan \"skrelles bort<\/li>\n<li>Muliggj\u00f8r justering og tilpasning under rehabiliteringen<\/li>\n<\/ul>\n<p><strong>St\u00f8rrelsesguide<\/strong><\/p>\n<p><strong>Akilleskilen leveres i 1 universalst\u00f8rrelse<\/strong><\/p>\n<p><iframe title=\"The Benefits of An Achilles Wedge Kit in Moon Boot For Achilles Tendon Injury - Sportreat Palmyra\" width=\"800\" height=\"450\" src=\"https:\/\/www.youtube.com\/embed\/feXbJsbGMZI?feature=oembed\" frameborder=\"0\" allow=\"accelerometer; autoplay; clipboard-write; encrypted-media; gyroscope; picture-in-picture; web-share\" referrerpolicy=\"strict-origin-when-cross-origin\" allowfullscreen><\/iframe><\/p>\n","protected":false},"excerpt":{"rendered":"<p><strong>Muliggj\u00f8r riktig rehabilitering av akillessenen etter for eksempel en ruptur. Kan justeres i 4 forskjellige h\u00f8yder. Hvert lag er 2,5 cm  <\/strong><\/p>\n<p><strong>Kontakt v\u00e5re fysioterapeuter p\u00e5 tlf: 92724444 for sp\u00f8rsm\u00e5l om dette produktet<\/strong><\/p>\n","protected":false},"featured_media":78250,"comment_status":"closed","ping_status":"closed","template":"","meta":{"_acf_changed":false},"product_brand":[3139],"product_cat":[2079,1937,2000,2038,1933,2081,2035],"product_tag":[2264],"class_list":{"0":"post-78247","1":"product","2":"type-product","3":"status-publish","4":"has-post-thumbnail","6":"product_brand-procare","7":"product_cat-akillesseneruptur-ruptur-av-akillessenen","8":"product_cat-merkevarer","9":"product_cat-procare-no","10":"product_cat-procare-rullatorstoevler","11":"product_cat-skinner-og-stoetteskinner","12":"product_cat-tilbehoer","13":"product_cat-walkerstoevler-og-tilbehoer","14":"product_tag-procare-no","16":"first","17":"instock","18":"sale","19":"taxable","20":"shipping-taxable","21":"purchasable","22":"product-type-simple"},"acf":[],"_links":{"self":[{"href":"https:\/\/fysiolab.dk\/no\/wp-json\/wp\/v2\/product\/78247","targetHints":{"allow":["GET"]}}],"collection":[{"href":"https:\/\/fysiolab.dk\/no\/wp-json\/wp\/v2\/product"}],"about":[{"href":"https:\/\/fysiolab.dk\/no\/wp-json\/wp\/v2\/types\/product"}],"replies":[{"embeddable":true,"href":"https:\/\/fysiolab.dk\/no\/wp-json\/wp\/v2\/comments?post=78247"}],"wp:featuredmedia":[{"embeddable":true,"href":"https:\/\/fysiolab.dk\/no\/wp-json\/wp\/v2\/media\/78250"}],"wp:attachment":[{"href":"https:\/\/fysiolab.dk\/no\/wp-json\/wp\/v2\/media?parent=78247"}],"wp:term":[{"taxonomy":"product_brand","embeddable":true,"href":"https:\/\/fysiolab.dk\/no\/wp-json\/wp\/v2\/product_brand?post=78247"},{"taxonomy":"product_cat","embeddable":true,"href":"https:\/\/fysiolab.dk\/no\/wp-json\/wp\/v2\/product_cat?post=78247"},{"taxonomy":"product_tag","embeddable":true,"href":"https:\/\/fysiolab.dk\/no\/wp-json\/wp\/v2\/product_tag?post=78247"}],"curies":[{"name":"wp","href":"https:\/\/api.w.org\/{rel}","templated":true}]}}