{"id":78248,"date":"2023-07-16T12:41:03","date_gmt":"2023-07-16T10:41:03","guid":{"rendered":"https:\/\/fysiolab.dk\/product\/procare-nextep-contour-rullatorstoevel\/"},"modified":"2025-12-18T09:22:51","modified_gmt":"2025-12-18T08:22:51","slug":"procare-nextep-contour-rullatorstoevel","status":"publish","type":"product","link":"https:\/\/fysiolab.dk\/no\/product\/procare-nextep-contour-rullatorstoevel\/","title":{"rendered":"PROCARE NEXTEP CONTOUR RULLATORST\u00d8VEL"},"content":{"rendered":"<h4><strong>Optimal anvendelse<\/strong><\/h4>\n<p>Lett, slitesterk, helst\u00f8pt bandasje i ett stykke som gir maksimal immobilisering og st\u00f8tte etter behandling av leddb\u00e5nd og sener, osteotomi, stiftfiksering, stressfrakturer eller postoperativ knekirurgi. Den unike wrap-around-skalldesignen gj\u00f8r det mulig med st\u00f8rre leggbredder. Den lave profilen og s\u00e5len med avrundet og polstret h\u00e6l absorberer trykket fra h\u00e6len n\u00e5r du g\u00e5r, og \u00f8ker komforten n\u00e5r du beveger deg. Vaskbart nylonskumf\u00f4r med avtagbar t\u00e5hette.     <strong>Passer b\u00e5de til venstre og h\u00f8yre.  <\/strong><\/p>\n<p><strong>St\u00f8rrelsesguide<\/strong><\/p>\n<p><strong>Sortert etter skost\u00f8rrelse (se video med instruksjoner lenger ned i teksten)<\/strong><\/p>\n<p><strong>Skost\u00f8rrelse Str.  <\/strong><\/p>\n<p><strong>&lt;37 S<\/strong><\/p>\n<p><strong>37-42 M<\/strong><\/p>\n<p><strong>+42 L<\/strong><\/p>\n<p><strong>Kontakt FysioLabs fysioterapeuter p\u00e5 tlf. 9272 4444 for sp\u00f8rsm\u00e5l og veiledning<\/strong><\/p>\n<p>&nbsp;<\/p>\n<p><iframe title=\"Skost\u00f8rrelsesvejledning sko FysioLab\" width=\"800\" height=\"450\" src=\"https:\/\/www.youtube.com\/embed\/uG9ZtXDPSMM?feature=oembed\" frameborder=\"0\" allow=\"accelerometer; autoplay; clipboard-write; encrypted-media; gyroscope; picture-in-picture; web-share\" referrerpolicy=\"strict-origin-when-cross-origin\" allowfullscreen><\/iframe><\/p>\n","protected":false},"excerpt":{"rendered":"<p><strong>Lettvektsskinne med slitesterk wrap-around i ett stykke. Egnet for leddb\u00e5ndsskader, stressfrakturer og postoperative tilstander. Passer til b\u00e5de h\u00f8yre og venstre fot.  <\/strong><\/p>\n<p>&nbsp;<\/p>\n","protected":false},"featured_media":78256,"comment_status":"closed","ping_status":"closed","template":"","meta":{"_acf_changed":false},"product_brand":[3139],"product_cat":[2080,1937,2000,2038,1933,2035],"product_tag":[2264],"class_list":{"0":"post-78248","1":"product","2":"type-product","3":"status-publish","4":"has-post-thumbnail","6":"product_brand-procare","7":"product_cat-brudd-i-underbenet-brudd-i-tibia","8":"product_cat-merkevarer","9":"product_cat-procare-no","10":"product_cat-procare-rullatorstoevler","11":"product_cat-skinner-og-stoetteskinner","12":"product_cat-walkerstoevler-og-tilbehoer","13":"product_tag-procare-no","15":"first","16":"instock","17":"taxable","18":"shipping-taxable","19":"purchasable","20":"product-type-variable"},"acf":[],"_links":{"self":[{"href":"https:\/\/fysiolab.dk\/no\/wp-json\/wp\/v2\/product\/78248","targetHints":{"allow":["GET"]}}],"collection":[{"href":"https:\/\/fysiolab.dk\/no\/wp-json\/wp\/v2\/product"}],"about":[{"href":"https:\/\/fysiolab.dk\/no\/wp-json\/wp\/v2\/types\/product"}],"replies":[{"embeddable":true,"href":"https:\/\/fysiolab.dk\/no\/wp-json\/wp\/v2\/comments?post=78248"}],"wp:featuredmedia":[{"embeddable":true,"href":"https:\/\/fysiolab.dk\/no\/wp-json\/wp\/v2\/media\/78256"}],"wp:attachment":[{"href":"https:\/\/fysiolab.dk\/no\/wp-json\/wp\/v2\/media?parent=78248"}],"wp:term":[{"taxonomy":"product_brand","embeddable":true,"href":"https:\/\/fysiolab.dk\/no\/wp-json\/wp\/v2\/product_brand?post=78248"},{"taxonomy":"product_cat","embeddable":true,"href":"https:\/\/fysiolab.dk\/no\/wp-json\/wp\/v2\/product_cat?post=78248"},{"taxonomy":"product_tag","embeddable":true,"href":"https:\/\/fysiolab.dk\/no\/wp-json\/wp\/v2\/product_tag?post=78248"}],"curies":[{"name":"wp","href":"https:\/\/api.w.org\/{rel}","templated":true}]}}