{"id":78258,"date":"2023-07-16T12:40:45","date_gmt":"2023-07-16T10:40:45","guid":{"rendered":"https:\/\/fysiolab.dk\/product\/procare-hals-halskrage-universal-clinic-collar\/"},"modified":"2025-12-18T09:22:52","modified_gmt":"2025-12-18T08:22:52","slug":"procare-hals-halskrage-universal-clinic-collar","status":"publish","type":"product","link":"https:\/\/fysiolab.dk\/no\/product\/procare-hals-halskrage-universal-clinic-collar\/","title":{"rendered":"PROCARE hals-\/halskrage Universal Clinic Collar"},"content":{"rendered":"<h4><strong>Optimal anvendelse<\/strong><\/h4>\n<p>Nakkekrage av skum med middels tetthet for jevn passform og st\u00f8tte. Passer til mange halsst\u00f8rrelser. Nakkekragen er lateksfri. Leveres i en lengde p\u00e5 60 cm som du kan klippe til og justere slik at den passer til nakken din. Ideell for \u00e5 st\u00f8tte nakkevirvlene i n\u00f8ytral stilling    <\/p>\n<p><strong>Farge: Hvit<\/strong><\/p>\n<p><strong>St\u00f8rrelsesguide<\/strong><\/p>\n<p><strong>Halsb\u00e5ndet har en universell lengde, men er tilgjengelig i 3 forskjellige h\u00f8yder. Lengden p\u00e5 halsb\u00e5ndet er 60 cm og kan tilpasses til den enkelte <\/strong><\/p>\n<p><strong>3 forskjellige h\u00f8yder<\/strong><\/p>\n<p><a href=\"https:\/\/dev.fysiolab.dk\/wp-content\/uploads\/2025\/05\/X5.png\"><img fetchpriority=\"high\" decoding=\"async\" class=\"alignnone size-medium wp-image-202392654\" src=\"https:\/\/dev.fysiolab.dk\/wp-content\/uploads\/2025\/05\/X5-300x168.png\" alt=\"\" width=\"300\" height=\"168\" title=\"\"><\/a><\/p>\n<p><strong>6,5 cm<\/strong><\/p>\n<p><strong>7,5 cm<\/strong><\/p>\n<p><strong>10 cm<\/strong><\/p>\n<p>&nbsp;<\/p>\n","protected":false},"excerpt":{"rendered":"<p><strong>Nakkekrage til postoperativ bruk og etter nakkesleng. Anbefales ogs\u00e5 for nakkestillinger der musklene trenger hvile. Nyttig p\u00e5 flyreiser n\u00e5r du trenger \u00e5 sove. Tilgjengelig i 3 h\u00f8yder: 6,5 - 7,5 og 10 cm   <\/p>\n<p><\/strong><\/p>\n<p>https:\/\/www.youtube.com\/watch?v=KxyE87KJTRU<\/p>\n","protected":false},"featured_media":78264,"comment_status":"closed","ping_status":"closed","template":"","meta":{"_acf_changed":false},"product_brand":[3139],"product_cat":[2114,1937,2112,2113,2000,2117,1933,2116,2115],"product_tag":[2264],"class_list":{"0":"post-78258","1":"product","2":"type-product","3":"status-publish","4":"has-post-thumbnail","6":"product_brand-procare","7":"product_cat-artrose-i-nakken","8":"product_cat-merkevarer","9":"product_cat-nakke-og-hals-no","10":"product_cat-nakkesleng-whiplash","11":"product_cat-procare-no","12":"product_cat-procare-hals-og-nakkekrage","13":"product_cat-skinner-og-stoetteskinner","14":"product_cat-smerter-i-nakken-no","15":"product_cat-stivhet-i-nakken","16":"product_tag-procare-no","18":"first","19":"instock","20":"taxable","21":"shipping-taxable","22":"purchasable","23":"product-type-variable"},"acf":[],"_links":{"self":[{"href":"https:\/\/fysiolab.dk\/no\/wp-json\/wp\/v2\/product\/78258","targetHints":{"allow":["GET"]}}],"collection":[{"href":"https:\/\/fysiolab.dk\/no\/wp-json\/wp\/v2\/product"}],"about":[{"href":"https:\/\/fysiolab.dk\/no\/wp-json\/wp\/v2\/types\/product"}],"replies":[{"embeddable":true,"href":"https:\/\/fysiolab.dk\/no\/wp-json\/wp\/v2\/comments?post=78258"}],"wp:featuredmedia":[{"embeddable":true,"href":"https:\/\/fysiolab.dk\/no\/wp-json\/wp\/v2\/media\/78264"}],"wp:attachment":[{"href":"https:\/\/fysiolab.dk\/no\/wp-json\/wp\/v2\/media?parent=78258"}],"wp:term":[{"taxonomy":"product_brand","embeddable":true,"href":"https:\/\/fysiolab.dk\/no\/wp-json\/wp\/v2\/product_brand?post=78258"},{"taxonomy":"product_cat","embeddable":true,"href":"https:\/\/fysiolab.dk\/no\/wp-json\/wp\/v2\/product_cat?post=78258"},{"taxonomy":"product_tag","embeddable":true,"href":"https:\/\/fysiolab.dk\/no\/wp-json\/wp\/v2\/product_tag?post=78258"}],"curies":[{"name":"wp","href":"https:\/\/api.w.org\/{rel}","templated":true}]}}