{"id":78259,"date":"2023-07-16T12:41:03","date_gmt":"2023-07-16T10:41:03","guid":{"rendered":"https:\/\/fysiolab.dk\/product\/aircast-vaerbeskyttelse\/"},"modified":"2025-12-18T09:22:51","modified_gmt":"2025-12-18T08:22:51","slug":"aircast-vaerbeskyttelse","status":"publish","type":"product","link":"https:\/\/fysiolab.dk\/no\/product\/aircast-vaerbeskyttelse\/","title":{"rendered":"AIRCAST V\u00c6RBESKYTTELSE"},"content":{"rendered":"<h4><strong>Optimal anvendelse<\/strong><\/h4>\n<p>Designet for bruk sammen med Aircast-st\u00f8vler\/gangst\u00f8vler for beskyttelse i d\u00e5rlig v\u00e6r.<\/p>\n<p><strong>Fordeler og funksjoner  <\/strong><\/p>\n<ul>\n<li>Laget av slitesterkt, vannavvisende materiale<\/li>\n<li>Tilgjengelig i 2 h\u00f8yder for standard (h\u00f8y) og korte modeller<\/li>\n<li>MERK at dekselet ikke dekker under s\u00e5len<\/li>\n<\/ul>\n<p><strong>St\u00f8rrelsesguide<\/strong><\/p>\n<p><strong>Bestilles i henhold til st\u00f8rrelsen p\u00e5 rullatorskinnen den skal brukes til<\/p>\n<p><\/strong><\/p>\n<p><strong>Str Walker Str-cover<\/strong><\/p>\n<p><strong>XS - S S<\/strong><\/p>\n<p><strong>M\/L M\/L<\/strong><\/p>\n<p><strong>XL XL<\/strong><\/p>\n<p><strong>Tilgjengelig i 3 st\u00f8rrelser for b\u00e5de standard rullator og kort rullator  <\/strong><\/p>\n<p><strong>Kort Walker:  <\/strong><\/p>\n<p>https:\/\/fysiolab.dk\/produkt\/aircast-airselect-short\/<\/p>\n<p><strong>Standard Walker:  <\/strong><\/p>\n<p>https:\/\/fysiolab.dk\/produkt\/aircast-airselect-standard\/<\/p>\n<p><strong>For ytterligere sp\u00f8rsm\u00e5l eller veiledning, vennligst kontakt FysioLabs fysioterapeuter p\u00e5 tlf: 9272 4444<\/strong><\/p>\n","protected":false},"excerpt":{"rendered":"<p><strong>Utviklet for bruk sammen med AirCast-g\u00e5st\u00f8vler for beskyttelse i d\u00e5rlig v\u00e6r. Tilgjengelig for b\u00e5de den korte og den vanlige AirCast-rullatoren   <\/strong><\/p>\n","protected":false},"featured_media":78279,"comment_status":"closed","ping_status":"closed","template":"","meta":{"_acf_changed":false},"product_brand":[3092],"product_cat":[2129,2130,2079,2080,2039,1937,1933,2081,2035],"product_tag":[2614],"class_list":{"0":"post-78259","1":"product","2":"type-product","3":"status-publish","4":"has-post-thumbnail","6":"product_brand-aircast","7":"product_cat-aircast-no","8":"product_cat-aircast-rullatorstoevler","9":"product_cat-akillesseneruptur-ruptur-av-akillessenen","10":"product_cat-brudd-i-underbenet-brudd-i-tibia","11":"product_cat-brudd-og-smerter-i-foten-benbrudd-i-foten","12":"product_cat-merkevarer","13":"product_cat-skinner-og-stoetteskinner","14":"product_cat-tilbehoer","15":"product_cat-walkerstoevler-og-tilbehoer","16":"product_tag-aircast-no","18":"first","19":"instock","20":"taxable","21":"shipping-taxable","22":"purchasable","23":"product-type-variable"},"acf":[],"_links":{"self":[{"href":"https:\/\/fysiolab.dk\/no\/wp-json\/wp\/v2\/product\/78259","targetHints":{"allow":["GET"]}}],"collection":[{"href":"https:\/\/fysiolab.dk\/no\/wp-json\/wp\/v2\/product"}],"about":[{"href":"https:\/\/fysiolab.dk\/no\/wp-json\/wp\/v2\/types\/product"}],"replies":[{"embeddable":true,"href":"https:\/\/fysiolab.dk\/no\/wp-json\/wp\/v2\/comments?post=78259"}],"wp:featuredmedia":[{"embeddable":true,"href":"https:\/\/fysiolab.dk\/no\/wp-json\/wp\/v2\/media\/78279"}],"wp:attachment":[{"href":"https:\/\/fysiolab.dk\/no\/wp-json\/wp\/v2\/media?parent=78259"}],"wp:term":[{"taxonomy":"product_brand","embeddable":true,"href":"https:\/\/fysiolab.dk\/no\/wp-json\/wp\/v2\/product_brand?post=78259"},{"taxonomy":"product_cat","embeddable":true,"href":"https:\/\/fysiolab.dk\/no\/wp-json\/wp\/v2\/product_cat?post=78259"},{"taxonomy":"product_tag","embeddable":true,"href":"https:\/\/fysiolab.dk\/no\/wp-json\/wp\/v2\/product_tag?post=78259"}],"curies":[{"name":"wp","href":"https:\/\/api.w.org\/{rel}","templated":true}]}}