{"id":78266,"date":"2023-07-16T12:40:44","date_gmt":"2023-07-16T10:40:44","guid":{"rendered":"https:\/\/fysiolab.dk\/product\/donjoy-dura-soft-skulderstoette\/"},"modified":"2025-12-18T09:22:53","modified_gmt":"2025-12-18T08:22:53","slug":"donjoy-dura-soft-skulderstoette","status":"publish","type":"product","link":"https:\/\/fysiolab.dk\/no\/product\/donjoy-dura-soft-skulderstoette\/","title":{"rendered":"DonJoy Dura Soft skulderst\u00f8tte"},"content":{"rendered":"<h4><strong>Optimal anvendelse  <\/strong><\/h4>\n<p>Gir kuldebehandling i 2-3 timer til skulderen ved akutte og kroniske skader eller etter operasjoner. Kuldebehandling kan redusere smerte og hevelse og bidra til raskere rehabilitering. Borrel\u00e5sstroppene s\u00f8rger for at bandasjen sitter komfortabelt og tett rundt leddet, og fordeler kulden til hele det \u00f8nskede omr\u00e5det. Leveres i en universalst\u00f8rrelse som kan tilpasses alle med stropper som gj\u00f8r det enkelt \u00e5 forkorte eller forlenge bandasjen.   <\/p>\n<p><strong>2 gjenbrukbare ispakker f\u00f8lger med.<\/strong><\/p>\n<p><strong>St\u00f8rrelsesguide<\/strong><\/p>\n<p><strong>Universell st\u00f8rrelse<\/strong><\/p>\n<p>https:\/\/www.youtube.com\/watch?v=NVTsL_baK70<\/p>\n","protected":false},"excerpt":{"rendered":"<p><strong>Tilbyr kuldebehandling i 2-3 timer p\u00e5 skulderen ved akutte og kroniske skader eller etter skulderoperasjoner. Sitter tett inntil skulderen for \u00e5 redusere smerte og fremme tilheling. 2 gjenbrukbare isposer medf\u00f8lger  <\/strong><\/p>\n<p>&nbsp;<\/p>\n","protected":false},"featured_media":78269,"comment_status":"closed","ping_status":"closed","template":"","meta":{"_acf_changed":false},"product_brand":[3091],"product_cat":[2123,1938,2126,2125,2119,2124,2120,2121,2122,1937,1941,1933,2118],"product_tag":[2173],"class_list":{"0":"post-78266","1":"product","2":"type-product","3":"status-publish","4":"has-post-thumbnail","6":"product_brand-donjoy","7":"product_cat-brudd-og-etter-operasjon-i-skulderen","8":"product_cat-donjoy-no","9":"product_cat-donjoy-kald-varmebehandling","10":"product_cat-donjoy-skulderstoette","11":"product_cat-kald-og-varmebehandling","12":"product_cat-kald-varmebehandling","13":"product_cat-kalde-pakninger","14":"product_cat-kalde-tetninger","15":"product_cat-kryoterapi","16":"product_cat-merkevarer","17":"product_cat-rekonvalesens-og-sportspleie","18":"product_cat-skinner-og-stoetteskinner","19":"product_cat-skulder-no","20":"product_tag-donjoy-no","22":"first","23":"instock","24":"taxable","25":"shipping-taxable","26":"purchasable","27":"product-type-simple"},"acf":[],"_links":{"self":[{"href":"https:\/\/fysiolab.dk\/no\/wp-json\/wp\/v2\/product\/78266","targetHints":{"allow":["GET"]}}],"collection":[{"href":"https:\/\/fysiolab.dk\/no\/wp-json\/wp\/v2\/product"}],"about":[{"href":"https:\/\/fysiolab.dk\/no\/wp-json\/wp\/v2\/types\/product"}],"replies":[{"embeddable":true,"href":"https:\/\/fysiolab.dk\/no\/wp-json\/wp\/v2\/comments?post=78266"}],"wp:featuredmedia":[{"embeddable":true,"href":"https:\/\/fysiolab.dk\/no\/wp-json\/wp\/v2\/media\/78269"}],"wp:attachment":[{"href":"https:\/\/fysiolab.dk\/no\/wp-json\/wp\/v2\/media?parent=78266"}],"wp:term":[{"taxonomy":"product_brand","embeddable":true,"href":"https:\/\/fysiolab.dk\/no\/wp-json\/wp\/v2\/product_brand?post=78266"},{"taxonomy":"product_cat","embeddable":true,"href":"https:\/\/fysiolab.dk\/no\/wp-json\/wp\/v2\/product_cat?post=78266"},{"taxonomy":"product_tag","embeddable":true,"href":"https:\/\/fysiolab.dk\/no\/wp-json\/wp\/v2\/product_tag?post=78266"}],"curies":[{"name":"wp","href":"https:\/\/api.w.org\/{rel}","templated":true}]}}