{"id":78281,"date":"2023-07-16T12:40:46","date_gmt":"2023-07-16T10:40:46","guid":{"rendered":"https:\/\/fysiolab.dk\/product\/aircast-airselect-kort-gaastoevel\/"},"modified":"2025-12-18T09:22:52","modified_gmt":"2025-12-18T08:22:52","slug":"aircast-airselect-kort-gaastoevel","status":"publish","type":"product","link":"https:\/\/fysiolab.dk\/no\/product\/aircast-airselect-kort-gaastoevel\/","title":{"rendered":"AIRCAST AIRSELECT KORT G\u00c5ST\u00d8VEL"},"content":{"rendered":"<h4><strong>Optimal anvendelse<\/strong><\/h4>\n<p>Med 3 luftceller, hvorav 2 er individuelt justerbare, gir Airselect Short utmerket st\u00f8tte for fot og ankel med enest\u00e5ende stabilitet og passform. Anbefales i tilfeller der det stilles st\u00f8rst krav til beskyttelse rundt fot- og ankelleddet. Den korte modellen gir st\u00f8rre bevegelsesfrihet i underbenet. Fremmer tilheling etter skader og operasjoner p\u00e5 underben og fot.     <strong>Passer b\u00e5de h\u00f8yre og venstre fot<\/strong><\/p>\n<p><strong>Fordeler og funksjoner<\/strong><\/p>\n<ul>\n<li>Til moderat niv\u00e5 av st\u00f8tte ved fotskader<\/li>\n<li>Spesielt utviklet for mellomfotsbrudd, forfots- og mellomfotsskader, akutt og postoperativ bruk og bl\u00f8tvevsskader<\/li>\n<li>Den fremre luftcellen er oppbl\u00e5st fra fabrikken, og 2 individuelt justerbare luftceller for avlastning av smertefulle omr\u00e5der<\/li>\n<\/ul>\n<p><strong>St\u00f8rrelsesguide<\/strong><\/p>\n<p><strong>Skinnen bestilles etter skost\u00f8rrelse (se video med instruksjoner lenger ned i teksten)<\/p>\n<p><\/strong><\/p>\n<p><strong>Sko st\u00f8rrelse Str<\/strong><\/p>\n<p><strong>&lt;35,5 XS<\/strong><\/p>\n<p><strong>35,5 - 39,5 S<\/strong><\/p>\n<p><strong>39,5 - 43 M<\/strong><\/p>\n<p><strong>43 - 47 L<\/strong><\/p>\n<p><strong>+47 XL<\/strong><\/p>\n<p><iframe title=\"Skost\u00f8rrelsesvejledning sko FysioLab\" width=\"800\" height=\"450\" src=\"https:\/\/www.youtube.com\/embed\/uG9ZtXDPSMM?feature=oembed\" frameborder=\"0\" allow=\"accelerometer; autoplay; clipboard-write; encrypted-media; gyroscope; picture-in-picture; web-share\" referrerpolicy=\"strict-origin-when-cross-origin\" allowfullscreen><\/iframe><\/p>\n<p><iframe title=\"How to fit the AirSelect Short Walking Boot\" width=\"800\" height=\"450\" src=\"https:\/\/www.youtube.com\/embed\/bvay6X1SPYU?feature=oembed\" frameborder=\"0\" allow=\"accelerometer; autoplay; clipboard-write; encrypted-media; gyroscope; picture-in-picture; web-share\" referrerpolicy=\"strict-origin-when-cross-origin\" allowfullscreen><\/iframe><\/p>\n<p>&nbsp;<\/p>\n<p>&nbsp;<\/p>\n<p>&nbsp;<\/p>\n","protected":false},"excerpt":{"rendered":"<p><strong>Denne unike korte Walker-st\u00f8velen anbefales ved brudd og smerter i fot, ankel og underben. Den korte modellen gir \u00f8kt komfort og fremmer tilheling etter brudd og kirurgi.  Passer b\u00e5de h\u00f8yre og venstre fot<\/strong><\/p>\n","protected":false},"featured_media":78290,"comment_status":"closed","ping_status":"closed","template":"","meta":{"_acf_changed":false},"product_brand":[3092],"product_cat":[2129,2130,2039,1937,1933,2035],"product_tag":[2614],"class_list":{"0":"post-78281","1":"product","2":"type-product","3":"status-publish","4":"has-post-thumbnail","6":"product_brand-aircast","7":"product_cat-aircast-no","8":"product_cat-aircast-rullatorstoevler","9":"product_cat-brudd-og-smerter-i-foten-benbrudd-i-foten","10":"product_cat-merkevarer","11":"product_cat-skinner-og-stoetteskinner","12":"product_cat-walkerstoevler-og-tilbehoer","13":"product_tag-aircast-no","15":"first","16":"instock","17":"taxable","18":"shipping-taxable","19":"purchasable","20":"product-type-variable"},"acf":[],"_links":{"self":[{"href":"https:\/\/fysiolab.dk\/no\/wp-json\/wp\/v2\/product\/78281","targetHints":{"allow":["GET"]}}],"collection":[{"href":"https:\/\/fysiolab.dk\/no\/wp-json\/wp\/v2\/product"}],"about":[{"href":"https:\/\/fysiolab.dk\/no\/wp-json\/wp\/v2\/types\/product"}],"replies":[{"embeddable":true,"href":"https:\/\/fysiolab.dk\/no\/wp-json\/wp\/v2\/comments?post=78281"}],"wp:featuredmedia":[{"embeddable":true,"href":"https:\/\/fysiolab.dk\/no\/wp-json\/wp\/v2\/media\/78290"}],"wp:attachment":[{"href":"https:\/\/fysiolab.dk\/no\/wp-json\/wp\/v2\/media?parent=78281"}],"wp:term":[{"taxonomy":"product_brand","embeddable":true,"href":"https:\/\/fysiolab.dk\/no\/wp-json\/wp\/v2\/product_brand?post=78281"},{"taxonomy":"product_cat","embeddable":true,"href":"https:\/\/fysiolab.dk\/no\/wp-json\/wp\/v2\/product_cat?post=78281"},{"taxonomy":"product_tag","embeddable":true,"href":"https:\/\/fysiolab.dk\/no\/wp-json\/wp\/v2\/product_tag?post=78281"}],"curies":[{"name":"wp","href":"https:\/\/api.w.org\/{rel}","templated":true}]}}