{"id":78305,"date":"2023-07-16T12:40:28","date_gmt":"2023-07-16T10:40:28","guid":{"rendered":"https:\/\/fysiolab.dk\/product\/donjoy-playmaker-ii-med-standard-ledddelt-kneboeyle\/"},"modified":"2025-12-18T09:22:54","modified_gmt":"2025-12-18T08:22:54","slug":"donjoy-playmaker-ii-med-standard-ledddelt-kneboeyle","status":"publish","type":"product","link":"https:\/\/fysiolab.dk\/no\/product\/donjoy-playmaker-ii-med-standard-ledddelt-kneboeyle\/","title":{"rendered":"DONJOY Playmaker II med standard ledddelt kneb\u00f8yle"},"content":{"rendered":"<h4><strong>Optimal anvendelse<\/strong><\/h4>\n<p>Selv mindre leddb\u00e5ndskader kan sette en stopper for vanlige aktiviteter. Playmaker II fra DonJoy med standard artikulasjon gir den stabiliteten og komforten som trengs for \u00e5 \u00f8ke bevegeligheten i idrett og hverdagsaktiviteter. Denne Playmaker-knest\u00f8tten finnes b\u00e5de i en ermet modell som du trekker opp over benet og en wraparound-modell som du \u00e5pner opp og plasserer rundt kneet\/benet.  <\/p>\n<p>Playmaker II er en videreutvikling av den popul\u00e6re Playmaker-skinnen, som har f\u00e5tt mye skryt av idrettsut\u00f8vere, fysioterapeuter og medisinske spesialister. Den nye skinnen har tynnere stoff og ingen s\u00f8mmer p\u00e5 baksiden av kneet, noe som gj\u00f8r skinnen mer komfortabel. Hvis du \u00f8nsker FourcePoint-teknologi i hengselleddet, b\u00f8r du velge Playmaker II Fourcepoint.  <\/p>\n<p>Skinnen anbefales for forebygging av kneskader eller ved moderate skader p\u00e5 fremre korsb\u00e5nd (ACL), mediale kollateralligament (MCL) og laterale kollateralligament (LCL).<\/p>\n<p>Skinnen forhindrer hyperekstensjon (overstrekking av kneet), vridning av kneet og holder kneet varmt og stabilt.<\/p>\n<p>Skinnen er egnet for h\u00e5ndball, fotball, l\u00f8ping og tennis. Ved moderate til alvorlige skader anbefales DonJoy 4-punktsskinner (Armor, Defiance, A22, FullForce osv.) som utgangspunkt.  Skinnen passer til b\u00e5de h\u00f8yre og venstre kne<\/p>\n<p><strong>Fordeler og funksjoner ved Playmaker II<\/strong><\/p>\n<ul>\n<li>Formpressede spenner gj\u00f8r det mulig \u00e5 justere stroppene raskt for en sikker og komfortabel passform<\/li>\n<li>Tilgjengelig i ermet og wraparound-modeller<\/li>\n<li>Laget av et materiale som puster og ikke blir for varmt under fysisk aktivitet<\/li>\n<li>DonJoys effektive DIII-hengselleddet tilbyr en design som er tilpasset for \u00e5 h\u00e5ndtere ROM-innstillinger<\/li>\n<\/ul>\n<p><strong>St\u00f8rrelsesguide<\/strong><\/p>\n<p><strong>M\u00e5l omkretsen av l\u00e5ret 15 cm over knesk\u00e5len og omkretsen der hvor leggen er st\u00f8rst (se videoen nedenfor)<\/strong><\/p>\n<p><strong>Rundt l\u00e5rene Rundt l\u00e5rene  Legg Str<\/strong><\/p>\n<p><strong>33-39 cm &lt;34 cm XS<\/strong><\/p>\n<p><strong>39-47 cm 35-36 cm S<\/strong><\/p>\n<p><strong>47-53 cm 37-38 cm M<\/strong><\/p>\n<p><strong>53-60 cm 39-41 cm L<\/strong><\/p>\n<p><strong>60-67 cm 42-44 cm XL<\/strong><\/p>\n<p><strong>67-75 cm 45-46 cm XXL<\/strong><\/p>\n<p><strong>75-81 cm &gt;46 cm XXXL<\/strong><\/p>\n<p><strong>FysioLabs fysioterapeut Erik viser deg hvordan du m\u00e5ler deg opp til denne gjenstanden p\u00e5 riktig m\u00e5te<\/strong><\/p>\n<p><iframe title=\"Opm\u00e5lingsvejledning DonJoy kn\u00e6skinne\" width=\"800\" height=\"450\" src=\"https:\/\/www.youtube.com\/embed\/xFbVX8Hcvuo?feature=oembed\" frameborder=\"0\" allow=\"accelerometer; autoplay; clipboard-write; encrypted-media; gyroscope; picture-in-picture; web-share\" referrerpolicy=\"strict-origin-when-cross-origin\" allowfullscreen><\/iframe><\/p>\n<p><iframe title=\"DonJoy Playmaker\" width=\"800\" height=\"450\" src=\"https:\/\/www.youtube.com\/embed\/OstqP2QzX_Y?feature=oembed\" frameborder=\"0\" allow=\"accelerometer; autoplay; clipboard-write; encrypted-media; gyroscope; picture-in-picture; web-share\" referrerpolicy=\"strict-origin-when-cross-origin\" allowfullscreen><\/iframe><\/p>\n","protected":false},"excerpt":{"rendered":"<p><strong>Bandasjen kombinerer det beste fra skinnen og bandasjen i ett. Selv mindre leddb\u00e5ndskader kan sette en stopper for vanlige aktiviteter. Playmaker II fra DonJoy gir den stabiliteten og komforten som trengs for \u00e5 forbedre bevegeligheten. Skinnen passer til b\u00e5de h\u00f8yre og venstre   <\/strong><\/p>\n<p>https:\/\/www.youtube.com\/watch?v=xFbVX8Hcvuo<\/p>\n","protected":false},"featured_media":78323,"comment_status":"closed","ping_status":"closed","template":"","meta":{"_acf_changed":false},"product_brand":[3091],"product_cat":[2147,1938,2145,1974,2146,1978,1980,1979,1937,1976,1970,1933],"product_tag":[2173],"class_list":{"0":"post-78305","1":"product","2":"type-product","3":"status-publish","4":"has-post-thumbnail","6":"product_brand-donjoy","7":"product_cat-alvorlig-ustabilitet-svaert-ustabil","8":"product_cat-donjoy-no","9":"product_cat-donjoy-kneskinne","10":"product_cat-forstuet-kne","11":"product_cat-fremre-korsbaand","12":"product_cat-knestoetter","13":"product_cat-kollateral-ligamentskade","14":"product_cat-menisk-no","15":"product_cat-merkevarer","16":"product_cat-overbelastning-no","17":"product_cat-padel-no","18":"product_cat-skinner-og-stoetteskinner","19":"product_tag-donjoy-no","21":"first","22":"instock","23":"taxable","24":"shipping-taxable","25":"purchasable","26":"product-type-variable"},"acf":[],"_links":{"self":[{"href":"https:\/\/fysiolab.dk\/no\/wp-json\/wp\/v2\/product\/78305","targetHints":{"allow":["GET"]}}],"collection":[{"href":"https:\/\/fysiolab.dk\/no\/wp-json\/wp\/v2\/product"}],"about":[{"href":"https:\/\/fysiolab.dk\/no\/wp-json\/wp\/v2\/types\/product"}],"replies":[{"embeddable":true,"href":"https:\/\/fysiolab.dk\/no\/wp-json\/wp\/v2\/comments?post=78305"}],"wp:featuredmedia":[{"embeddable":true,"href":"https:\/\/fysiolab.dk\/no\/wp-json\/wp\/v2\/media\/78323"}],"wp:attachment":[{"href":"https:\/\/fysiolab.dk\/no\/wp-json\/wp\/v2\/media?parent=78305"}],"wp:term":[{"taxonomy":"product_brand","embeddable":true,"href":"https:\/\/fysiolab.dk\/no\/wp-json\/wp\/v2\/product_brand?post=78305"},{"taxonomy":"product_cat","embeddable":true,"href":"https:\/\/fysiolab.dk\/no\/wp-json\/wp\/v2\/product_cat?post=78305"},{"taxonomy":"product_tag","embeddable":true,"href":"https:\/\/fysiolab.dk\/no\/wp-json\/wp\/v2\/product_tag?post=78305"}],"curies":[{"name":"wp","href":"https:\/\/api.w.org\/{rel}","templated":true}]}}