{"id":78306,"date":"2023-07-16T12:40:13","date_gmt":"2023-07-16T10:40:13","guid":{"rendered":"https:\/\/fysiolab.dk\/product\/donjoy-kneskinne-x-act-rom-lite\/"},"modified":"2025-12-18T09:22:55","modified_gmt":"2025-12-18T08:22:55","slug":"donjoy-kneskinne-x-act-rom-lite","status":"publish","type":"product","link":"https:\/\/fysiolab.dk\/no\/product\/donjoy-kneskinne-x-act-rom-lite\/","title":{"rendered":"DONJOY kneskinne X-Act ROM Lite"},"content":{"rendered":"<h4><strong>Optimal anvendelse<\/strong><\/h4>\n<p>Den slanke X-Act ROM Lite er den perfekte l\u00f8sningen for \u00e5 st\u00f8tte et nyoperert kne. Den lette og brukervennlige skinnen er utstyrt med det slitesterke X-Act ROM-hengselleddet, som er dekket med skum rundt og har et stroppesystem som gj\u00f8r den enkel \u00e5 justere. Teleskopskinnene kan tilpasses for \u00e5 gi optimal st\u00f8tte rundt kneet.  <\/p>\n<p><strong>Universell st\u00f8rrelse som tilpasser seg den enkelte  <\/strong><\/p>\n<p>For immobilisering og justerbar bevegelsesinnskrenkning under behandling etter operasjon av fremre korsb\u00e5nd (ACL), bakre korsb\u00e5nd (PCL) og kollateralligamenter (MCL og LCL), patellasporing og generell menisk- eller leddgjenoppretting.<\/p>\n<p><strong>Kontakt FysioLabs fysioterapeuter p\u00e5 tlf: 9272 4444 for r\u00e5d og veiledning<\/strong><\/p>\n<p>&nbsp;<\/p>\n<p><iframe title=\"X-Act ROM Lite Fitting Video\" width=\"800\" height=\"450\" src=\"https:\/\/www.youtube.com\/embed\/qdGDG4hYGek?feature=oembed\" frameborder=\"0\" allow=\"accelerometer; autoplay; clipboard-write; encrypted-media; gyroscope; picture-in-picture; web-share\" referrerpolicy=\"strict-origin-when-cross-origin\" allowfullscreen><\/iframe><\/p>\n","protected":false},"excerpt":{"rendered":"<p><strong>Donjoys X-Act ROM Lite er en lettvektsskinne som er egnet for bruk umiddelbart etter en kneoperasjon. Skinnen kan justeres til din n\u00f8yaktige h\u00f8yde med Tele-fit. X-Act ROM Lite er dekket med skum rundt hele kroppen og er derfor sv\u00e6rt behagelig \u00e5 ha p\u00e5. Stroppsystemet gj\u00f8r den sv\u00e6rt enkel \u00e5 justere.   <\/strong><\/p>\n","protected":false},"featured_media":78326,"comment_status":"closed","ping_status":"closed","template":"","meta":{"_acf_changed":false},"product_brand":[3091],"product_cat":[2149,1938,2145,2150,2151,2148,1937,1933],"product_tag":[2173],"class_list":{"0":"post-78306","1":"product","2":"type-product","3":"status-publish","4":"has-post-thumbnail","6":"product_brand-donjoy","7":"product_cat-alvorlig-ustabilitet-svaert-ustabil-no","8":"product_cat-donjoy-no","9":"product_cat-donjoy-kneskinne","10":"product_cat-fraktur-og-etter-kneoperasjon-postoperativ-no","11":"product_cat-immobiliserende-kneskinner","12":"product_cat-knestoetter-no","13":"product_cat-merkevarer","14":"product_cat-skinner-og-stoetteskinner","15":"product_tag-donjoy-no","17":"first","18":"instock","19":"taxable","20":"shipping-taxable","21":"purchasable","22":"product-type-simple"},"acf":[],"_links":{"self":[{"href":"https:\/\/fysiolab.dk\/no\/wp-json\/wp\/v2\/product\/78306","targetHints":{"allow":["GET"]}}],"collection":[{"href":"https:\/\/fysiolab.dk\/no\/wp-json\/wp\/v2\/product"}],"about":[{"href":"https:\/\/fysiolab.dk\/no\/wp-json\/wp\/v2\/types\/product"}],"replies":[{"embeddable":true,"href":"https:\/\/fysiolab.dk\/no\/wp-json\/wp\/v2\/comments?post=78306"}],"wp:featuredmedia":[{"embeddable":true,"href":"https:\/\/fysiolab.dk\/no\/wp-json\/wp\/v2\/media\/78326"}],"wp:attachment":[{"href":"https:\/\/fysiolab.dk\/no\/wp-json\/wp\/v2\/media?parent=78306"}],"wp:term":[{"taxonomy":"product_brand","embeddable":true,"href":"https:\/\/fysiolab.dk\/no\/wp-json\/wp\/v2\/product_brand?post=78306"},{"taxonomy":"product_cat","embeddable":true,"href":"https:\/\/fysiolab.dk\/no\/wp-json\/wp\/v2\/product_cat?post=78306"},{"taxonomy":"product_tag","embeddable":true,"href":"https:\/\/fysiolab.dk\/no\/wp-json\/wp\/v2\/product_tag?post=78306"}],"curies":[{"name":"wp","href":"https:\/\/api.w.org\/{rel}","templated":true}]}}