{"id":78331,"date":"2023-07-16T12:40:13","date_gmt":"2023-07-16T10:40:13","guid":{"rendered":"https:\/\/fysiolab.dk\/product\/donjoy-x-act-rom-knestoette\/"},"modified":"2025-12-18T09:22:55","modified_gmt":"2025-12-18T08:22:55","slug":"donjoy-x-act-rom-knestoette","status":"publish","type":"product","link":"https:\/\/fysiolab.dk\/no\/product\/donjoy-x-act-rom-knestoette\/","title":{"rendered":"DONJOY X-Act ROM knest\u00f8tte"},"content":{"rendered":"<h4><strong>Optimal anvendelse<\/strong><\/h4>\n<p>DonJoy X-Act ROM kneskinne gir overlegen komfort, tilpasning og funksjonalitet for bedre helingsforhold etter en kneoperasjon. X-Act ROM er DonJoys letteste skinne til bruk etter en operasjon. Den er enkel \u00e5 ta p\u00e5, har en behagelig passform og gir presis beskyttelse i den umiddelbare perioden etter en kneoperasjon.  <\/p>\n<p><strong>Leveres i en universalst\u00f8rrelse som kan justeres inn og ut i b\u00e5de bredde og lengde etter behov og benst\u00f8rrelse.<\/strong><\/p>\n<p><strong>Indikasjoner:<\/strong> Immobilisering og justerbar bevegelsesbegrensning ved operasjon av fremre korsb\u00e5nd (ACL), bakre korsb\u00e5nd (PCL) og kollateralligament (LCL og MCL).<\/p>\n<p>&nbsp;<\/p>\n<p><strong>Fordeler og funksjoner  <\/strong><\/p>\n<ul>\n<li>De nye, str\u00f8mlinjeformede og slitesterke hengselleddene i aluminium gir presis beskyttelse og kontroll over bevegelsesomr\u00e5det med 10 graders ekstensjonsinnstillinger (kneet strukket) fra -10 til 90 grader og fleksjonsinnstillinger (kneet flektert) fra -10 til 120 grader. Enkel hurtigl\u00e5sing ved 0 grader, 15 grader og 30 grader <\/li>\n<li>Teleskopmekanisme for optimal passform som gj\u00f8r det mulig \u00e5 justere lengden p\u00e5 stroppene uavhengig av hverandre, noe som gir X-act ROM-knest\u00f8tten en universell passform.<\/li>\n<li>Alle de fire glidemansjettene kan trekkes inn og ut uavhengig av hverandre, slik at stroppene kan plasseres utenfor operasjonsstedet<\/li>\n<li>Quick-clips-spenne gj\u00f8r det enkelt \u00e5 ta skinnen av og p\u00e5. Quick-clips-spenne med svingfunksjon er enkel \u00e5 feste og gir en tettsittende passform rundt benet p\u00e5 nesten ingen tid <\/li>\n<li>Selvklebende skumforing for skinnestabilitet<\/li>\n<\/ul>\n<p><strong>Kontakt FysioLabs fysioterapeuter for sp\u00f8rsm\u00e5l og veiledning p\u00e5 tlf: 9272 4444. Fysisk konsultasjon kan kj\u00f8pes for 495,-. <\/strong><\/p>\n<p>&nbsp;<\/p>\n<p><iframe title=\"X-Act ROM Fitting Video\" width=\"800\" height=\"450\" src=\"https:\/\/www.youtube.com\/embed\/-ThIGgkSfMI?feature=oembed\" frameborder=\"0\" allow=\"accelerometer; autoplay; clipboard-write; encrypted-media; gyroscope; picture-in-picture; web-share\" referrerpolicy=\"strict-origin-when-cross-origin\" allowfullscreen><\/iframe><\/p>\n","protected":false},"excerpt":{"rendered":"<p><strong>DonJoy X-Act ROM kneskinne gir overlegen komfort, tilpasning og funksjonalitet for bedre helingsforhold etter en kneoperasjon. X-Act ROM er <g id=\"gid_0\">DonJoys letteste skinne<\/g> til bruk etter en operasjon. Den er enkel \u00e5 ta p\u00e5, har en behagelig passform og gir presis beskyttelse i den umiddelbare perioden etter en kneoperasjon.  <\/strong><\/p>\n","protected":false},"featured_media":78339,"comment_status":"closed","ping_status":"closed","template":"","meta":{"_acf_changed":false},"product_brand":[3091],"product_cat":[2149,1938,2145,2150,2151,2148,1937,1933],"product_tag":[2173],"class_list":{"0":"post-78331","1":"product","2":"type-product","3":"status-publish","4":"has-post-thumbnail","6":"product_brand-donjoy","7":"product_cat-alvorlig-ustabilitet-svaert-ustabil-no","8":"product_cat-donjoy-no","9":"product_cat-donjoy-kneskinne","10":"product_cat-fraktur-og-etter-kneoperasjon-postoperativ-no","11":"product_cat-immobiliserende-kneskinner","12":"product_cat-knestoetter-no","13":"product_cat-merkevarer","14":"product_cat-skinner-og-stoetteskinner","15":"product_tag-donjoy-no","17":"first","18":"instock","19":"taxable","20":"shipping-taxable","21":"purchasable","22":"product-type-simple"},"acf":[],"_links":{"self":[{"href":"https:\/\/fysiolab.dk\/no\/wp-json\/wp\/v2\/product\/78331","targetHints":{"allow":["GET"]}}],"collection":[{"href":"https:\/\/fysiolab.dk\/no\/wp-json\/wp\/v2\/product"}],"about":[{"href":"https:\/\/fysiolab.dk\/no\/wp-json\/wp\/v2\/types\/product"}],"replies":[{"embeddable":true,"href":"https:\/\/fysiolab.dk\/no\/wp-json\/wp\/v2\/comments?post=78331"}],"wp:featuredmedia":[{"embeddable":true,"href":"https:\/\/fysiolab.dk\/no\/wp-json\/wp\/v2\/media\/78339"}],"wp:attachment":[{"href":"https:\/\/fysiolab.dk\/no\/wp-json\/wp\/v2\/media?parent=78331"}],"wp:term":[{"taxonomy":"product_brand","embeddable":true,"href":"https:\/\/fysiolab.dk\/no\/wp-json\/wp\/v2\/product_brand?post=78331"},{"taxonomy":"product_cat","embeddable":true,"href":"https:\/\/fysiolab.dk\/no\/wp-json\/wp\/v2\/product_cat?post=78331"},{"taxonomy":"product_tag","embeddable":true,"href":"https:\/\/fysiolab.dk\/no\/wp-json\/wp\/v2\/product_tag?post=78331"}],"curies":[{"name":"wp","href":"https:\/\/api.w.org\/{rel}","templated":true}]}}