{"id":78369,"date":"2023-07-16T12:39:58","date_gmt":"2023-07-16T10:39:58","guid":{"rendered":"https:\/\/fysiolab.dk\/product\/donjoy-svart-lycraundertoey\/"},"modified":"2025-12-18T09:22:56","modified_gmt":"2025-12-18T08:22:56","slug":"donjoy-svart-lycraundertoey","status":"publish","type":"product","link":"https:\/\/fysiolab.dk\/no\/product\/donjoy-svart-lycraundertoey\/","title":{"rendered":"DONJOY svart lycraundert\u00f8y"},"content":{"rendered":"<h4><strong>Optimal bruk DONJOY Black Lycra Undert\u00f8y<\/strong><\/h4>\n<p>Innersokk som gir bedre komfort under en kneskinne. Den bidrar til \u00e5 forhindre hudirritasjon, gir kompresjon og kan bidra til \u00e5 gi en mer komplett f\u00f8lelse av kneskinnen. <\/p>\n<ul>\n<li>Ideell for personer med neoprenallergi og sensitiv hud<\/li>\n<li>Laget av lett og pustende lycra-materiale<\/li>\n<\/ul>\n<p><strong>St\u00f8rrelsesguide<\/strong><\/p>\n<p><strong>F\u00f8lger skinnest\u00f8rrelsene S-XXL<\/strong><\/p>\n","protected":false},"excerpt":{"rendered":"<p>Innersokk som gir bedre komfort under en knebandasje. Den bidrar til \u00e5 forhindre hudirritasjon, gir kompresjon og kan bidra til \u00e5 gi en mer komplett f\u00f8lelse av bandasjen. <\/p>\n","protected":false},"featured_media":78431,"comment_status":"closed","ping_status":"closed","template":"","meta":{"_acf_changed":false},"product_brand":[3091],"product_cat":[1978,2148,1970,1933,2165],"product_tag":[2173],"class_list":{"0":"post-78369","1":"product","2":"type-product","3":"status-publish","4":"has-post-thumbnail","6":"product_brand-donjoy","7":"product_cat-knestoetter","8":"product_cat-knestoetter-no","9":"product_cat-padel-no","10":"product_cat-skinner-og-stoetteskinner","11":"product_cat-tilbehoer-ekstrautstyr-til-kneskinner","12":"product_tag-donjoy-no","14":"first","15":"instock","16":"taxable","17":"shipping-taxable","18":"purchasable","19":"product-type-variable"},"acf":[],"_links":{"self":[{"href":"https:\/\/fysiolab.dk\/no\/wp-json\/wp\/v2\/product\/78369","targetHints":{"allow":["GET"]}}],"collection":[{"href":"https:\/\/fysiolab.dk\/no\/wp-json\/wp\/v2\/product"}],"about":[{"href":"https:\/\/fysiolab.dk\/no\/wp-json\/wp\/v2\/types\/product"}],"replies":[{"embeddable":true,"href":"https:\/\/fysiolab.dk\/no\/wp-json\/wp\/v2\/comments?post=78369"}],"wp:featuredmedia":[{"embeddable":true,"href":"https:\/\/fysiolab.dk\/no\/wp-json\/wp\/v2\/media\/78431"}],"wp:attachment":[{"href":"https:\/\/fysiolab.dk\/no\/wp-json\/wp\/v2\/media?parent=78369"}],"wp:term":[{"taxonomy":"product_brand","embeddable":true,"href":"https:\/\/fysiolab.dk\/no\/wp-json\/wp\/v2\/product_brand?post=78369"},{"taxonomy":"product_cat","embeddable":true,"href":"https:\/\/fysiolab.dk\/no\/wp-json\/wp\/v2\/product_cat?post=78369"},{"taxonomy":"product_tag","embeddable":true,"href":"https:\/\/fysiolab.dk\/no\/wp-json\/wp\/v2\/product_tag?post=78369"}],"curies":[{"name":"wp","href":"https:\/\/api.w.org\/{rel}","templated":true}]}}