{"id":78425,"date":"2023-07-16T12:40:28","date_gmt":"2023-07-16T10:40:28","guid":{"rendered":"https:\/\/fysiolab.dk\/product\/donjoy-fullforce-kneskinne\/"},"modified":"2025-12-18T09:22:53","modified_gmt":"2025-12-18T08:22:53","slug":"donjoy-fullforce-kneskinne","status":"publish","type":"product","link":"https:\/\/fysiolab.dk\/no\/product\/donjoy-fullforce-kneskinne\/","title":{"rendered":"DonJoy Fullforce kneskinne"},"content":{"rendered":"<h4><strong>Optimal bruk av DonJoy Fullforce <a href=\"https:\/\/fysiolab.dk\/no\/vare-kategori\/merkevarer\/donjoy-no\/donjoy-kneskinne\/\">kneskinne<\/a><\/strong><\/h4>\n<p>&nbsp;<\/p>\n<p>DonJoy FullForce har en lavprofildesign og er lett og fleksibel. Tverrsnittsutformingen av den indre l\u00e5rrammen gir ekstra komfort. Ideell for aktive mennesker, lett sport og hverdagsaktiviteter. FullForce er konstruert med DonJoys patenterte 4-points-of-leverage-design og firepunkts hengslet leddteknologi, noe som gj\u00f8r den egnet for korsb\u00e5ndskader.     <strong>Tilgjengelig i st\u00f8rrelsene XS-XXXL.<\/strong><\/p>\n<p><strong>St\u00f8rrelsesguide<\/strong><\/p>\n<p><strong>M\u00e5l omkretsen av l\u00e5ret 15 cm over knesk\u00e5len og omkretsen der hvor leggen er st\u00f8rst (se videoen nedenfor)<\/strong><\/p>\n<p><strong>Rundt l\u00e5rene Rundt l\u00e5rene  Legg Str<\/strong><\/p>\n<p><strong>33-39 cm &lt;34 cm XS<\/strong><\/p>\n<p><strong>39-47 cm 35-36 cm S<\/strong><\/p>\n<p><strong>47-53 cm 37-38 cm M<\/strong><\/p>\n<p><strong>53-60 cm 39-41 cm L<\/strong><\/p>\n<p><strong>60-67 cm 42-44 cm XL<\/strong><\/p>\n<p><strong>67-75 cm 45-46 cm XXL<\/strong><\/p>\n<p><strong>75-81 cm &gt;46 cm XXXL<\/strong><\/p>\n<p><a href=\"https:\/\/fysiolab.dk\/no\/\"><strong>Hvis du er usikker p\u00e5 hvordan du skal velge riktig skinne, kan du lese v\u00e5r fysioterapeutveiledning her<\/strong><\/a><\/p>\n<p><strong>Fordeler og funksjoner  <\/strong><\/p>\n<ul>\n<li>Klinisk utpr\u00f8vd 4-Points-of-Leverage-design og firepunkts hengslet leddteknologi som optimaliserer beskyttelsen av det fremre korsb\u00e5ndet (ACL)<\/li>\n<li>Ekstra sterk aluminiumsramme reduserer skinnens vekt og forbedrer komforten<\/li>\n<li>Formbar ramme for skreddersydd tilpasning<\/li>\n<li>Lav profil gj\u00f8r den behagelig \u00e5 ha under kl\u00e6rne<\/li>\n<\/ul>\n<p><strong>Kontakt FysioLabs fysioterapeuter for sp\u00f8rsm\u00e5l om m\u00e5ling, veiledning og tilpasning av sertifiserte DonJoy-fysioterapeuter Erik Risum &amp; Kristian Simonsen 92724444. Fysisk konsultasjon kan kj\u00f8pes for 495,-. <\/strong><\/p>\n<p><strong> <\/strong><\/p>\n","protected":false},"excerpt":{"rendered":"<p><strong>Ideell for aktive personer, lett sport og hverdagsaktiviteter. Fourcepoint-leddet gj\u00f8r den egnet for fremre korsb\u00e5ndskader og instabilitet etter skader.  For sp\u00f8rsm\u00e5l og veiledning, ring 92724444<\/strong><\/p>\n<p>https:\/\/www.youtube.com\/watch?v=xFbVX8Hcvuo<\/p>\n","protected":false},"featured_media":78500,"comment_status":"closed","ping_status":"closed","template":"","meta":{"_acf_changed":false},"product_brand":[3091],"product_cat":[1938,2145,2159,2148,1937,1970,2158,1933],"product_tag":[2173],"class_list":{"0":"post-78425","1":"product","2":"type-product","3":"status-publish","4":"has-post-thumbnail","6":"product_brand-donjoy","7":"product_cat-donjoy-no","8":"product_cat-donjoy-kneskinne","9":"product_cat-fremre-korsbaandskade-acl","10":"product_cat-knestoetter-no","11":"product_cat-merkevarer","12":"product_cat-padel-no","13":"product_cat-skade-paa-det-laterale-kollaterale-ligamentet-lcl","14":"product_cat-skinner-og-stoetteskinner","15":"product_tag-donjoy-no","16":"product_shipping_class-dropshipping-no","18":"first","19":"instock","20":"featured","21":"taxable","22":"shipping-taxable","23":"purchasable","24":"product-type-variable"},"acf":[],"_links":{"self":[{"href":"https:\/\/fysiolab.dk\/no\/wp-json\/wp\/v2\/product\/78425","targetHints":{"allow":["GET"]}}],"collection":[{"href":"https:\/\/fysiolab.dk\/no\/wp-json\/wp\/v2\/product"}],"about":[{"href":"https:\/\/fysiolab.dk\/no\/wp-json\/wp\/v2\/types\/product"}],"replies":[{"embeddable":true,"href":"https:\/\/fysiolab.dk\/no\/wp-json\/wp\/v2\/comments?post=78425"}],"wp:featuredmedia":[{"embeddable":true,"href":"https:\/\/fysiolab.dk\/no\/wp-json\/wp\/v2\/media\/78500"}],"wp:attachment":[{"href":"https:\/\/fysiolab.dk\/no\/wp-json\/wp\/v2\/media?parent=78425"}],"wp:term":[{"taxonomy":"product_brand","embeddable":true,"href":"https:\/\/fysiolab.dk\/no\/wp-json\/wp\/v2\/product_brand?post=78425"},{"taxonomy":"product_cat","embeddable":true,"href":"https:\/\/fysiolab.dk\/no\/wp-json\/wp\/v2\/product_cat?post=78425"},{"taxonomy":"product_tag","embeddable":true,"href":"https:\/\/fysiolab.dk\/no\/wp-json\/wp\/v2\/product_tag?post=78425"}],"curies":[{"name":"wp","href":"https:\/\/api.w.org\/{rel}","templated":true}]}}