{"id":78432,"date":"2023-07-16T12:39:58","date_gmt":"2023-07-16T10:39:58","guid":{"rendered":"https:\/\/fysiolab.dk\/product\/donjoy-sports-cover-standard-og-kort\/"},"modified":"2025-12-18T09:22:55","modified_gmt":"2025-12-18T08:22:55","slug":"donjoy-sports-cover-standard-og-kort","status":"publish","type":"product","link":"https:\/\/fysiolab.dk\/no\/product\/donjoy-sports-cover-standard-og-kort\/","title":{"rendered":"DONJOY Sports Cover (standard og kort)"},"content":{"rendered":"<h4><strong>Optimal bruk DONJOY Sports Cover (Standard &amp; Short)<\/strong><\/h4>\n<p>DonJoy Sports Cover brukes i kontaktsporter der synlig metall ikke er tillatt. Trekket trekkes over knest\u00f8tten og beskytter den mot smuss og skitt. <\/p>\n<p><strong>St\u00f8rrelsesguide<\/strong><\/p>\n<p><strong>F\u00f8lger skinnest\u00f8rrelsene S-XXL<\/strong><\/p>\n","protected":false},"excerpt":{"rendered":"<p><strong>DonJoy Sports Cover brukes i kontaktsporter der synlig metall ikke er tillatt. Trekket trekkes over knest\u00f8tten og beskytter den mot smuss og rusk. Tilgjengelig i kort og standard lengde og kj\u00f8pes i henhold til st\u00f8rrelsen og lengden p\u00e5 skinnen din.  <\/strong><\/p>\n","protected":false},"featured_media":78495,"comment_status":"closed","ping_status":"closed","template":"","meta":{"_acf_changed":false},"product_brand":[],"product_cat":[1938,2145,2148,1978,1937,1933,2165],"product_tag":[2173],"class_list":{"0":"post-78432","1":"product","2":"type-product","3":"status-publish","4":"has-post-thumbnail","6":"product_cat-donjoy-no","7":"product_cat-donjoy-kneskinne","8":"product_cat-knestoetter-no","9":"product_cat-knestoetter","10":"product_cat-merkevarer","11":"product_cat-skinner-og-stoetteskinner","12":"product_cat-tilbehoer-ekstrautstyr-til-kneskinner","13":"product_tag-donjoy-no","15":"first","16":"instock","17":"taxable","18":"shipping-taxable","19":"purchasable","20":"product-type-variable"},"acf":[],"_links":{"self":[{"href":"https:\/\/fysiolab.dk\/no\/wp-json\/wp\/v2\/product\/78432","targetHints":{"allow":["GET"]}}],"collection":[{"href":"https:\/\/fysiolab.dk\/no\/wp-json\/wp\/v2\/product"}],"about":[{"href":"https:\/\/fysiolab.dk\/no\/wp-json\/wp\/v2\/types\/product"}],"replies":[{"embeddable":true,"href":"https:\/\/fysiolab.dk\/no\/wp-json\/wp\/v2\/comments?post=78432"}],"wp:featuredmedia":[{"embeddable":true,"href":"https:\/\/fysiolab.dk\/no\/wp-json\/wp\/v2\/media\/78495"}],"wp:attachment":[{"href":"https:\/\/fysiolab.dk\/no\/wp-json\/wp\/v2\/media?parent=78432"}],"wp:term":[{"taxonomy":"product_brand","embeddable":true,"href":"https:\/\/fysiolab.dk\/no\/wp-json\/wp\/v2\/product_brand?post=78432"},{"taxonomy":"product_cat","embeddable":true,"href":"https:\/\/fysiolab.dk\/no\/wp-json\/wp\/v2\/product_cat?post=78432"},{"taxonomy":"product_tag","embeddable":true,"href":"https:\/\/fysiolab.dk\/no\/wp-json\/wp\/v2\/product_tag?post=78432"}],"curies":[{"name":"wp","href":"https:\/\/api.w.org\/{rel}","templated":true}]}}