{"id":78504,"date":"2023-07-16T12:40:27","date_gmt":"2023-07-16T10:40:27","guid":{"rendered":"https:\/\/fysiolab.dk\/product\/donjoy-defiance-kneskinne\/"},"modified":"2025-12-18T09:22:55","modified_gmt":"2025-12-18T08:22:55","slug":"donjoy-defiance-kneskinne","status":"publish","type":"product","link":"https:\/\/fysiolab.dk\/no\/product\/donjoy-defiance-kneskinne\/","title":{"rendered":"DONJOY Defiance kneskinne"},"content":{"rendered":"<h4><strong>Optimal bruk av DONJOY Defiance III\/Defiance kneskinne<\/strong><\/h4>\n<p>Defiance er den beste 4-punkts knest\u00f8tten fra DonJoy. Denne skinnen er skreddersydd basert p\u00e5 dine m\u00e5l for \u00e5 passe deg 100 %. Denne sterke skinnen anbefales ved sm\u00e5 og store skader p\u00e5 fremre korsb\u00e5nd (ACL), bakre korsb\u00e5nd (PCL), mediale kollateralligament (MCL) og laterale kollateralligament (LCL). Til tross for sin store styrke og robusthet er denne modellen overraskende lett og egner seg for kontaktsporter som h\u00e5ndball, basketball og fotball eller soloidretter som motocross og ski.   <\/p>\n<p><strong>Fordeler og egenskaper ved DonJoy Defiance<\/strong><\/p>\n<p>Leveres med FourcePoint-ledd eller standardledd<\/p>\n<p>-Kan leveres med PowerCaps, anbefalt for kontaktsport<\/p>\n<p>Konfigurasjon av ACL-, PCL- og CI-stropper<\/p>\n<p>-Supra kondomputere<\/p>\n<p>-Antimigrasjonsstropp p\u00e5 leggen<\/p>\n<p>-Lettvektsramme i karbonfiber<\/p>\n<p>-tilpasset i henhold til individuelle m\u00e5linger p\u00e5 klinikken<\/p>\n<p>-F\u00e5s med kort skinne p\u00e5 leggen for \u00e5 f\u00e5 plass til en skist\u00f8vel eller motocrossst\u00f8vel<\/p>\n<p>-Mange muligheter for valg av farger og grafikk<\/p>\n<p>-4-punkts system for uovertruffen ligamentstabilitet<\/p>\n<p>-B\u00f8yestopp: 45\u00b0, 60\u00b0, 75\u00b0 og 90\u00b0.<\/p>\n<p>-Forlengelsesstopp: 10\u00b0, 20\u00b0, 30\u00b0 og 40\u00b0 (10\u00b0 installert)<\/p>\n<p>-Tilgjengelig i tre lengder: standard, kort og standard med kort legg eller l\u00e5r<\/p>\n<p><strong>St\u00f8rrelsesguide<\/strong><\/p>\n<p><strong>Denne skinnen er skreddersydd for ditt kne og ben. Kontakt FysioLab for m\u00e5ling, veiledning og tilpasning av sertifiserte DonJoy-fysioterapeuter Erik Risum &amp; Kristian Simonsen 92724444. Prisen for en fysisk konsultasjon er 495,-.  <\/strong><\/p>\n<p><iframe title=\"DonJoy Defiance Knee Brace Overview\" width=\"800\" height=\"450\" src=\"https:\/\/www.youtube.com\/embed\/zfPhdDqL0L0?feature=oembed\" frameborder=\"0\" allow=\"accelerometer; autoplay; clipboard-write; encrypted-media; gyroscope; picture-in-picture; web-share\" referrerpolicy=\"strict-origin-when-cross-origin\" allowfullscreen><\/iframe><\/p>\n","protected":false},"excerpt":{"rendered":"<p><strong>Denne skinnen er skreddersydd for ditt kne og ben. Kontakt FysioLab for m\u00e5ling, veiledning og tilpasning av sertifiserte DonJoy-fysioterapeuter Erik Risum &amp; Kristian Simonsen 92724444. Prisen for en fysisk konsultasjon er 495,-.  <\/strong><\/p>\n","protected":false},"featured_media":78507,"comment_status":"closed","ping_status":"closed","template":"","meta":{"_acf_changed":false},"product_brand":[3091],"product_cat":[1938,2145,2159,2148,1937,2160,2158,1933,2179],"product_tag":[2173],"class_list":{"0":"post-78504","1":"product","2":"type-product","3":"status-publish","4":"has-post-thumbnail","6":"product_brand-donjoy","7":"product_cat-donjoy-no","8":"product_cat-donjoy-kneskinne","9":"product_cat-fremre-korsbaandskade-acl","10":"product_cat-knestoetter-no","11":"product_cat-merkevarer","12":"product_cat-skade-paa-bakre-korsbaand-pcl","13":"product_cat-skade-paa-det-laterale-kollaterale-ligamentet-lcl","14":"product_cat-skinner-og-stoetteskinner","15":"product_cat-skreddersydde-knestoetter","16":"product_tag-donjoy-no","17":"product_shipping_class-dropshipping-no","19":"first","20":"instock","21":"featured","22":"taxable","23":"shipping-taxable","24":"purchasable","25":"product-type-simple"},"acf":[],"_links":{"self":[{"href":"https:\/\/fysiolab.dk\/no\/wp-json\/wp\/v2\/product\/78504","targetHints":{"allow":["GET"]}}],"collection":[{"href":"https:\/\/fysiolab.dk\/no\/wp-json\/wp\/v2\/product"}],"about":[{"href":"https:\/\/fysiolab.dk\/no\/wp-json\/wp\/v2\/types\/product"}],"replies":[{"embeddable":true,"href":"https:\/\/fysiolab.dk\/no\/wp-json\/wp\/v2\/comments?post=78504"}],"wp:featuredmedia":[{"embeddable":true,"href":"https:\/\/fysiolab.dk\/no\/wp-json\/wp\/v2\/media\/78507"}],"wp:attachment":[{"href":"https:\/\/fysiolab.dk\/no\/wp-json\/wp\/v2\/media?parent=78504"}],"wp:term":[{"taxonomy":"product_brand","embeddable":true,"href":"https:\/\/fysiolab.dk\/no\/wp-json\/wp\/v2\/product_brand?post=78504"},{"taxonomy":"product_cat","embeddable":true,"href":"https:\/\/fysiolab.dk\/no\/wp-json\/wp\/v2\/product_cat?post=78504"},{"taxonomy":"product_tag","embeddable":true,"href":"https:\/\/fysiolab.dk\/no\/wp-json\/wp\/v2\/product_tag?post=78504"}],"curies":[{"name":"wp","href":"https:\/\/api.w.org\/{rel}","templated":true}]}}