{"id":78508,"date":"2023-07-16T12:40:27","date_gmt":"2023-07-16T10:40:27","guid":{"rendered":"https:\/\/fysiolab.dk\/product\/donjoy-armor-kneskinne-med-standard-ledd\/"},"modified":"2025-12-18T09:22:54","modified_gmt":"2025-12-18T08:22:54","slug":"donjoy-armor-kneskinne-med-standard-ledd","status":"publish","type":"product","link":"https:\/\/fysiolab.dk\/no\/product\/donjoy-armor-kneskinne-med-standard-ledd\/","title":{"rendered":"DonJoy Armor kneskinne med standard ledd"},"content":{"rendered":"<h4><strong>Optimal bruk av DonJoy Armor kneskinne med standard ledd<\/strong><\/h4>\n<p>&nbsp;<\/p>\n<p>Armor Knee Brace med standardledd er en kombinasjon av DonJoys sterkeste korsb\u00e5nd og den \u00f8kte passformsprofilen. Denne skinnen er ideell for personer med moderate og alvorlige korsb\u00e5ndskader - b\u00e5de fremre korsb\u00e5nd og bakre korsb\u00e5nd. <\/p>\n<p>Rekonstruksjoner og overstrekk (hyperekstensjon) over kneet, samt til forebyggende (profylaktisk) bruk i f.eks. motocross, ski og andre ekstremsporter. <\/p>\n<p><strong>Fordeler og funksjoner  <\/strong><\/p>\n<ul>\n<li>Klinisk utpr\u00f8vd 4-Points-of-Leverage-design og standard ledd som gir optimal beskyttelse av korsb\u00e5ndet<\/li>\n<li>Kort fold for bruk i st\u00f8vler<\/li>\n<li>Anatomisk formet skinne p\u00e5 innsiden av l\u00e5ret gj\u00f8r det mulig \u00e5 bruke skinner p\u00e5 begge bena samtidig<\/li>\n<li>Sterk aluminiumsramme som bare er 3 mm tykk <\/li>\n<li>Anti-migrasjonsb\u00e5nd \u00f8verst p\u00e5 leggen<\/li>\n<li>B\u00f8ye- og strekkstopp (fleksjons- og ekstensjonsstopp)<\/li>\n<li>4-punkts system for optimal ligamentstabilitet<\/li>\n<\/ul>\n<p>Armor er verdens mest effektive korsb\u00e5ndskinne for beskyttelse av fremre korsb\u00e5nd, noe som er dokumentert i flere vitenskapelige studier. Armor er en lett knebeskytter i sterk aluminium basert p\u00e5 den patenterte 4-punktsteknologien fra DonJoy.  Skinnen anbefales ved skader p\u00e5 fremre korsb\u00e5nd (ACL), bakre korsb\u00e5nd (PCL), mediale kollateralligament (MCL) og laterale kollateralligament (LCL). Skinnen egner seg spesielt godt til kontaktsporter som h\u00e5ndball, fotball og idretter som motocross og ski. <strong>VIKTIG: HVIS DU HAR SKADET DET BAKRE KORSB\u00c5NDET, B\u00d8R DU VELGE DENNE SKINNEN MED STANDARD LEDD<\/strong><\/p>\n<p>Combined Injury (CI) anbefales for b\u00e5de fremre og bakre korsb\u00e5ndskader. Skinnen er tilgjengelig med kort legg og standard legg.  Det er ca. 2,5 cm forskjell i lengde mellom disse. Det anbefales at personer med en h\u00f8yde under 170 cm bruker en skinne med kort legg.   <strong>Tilgjengelig i st\u00f8rrelsene XS-XXXL.<\/strong><\/p>\n<p><a href=\"https:\/\/fysiolab.dk\/no\/\"><strong>Hvis du er usikker p\u00e5 hvordan du skal velge riktig skinne, kan du lese v\u00e5r fysioterapeutveiledning her<\/strong><\/a><\/p>\n<p><strong>Det er ogs\u00e5 mulig \u00e5 leie denne skinnen, f.eks. til skiferien - <a href=\"https:\/\/fysiolab.dk\/product\/leje-af-donjoy-knaeskinne-armor-fourcepoint-depositum-995-kr-1000-kr\/\">klikk her!<\/a> Vi kan ta m\u00e5l via e-post eller telefon og sende skinnen direkte til deg, eller du kan komme innom klinikken for \u00e5 ta m\u00e5l.  Fysisk konsultasjon med FysioLab-fysioterapeuter - Pris 495,- - Pris 495,-<\/strong><\/p>\n<p><strong>Hvis du vil vite mer om utleie av kneskinner, kan du kontakte oss p\u00e5 tlf: 92724444 eller e-post: info@fysiolab.dk<\/strong><\/p>\n<p><strong>St\u00f8rrelsesguide<\/strong><\/p>\n<p><strong>M\u00e5l omkretsen av l\u00e5ret 15 cm over knesk\u00e5len og omkretsen der hvor leggen er st\u00f8rst (se videoen nedenfor)<\/strong><\/p>\n<p><strong>Rundt l\u00e5rene Rundt l\u00e5rene  Legg Str<\/strong><\/p>\n<p><strong>33-39 cm &lt;34 cm XS<\/strong><\/p>\n<p><strong>39-47 cm 35-36 cm S<\/strong><\/p>\n<p><strong>47-53 cm 37-38 cm M<\/strong><\/p>\n<p><strong>53-60 cm 39-41 cm L<\/strong><\/p>\n<p><strong>60-67 cm 42-44 cm XL<\/strong><\/p>\n<p><strong>67-75 cm 45-46 cm XXL<\/strong><\/p>\n<p><strong>75-81 cm &gt;46 cm XXXL<\/strong><\/p>\n<p>&nbsp;<\/p>\n<p><iframe title=\"DonJoy Armor FourcePoint Knee Brace Overview\" width=\"800\" height=\"450\" src=\"https:\/\/www.youtube.com\/embed\/33YUZMYuGww?feature=oembed\" frameborder=\"0\" allow=\"accelerometer; autoplay; clipboard-write; encrypted-media; gyroscope; picture-in-picture; web-share\" referrerpolicy=\"strict-origin-when-cross-origin\" allowfullscreen><\/iframe><\/p>\n","protected":false},"excerpt":{"rendered":"<p><strong>DonJoy Armor kneskinne med standardledd er ideell for deg som har skadet det bakre korsb\u00e5ndet. Denne skinnen er ogs\u00e5 ideell for personer med moderate til alvorlige skader p\u00e5 korsb\u00e5nd og sideledb\u00e5nd. Med standardleddet holder skinnen kneet stabilt og forhindrer overstrekking under trening og gange.   For sp\u00f8rsm\u00e5l og veiledning, ring 92724444<\/strong><\/p>\n<p>https:\/\/www.youtube.com\/watch?v=xFbVX8Hcvuo<\/p>\n","protected":false},"featured_media":78582,"comment_status":"closed","ping_status":"closed","template":"","meta":{"_acf_changed":false},"product_brand":[3091],"product_cat":[1938,2145,2159,2148,1937,2160,2158,1933],"product_tag":[2173],"class_list":{"0":"post-78508","1":"product","2":"type-product","3":"status-publish","4":"has-post-thumbnail","6":"product_brand-donjoy","7":"product_cat-donjoy-no","8":"product_cat-donjoy-kneskinne","9":"product_cat-fremre-korsbaandskade-acl","10":"product_cat-knestoetter-no","11":"product_cat-merkevarer","12":"product_cat-skade-paa-bakre-korsbaand-pcl","13":"product_cat-skade-paa-det-laterale-kollaterale-ligamentet-lcl","14":"product_cat-skinner-og-stoetteskinner","15":"product_tag-donjoy-no","17":"first","18":"instock","19":"taxable","20":"shipping-taxable","21":"purchasable","22":"product-type-variable"},"acf":[],"_links":{"self":[{"href":"https:\/\/fysiolab.dk\/no\/wp-json\/wp\/v2\/product\/78508","targetHints":{"allow":["GET"]}}],"collection":[{"href":"https:\/\/fysiolab.dk\/no\/wp-json\/wp\/v2\/product"}],"about":[{"href":"https:\/\/fysiolab.dk\/no\/wp-json\/wp\/v2\/types\/product"}],"replies":[{"embeddable":true,"href":"https:\/\/fysiolab.dk\/no\/wp-json\/wp\/v2\/comments?post=78508"}],"wp:featuredmedia":[{"embeddable":true,"href":"https:\/\/fysiolab.dk\/no\/wp-json\/wp\/v2\/media\/78582"}],"wp:attachment":[{"href":"https:\/\/fysiolab.dk\/no\/wp-json\/wp\/v2\/media?parent=78508"}],"wp:term":[{"taxonomy":"product_brand","embeddable":true,"href":"https:\/\/fysiolab.dk\/no\/wp-json\/wp\/v2\/product_brand?post=78508"},{"taxonomy":"product_cat","embeddable":true,"href":"https:\/\/fysiolab.dk\/no\/wp-json\/wp\/v2\/product_cat?post=78508"},{"taxonomy":"product_tag","embeddable":true,"href":"https:\/\/fysiolab.dk\/no\/wp-json\/wp\/v2\/product_tag?post=78508"}],"curies":[{"name":"wp","href":"https:\/\/api.w.org\/{rel}","templated":true}]}}