{"id":78583,"date":"2023-07-16T12:39:12","date_gmt":"2023-07-16T10:39:12","guid":{"rendered":"https:\/\/fysiolab.dk\/product\/aircast-airsport-ankelstoette\/"},"modified":"2025-12-18T09:22:57","modified_gmt":"2025-12-18T08:22:57","slug":"aircast-airsport-ankelstoette","status":"publish","type":"product","link":"https:\/\/fysiolab.dk\/no\/product\/aircast-airsport-ankelstoette\/","title":{"rendered":"AIRCAST AirSport ankelst\u00f8tte"},"content":{"rendered":"<h4><strong>Optimal bruk AIRCAST AirSport<\/p>\n<p><\/strong><\/h4>\n<p>Utviklet for personer med kroniske ankelforstuinger. Med Air-Stirrup-st\u00f8tte og ATF-kryssstropp (ATF=anterior talofibular) for \u00e5 stabilisere ankelen. Integrert forfots- og leggbandasje for ekstra ankelst\u00f8tte. H\u00e6lbreddejustering gj\u00f8r den enkel \u00e5 ta p\u00e5. Impregnert stoff \u00f8ker holdbarheten. \u00c5ttetallsstropp som gir samme stabilitet og beskyttelse som ankelb\u00e5nd med tape.       <strong>Tilgjengelig i h\u00f8yre- og venstremodeller.<\/strong><\/p>\n<p><strong>St\u00f8rrelsesguide<\/strong><\/p>\n<p><a href=\"https:\/\/dev.fysiolab.dk\/wp-content\/uploads\/2025\/05\/F1-1.png\"><img fetchpriority=\"high\" decoding=\"async\" class=\"alignnone size-medium wp-image-202393312\" src=\"https:\/\/dev.fysiolab.dk\/wp-content\/uploads\/2025\/05\/F1-1-300x169.png\" alt=\"\" width=\"300\" height=\"169\" title=\"\"><\/a><\/p>\n<p><strong>Skost\u00f8rrelse Skost\u00f8rrelse   <\/strong><\/p>\n<p><strong>30-34 XS<\/strong><\/p>\n<p><strong>35-38 S<\/strong><\/p>\n<p><strong>39-42 M<\/strong><\/p>\n<p><strong>43-47 L<\/strong><\/p>\n<p><strong>+47 XL<\/strong><\/p>\n<p><iframe title=\"Skost\u00f8rrelsesvejledning sko FysioLab\" width=\"800\" height=\"450\" src=\"https:\/\/www.youtube.com\/embed\/uG9ZtXDPSMM?feature=oembed\" frameborder=\"0\" allow=\"accelerometer; autoplay; clipboard-write; encrypted-media; gyroscope; picture-in-picture; web-share\" referrerpolicy=\"strict-origin-when-cross-origin\" allowfullscreen><\/iframe><\/p>\n<p><iframe title=\"Aircast AirSport Ankle Brace Overview\" width=\"800\" height=\"450\" src=\"https:\/\/www.youtube.com\/embed\/QRVl4X_As-A?feature=oembed\" frameborder=\"0\" allow=\"accelerometer; autoplay; clipboard-write; encrypted-media; gyroscope; picture-in-picture; web-share\" referrerpolicy=\"strict-origin-when-cross-origin\" allowfullscreen><\/iframe><\/p>\n","protected":false},"excerpt":{"rendered":"<p><strong>Utviklet for idrettsut\u00f8vere og pasienter med kroniske ankelforstuinger. Med Air-Stirrup-st\u00f8tte for \u00e5 stabilisere mot ytre vridning og kryssstropp for \u00e5 stabilisere ankelen. Integrert forfots- og skinnebensbandasje for st\u00f8tte. Automatisk justering av h\u00e6lbredden gj\u00f8r den enkel \u00e5 ta p\u00e5. Impregnert stoff \u00f8ker holdbarheten.     Tilgjengelig i h\u00f8yre- og venstremodeller.<\/strong><\/p>\n","protected":false},"featured_media":78600,"comment_status":"closed","ping_status":"closed","template":"","meta":{"_acf_changed":false},"product_brand":[3092],"product_cat":[2129,2183,2074,1992,2180,2182,2076,2181,1937,1970,1933,2077],"product_tag":[2614],"class_list":{"0":"post-78583","1":"product","2":"type-product","3":"status-publish","4":"has-post-thumbnail","6":"product_brand-aircast","7":"product_cat-aircast-no","8":"product_cat-aircast-ankelstoette","9":"product_cat-ankelforstuing","10":"product_cat-ankelskinne","11":"product_cat-ankelskinner-for-fotball","12":"product_cat-ankelskinner-for-haandball","13":"product_cat-ankelvridning","14":"product_cat-artrose-i-ankelleddet","15":"product_cat-merkevarer","16":"product_cat-padel-no","17":"product_cat-skinner-og-stoetteskinner","18":"product_cat-ustabil-ankel-no","19":"product_tag-aircast-no","21":"first","22":"instock","23":"taxable","24":"shipping-taxable","25":"purchasable","26":"product-type-variable"},"acf":[],"_links":{"self":[{"href":"https:\/\/fysiolab.dk\/no\/wp-json\/wp\/v2\/product\/78583","targetHints":{"allow":["GET"]}}],"collection":[{"href":"https:\/\/fysiolab.dk\/no\/wp-json\/wp\/v2\/product"}],"about":[{"href":"https:\/\/fysiolab.dk\/no\/wp-json\/wp\/v2\/types\/product"}],"replies":[{"embeddable":true,"href":"https:\/\/fysiolab.dk\/no\/wp-json\/wp\/v2\/comments?post=78583"}],"wp:featuredmedia":[{"embeddable":true,"href":"https:\/\/fysiolab.dk\/no\/wp-json\/wp\/v2\/media\/78600"}],"wp:attachment":[{"href":"https:\/\/fysiolab.dk\/no\/wp-json\/wp\/v2\/media?parent=78583"}],"wp:term":[{"taxonomy":"product_brand","embeddable":true,"href":"https:\/\/fysiolab.dk\/no\/wp-json\/wp\/v2\/product_brand?post=78583"},{"taxonomy":"product_cat","embeddable":true,"href":"https:\/\/fysiolab.dk\/no\/wp-json\/wp\/v2\/product_cat?post=78583"},{"taxonomy":"product_tag","embeddable":true,"href":"https:\/\/fysiolab.dk\/no\/wp-json\/wp\/v2\/product_tag?post=78583"}],"curies":[{"name":"wp","href":"https:\/\/api.w.org\/{rel}","templated":true}]}}