{"id":78584,"date":"2023-07-16T12:39:44","date_gmt":"2023-07-16T10:39:44","guid":{"rendered":"https:\/\/fysiolab.dk\/product\/donjoy-conforstrap-ryggstoette\/"},"modified":"2026-03-25T06:52:43","modified_gmt":"2026-03-25T05:52:43","slug":"donjoy-conforstrap-ryggstoette","status":"publish","type":"product","link":"https:\/\/fysiolab.dk\/no\/product\/donjoy-conforstrap-ryggstoette\/","title":{"rendered":"DonJoy Conforstrap ryggst\u00f8tte"},"content":{"rendered":"<h4><strong>Optimal anvendelse<\/strong><\/h4>\n<p>Kompresjonsst\u00f8tte for kroniske korsryggsmerter. Egnet for stillesittende arbeid og hverdagsaktiviteter. Avtakbar varme-\/kuldepakke for smertelindring.    <strong>Finnes i 2 h\u00f8yder: 21 cm og 26 cm. Vi anbefaler 21 cm h\u00f8yde for personer under 175 cm. <\/strong><\/p>\n<p><strong>Fordeler og funksjoner  <\/strong><\/p>\n<ul>\n<li>Strikket stretchmateriale for anatomisk passform og optimal komfort<\/li>\n<li>4 forh\u00e5ndsformede ryggb\u00f8yler og 2 fleksible bukb\u00f8yler<\/li>\n<li>Avtakbar varme-\/kuldepakke for smertelindring<\/li>\n<li>Frontlukking med h\u00e5ndstropper for enkel av- og p\u00e5kledning<\/li>\n<\/ul>\n<p><strong>St\u00f8rrelsesguide<\/strong><\/p>\n<p><strong>M\u00e5l omkretsen av midjen din (navleniv\u00e5)<\/strong><\/p>\n<p><a href=\"https:\/\/dev.fysiolab.dk\/wp-content\/uploads\/2025\/05\/X1.png\"><img fetchpriority=\"high\" decoding=\"async\" class=\"alignnone size-medium wp-image-202392633\" src=\"https:\/\/dev.fysiolab.dk\/wp-content\/uploads\/2025\/05\/X1-300x169.png\" alt=\"\" width=\"300\" height=\"169\" title=\"\"><\/a><\/p>\n<p><strong>Omkrets Str.<\/strong><\/p>\n<p><strong>56-68 cm XS<\/strong><\/p>\n<p><strong>68-82 cm S<\/strong><\/p>\n<p><strong>82-98 cm M<\/strong><\/p>\n<p><strong>98-116 cm L<\/strong><\/p>\n<p><strong>116-136 cm XL<\/strong><\/p>\n<p><iframe title=\"Opm\u00e5lingsvejledning til taljem\u00e5l FysioLab\" width=\"800\" height=\"450\" src=\"https:\/\/www.youtube.com\/embed\/_c2mbw5K7uY?feature=oembed\" frameborder=\"0\" allow=\"accelerometer; autoplay; clipboard-write; encrypted-media; gyroscope; picture-in-picture; web-share\" referrerpolicy=\"strict-origin-when-cross-origin\" allowfullscreen><\/iframe><\/p>\n<p><iframe title=\"DonJoy Lumbar Support Range | UK\" width=\"800\" height=\"450\" src=\"https:\/\/www.youtube.com\/embed\/LpVXNSZZbZg?feature=oembed\" frameborder=\"0\" allow=\"accelerometer; autoplay; clipboard-write; encrypted-media; gyroscope; picture-in-picture; web-share\" referrerpolicy=\"strict-origin-when-cross-origin\" allowfullscreen><\/iframe><\/p>\n","protected":false},"excerpt":{"rendered":"<p><strong>Moderat kompresjonsst\u00f8tte for korsryggen ved kroniske korsryggsmerter. Egnet for stillesittende arbeid og hverdagsaktiviteter. Avtakbar varme-\/kuldepakke for smertelindring med kryoterapi\/termoterapi. Tilgjengelig i 2 h\u00f8yder: 21 og 26 cm   <\/strong><\/p>\n","protected":false},"featured_media":78613,"comment_status":"closed","ping_status":"closed","template":"","meta":{"_acf_changed":false},"product_brand":[3091],"product_cat":[2188,2189,2191,1938,2194,2946,2193,2192,2119,2120,2185,1937,2190,2184,1933,2186,2187],"product_tag":[2173],"class_list":{"0":"post-78584","1":"product","2":"type-product","3":"status-publish","4":"has-post-thumbnail","6":"product_brand-donjoy","7":"product_cat-anstrengt-rygg","8":"product_cat-artrose-i-ryggen","9":"product_cat-brudd-i-ryggen-brudd-i-ryggraden","10":"product_cat-donjoy-no","11":"product_cat-donjoy-korsryggbelte","12":"product_cat-donjoy-reimserie","13":"product_cat-donjoy-ryggstoette","14":"product_cat-isjias-iskias","15":"product_cat-kald-og-varmebehandling","16":"product_cat-kalde-pakninger","17":"product_cat-kombinerte-kulde-varmebandasjer","18":"product_cat-merkevarer","19":"product_cat-osteoporose-benskjoerhet-i-ryggen","20":"product_cat-rygg-og-korsrygg","21":"product_cat-skinner-og-stoetteskinner","22":"product_cat-skiveprolaps","23":"product_cat-smerter-i-nedre-del-av-ryggen","24":"product_tag-donjoy-no","26":"first","27":"instock","28":"sale","29":"taxable","30":"shipping-taxable","31":"purchasable","32":"product-type-variable"},"acf":[],"_links":{"self":[{"href":"https:\/\/fysiolab.dk\/no\/wp-json\/wp\/v2\/product\/78584","targetHints":{"allow":["GET"]}}],"collection":[{"href":"https:\/\/fysiolab.dk\/no\/wp-json\/wp\/v2\/product"}],"about":[{"href":"https:\/\/fysiolab.dk\/no\/wp-json\/wp\/v2\/types\/product"}],"replies":[{"embeddable":true,"href":"https:\/\/fysiolab.dk\/no\/wp-json\/wp\/v2\/comments?post=78584"}],"wp:featuredmedia":[{"embeddable":true,"href":"https:\/\/fysiolab.dk\/no\/wp-json\/wp\/v2\/media\/78613"}],"wp:attachment":[{"href":"https:\/\/fysiolab.dk\/no\/wp-json\/wp\/v2\/media?parent=78584"}],"wp:term":[{"taxonomy":"product_brand","embeddable":true,"href":"https:\/\/fysiolab.dk\/no\/wp-json\/wp\/v2\/product_brand?post=78584"},{"taxonomy":"product_cat","embeddable":true,"href":"https:\/\/fysiolab.dk\/no\/wp-json\/wp\/v2\/product_cat?post=78584"},{"taxonomy":"product_tag","embeddable":true,"href":"https:\/\/fysiolab.dk\/no\/wp-json\/wp\/v2\/product_tag?post=78584"}],"curies":[{"name":"wp","href":"https:\/\/api.w.org\/{rel}","templated":true}]}}