{"id":78617,"date":"2023-07-16T12:38:59","date_gmt":"2023-07-16T10:38:59","guid":{"rendered":"https:\/\/fysiolab.dk\/product\/aircast-airsport-ankelstoette-2\/"},"modified":"2025-12-18T09:22:57","modified_gmt":"2025-12-18T08:22:57","slug":"aircast-airsport-ankelstoette-2","status":"publish","type":"product","link":"https:\/\/fysiolab.dk\/no\/product\/aircast-airsport-ankelstoette-2\/","title":{"rendered":"AIRCAST AirSport+ ankelst\u00f8tte"},"content":{"rendered":"<h4><strong>Optimal anvendelse<\/p>\n<p><\/strong><\/h4>\n<p>Aircast AirSport+ ankelskinne er en ny design som skal hjelpe skadde eller svekkede ankler med \u00e5 gjenvinne sitt fulle potensial ved \u00e5 gi st\u00f8tte, kompresjon og stabilitet i en komfortabel skinne som er enkel \u00e5 ta av og p\u00e5. Skinnen er ideell for aktive personer eller idrettsut\u00f8vere som kommer seg etter en ankelskade og \u00f8nsker \u00e5 gjenoppta sine sportslige aktiviteter. Skinnen kan enkelt tilpasses ved hjelp av BOA-lukkesystemet for optimal og rask justering av skinnen til ankelen din.    <strong>Tilgjengelig i en h\u00f8yre- og en venstremodell<\/strong><\/p>\n<p><strong>St\u00f8rrelsesguide<\/strong><\/p>\n<p><a href=\"https:\/\/dev.fysiolab.dk\/wp-content\/uploads\/2025\/05\/F1-2.png\"><img fetchpriority=\"high\" decoding=\"async\" class=\"alignnone size-medium wp-image-202393314\" src=\"https:\/\/dev.fysiolab.dk\/wp-content\/uploads\/2025\/05\/F1-2-300x169.png\" alt=\"\" width=\"300\" height=\"169\" title=\"\"><\/a><\/p>\n<p><strong>Skost\u00f8rrelse. St\u00f8rrelse. <\/strong><\/p>\n<p><strong>30-34 XS<\/strong><\/p>\n<p><strong>34-37 S<\/strong><\/p>\n<p><strong>37-42 M<\/strong><\/p>\n<p><strong>42-46 L<\/strong><\/p>\n<p><strong>+46 XL<\/strong><\/p>\n<p><iframe title=\"Skost\u00f8rrelsesvejledning sko FysioLab\" width=\"800\" height=\"450\" src=\"https:\/\/www.youtube.com\/embed\/uG9ZtXDPSMM?feature=oembed\" frameborder=\"0\" allow=\"accelerometer; autoplay; clipboard-write; encrypted-media; gyroscope; picture-in-picture; web-share\" referrerpolicy=\"strict-origin-when-cross-origin\" allowfullscreen><\/iframe><\/p>\n<p><strong>Fordeler og funksjoner<\/strong><\/p>\n<ul>\n<li>Anatomisk formede skall som minimerer risikoen for vridning av ankelen (inversjon\/eversion)<\/li>\n<li>Innovativt sn\u00f8resystem<\/li>\n<li>Gir jevn, justerbar kompresjon uten \u00e5 skape enkelte trykkpunkter<\/li>\n<li>Skumfylte luftceller i bandasjematerialet<\/li>\n<li>\u00c5ndbart materiale<\/li>\n<\/ul>\n<p>&nbsp;<\/p>\n<p>&nbsp;<\/p>\n","protected":false},"excerpt":{"rendered":"<p><strong>Aircast AirSport+ Ankle Brace er en ny design som skal hjelpe skadde eller svekkede ankler med \u00e5 gjenvinne sitt fulle potensial ved \u00e5 gi st\u00f8tte, kompresjon og stabilitet i en komfortabel skinne. Den sterkeste ankelskinnen p\u00e5 markedet. <\/p>\n<p><\/strong><\/p>\n<p>https:\/\/www.youtube.com\/watch?v=wUeR0knxp5s<\/p>\n","protected":false},"featured_media":78630,"comment_status":"closed","ping_status":"closed","template":"","meta":{"_acf_changed":false},"product_brand":[3092],"product_cat":[2129,2183,2074,1992,2076,2181,1937,1970,1933,2077],"product_tag":[2614],"class_list":{"0":"post-78617","1":"product","2":"type-product","3":"status-publish","4":"has-post-thumbnail","6":"product_brand-aircast","7":"product_cat-aircast-no","8":"product_cat-aircast-ankelstoette","9":"product_cat-ankelforstuing","10":"product_cat-ankelskinne","11":"product_cat-ankelvridning","12":"product_cat-artrose-i-ankelleddet","13":"product_cat-merkevarer","14":"product_cat-padel-no","15":"product_cat-skinner-og-stoetteskinner","16":"product_cat-ustabil-ankel-no","17":"product_tag-aircast-no","19":"first","20":"instock","21":"taxable","22":"shipping-taxable","23":"purchasable","24":"product-type-variable"},"acf":[],"_links":{"self":[{"href":"https:\/\/fysiolab.dk\/no\/wp-json\/wp\/v2\/product\/78617","targetHints":{"allow":["GET"]}}],"collection":[{"href":"https:\/\/fysiolab.dk\/no\/wp-json\/wp\/v2\/product"}],"about":[{"href":"https:\/\/fysiolab.dk\/no\/wp-json\/wp\/v2\/types\/product"}],"replies":[{"embeddable":true,"href":"https:\/\/fysiolab.dk\/no\/wp-json\/wp\/v2\/comments?post=78617"}],"wp:featuredmedia":[{"embeddable":true,"href":"https:\/\/fysiolab.dk\/no\/wp-json\/wp\/v2\/media\/78630"}],"wp:attachment":[{"href":"https:\/\/fysiolab.dk\/no\/wp-json\/wp\/v2\/media?parent=78617"}],"wp:term":[{"taxonomy":"product_brand","embeddable":true,"href":"https:\/\/fysiolab.dk\/no\/wp-json\/wp\/v2\/product_brand?post=78617"},{"taxonomy":"product_cat","embeddable":true,"href":"https:\/\/fysiolab.dk\/no\/wp-json\/wp\/v2\/product_cat?post=78617"},{"taxonomy":"product_tag","embeddable":true,"href":"https:\/\/fysiolab.dk\/no\/wp-json\/wp\/v2\/product_tag?post=78617"}],"curies":[{"name":"wp","href":"https:\/\/api.w.org\/{rel}","templated":true}]}}