{"id":78618,"date":"2023-07-16T12:39:29","date_gmt":"2023-07-16T10:39:29","guid":{"rendered":"https:\/\/fysiolab.dk\/product\/donjoy-actistrap-ryggstoette\/"},"modified":"2026-03-21T21:10:37","modified_gmt":"2026-03-21T20:10:37","slug":"donjoy-actistrap-ryggstoette","status":"publish","type":"product","link":"https:\/\/fysiolab.dk\/no\/product\/donjoy-actistrap-ryggstoette\/","title":{"rendered":"DonJoy Actistrap ryggst\u00f8tte"},"content":{"rendered":"<h3><strong>Optimal bruk av DonJoy Actistrap ryggst\u00f8tte<\/strong><\/h3>\n<p>Justerbart korsryggbelte for akutte eller kroniske korsryggsmerter. St\u00f8tter ved tunge l\u00f8ft.  Ideell for aktive personer med tungt fysisk arbeid.  <strong>Tilgjengelig i 2 h\u00f8yder: 21 cm og 26 cm. Vi anbefaler h\u00f8yden 21 cm for personer som er under 175 cm h\u00f8ye. <\/strong><\/p>\n<p><strong>Fordeler og funksjoner<\/strong><\/p>\n<ul>\n<li>Sv\u00e6rt elastisk kompresjonsmateriale<\/li>\n<li>Doble elastiske stropper for justering av kompresjonsniv\u00e5et<\/li>\n<li>4 ryggb\u00f8yler og 2 fleksible bukb\u00f8yler<\/li>\n<li>H\u00e5ndstropper og fingerstropper for enkel av- og p\u00e5kledning<\/li>\n<li>Belteh\u00f8yde: 21 cm og 26 cm<\/li>\n<\/ul>\n<p><strong>St\u00f8rrelsesguide<\/strong><\/p>\n<p><strong>M\u00e5l midjem\u00e5let ditt ved navlen  <\/strong><\/p>\n<p><img fetchpriority=\"high\" decoding=\"async\" class=\"alignnone size-medium wp-image-107036\" src=\"https:\/\/fysiolab.dk\/wp-content\/uploads\/2026\/03\/taljema%CC%8Al--300x200.png\" alt=\"\" width=\"300\" height=\"200\" title=\"\"><\/p>\n<p><strong>Omkrets Str.<\/strong><\/p>\n<p><strong>56-68 cm XS<\/strong><\/p>\n<p><strong>68-82 cm S<\/strong><\/p>\n<p><strong>82-98 cm M<\/strong><\/p>\n<p><strong>98-116 cm L<\/strong><\/p>\n<p><strong>116-136 cm XL<\/strong><\/p>\n<p><iframe title=\"Opm\u00e5lingsvejledning til taljem\u00e5l FysioLab\" width=\"800\" height=\"450\" src=\"https:\/\/www.youtube.com\/embed\/_c2mbw5K7uY?feature=oembed\" frameborder=\"0\" allow=\"accelerometer; autoplay; clipboard-write; encrypted-media; gyroscope; picture-in-picture; web-share\" referrerpolicy=\"strict-origin-when-cross-origin\" allowfullscreen><\/iframe><\/p>\n<p><iframe title=\"Monteringsvideo af DonJoy Actistrap rygbandage FysioLab\" width=\"800\" height=\"450\" src=\"https:\/\/www.youtube.com\/embed\/lIsacKXc0lM?feature=oembed\" frameborder=\"0\" allow=\"accelerometer; autoplay; clipboard-write; encrypted-media; gyroscope; picture-in-picture; web-share\" referrerpolicy=\"strict-origin-when-cross-origin\" allowfullscreen><\/iframe><\/p>\n<p>&nbsp;<\/p>\n","protected":false},"excerpt":{"rendered":"<p><strong>Justerbart korsryggbelte for akutte eller kroniske korsryggsmerter. Anbefales for aktive personer som \u00f8nsker st\u00f8tte under aktivitet og tunge l\u00f8ft.  Korsetten er tilgjengelig i to h\u00f8yder, 21 og 26 cm. God st\u00f8tte uten at det g\u00e5r p\u00e5 bekostning av bevegelsesfriheten <\/strong><\/p>\n<p><strong>Tilgjengelig i 2 h\u00f8yder 21 og 26 cm. Vi anbefaler h\u00f8yden 21 cm for personer under 175 cm. Finn st\u00f8rrelsesguide lenger ned i produktbeskrivelsen  <\/strong><\/p>\n<p>&nbsp;<\/p>\n","protected":false},"featured_media":78644,"comment_status":"closed","ping_status":"closed","template":"","meta":{"_acf_changed":false},"product_brand":[3091],"product_cat":[2188,2189,2191,1938,2194,2946,2193,2192,1937,2190,1970,2184,1933,2186,2187],"product_tag":[2173,3253],"class_list":{"0":"post-78618","1":"product","2":"type-product","3":"status-publish","4":"has-post-thumbnail","6":"product_brand-donjoy","7":"product_cat-anstrengt-rygg","8":"product_cat-artrose-i-ryggen","9":"product_cat-brudd-i-ryggen-brudd-i-ryggraden","10":"product_cat-donjoy-no","11":"product_cat-donjoy-korsryggbelte","12":"product_cat-donjoy-reimserie","13":"product_cat-donjoy-ryggstoette","14":"product_cat-isjias-iskias","15":"product_cat-merkevarer","16":"product_cat-osteoporose-benskjoerhet-i-ryggen","17":"product_cat-padel-no","18":"product_cat-rygg-og-korsrygg","19":"product_cat-skinner-og-stoetteskinner","20":"product_cat-skiveprolaps","21":"product_cat-smerter-i-nedre-del-av-ryggen","22":"product_tag-donjoy-no","23":"product_tag-donjoy-strap-serien","25":"first","26":"instock","27":"sale","28":"taxable","29":"shipping-taxable","30":"purchasable","31":"product-type-variable"},"acf":[],"_links":{"self":[{"href":"https:\/\/fysiolab.dk\/no\/wp-json\/wp\/v2\/product\/78618","targetHints":{"allow":["GET"]}}],"collection":[{"href":"https:\/\/fysiolab.dk\/no\/wp-json\/wp\/v2\/product"}],"about":[{"href":"https:\/\/fysiolab.dk\/no\/wp-json\/wp\/v2\/types\/product"}],"replies":[{"embeddable":true,"href":"https:\/\/fysiolab.dk\/no\/wp-json\/wp\/v2\/comments?post=78618"}],"wp:featuredmedia":[{"embeddable":true,"href":"https:\/\/fysiolab.dk\/no\/wp-json\/wp\/v2\/media\/78644"}],"wp:attachment":[{"href":"https:\/\/fysiolab.dk\/no\/wp-json\/wp\/v2\/media?parent=78618"}],"wp:term":[{"taxonomy":"product_brand","embeddable":true,"href":"https:\/\/fysiolab.dk\/no\/wp-json\/wp\/v2\/product_brand?post=78618"},{"taxonomy":"product_cat","embeddable":true,"href":"https:\/\/fysiolab.dk\/no\/wp-json\/wp\/v2\/product_cat?post=78618"},{"taxonomy":"product_tag","embeddable":true,"href":"https:\/\/fysiolab.dk\/no\/wp-json\/wp\/v2\/product_tag?post=78618"}],"curies":[{"name":"wp","href":"https:\/\/api.w.org\/{rel}","templated":true}]}}