{"id":78672,"date":"2023-07-16T12:38:40","date_gmt":"2023-07-16T10:38:40","guid":{"rendered":"https:\/\/fysiolab.dk\/product\/donjoy-tru-pull-lite-knestoette\/"},"modified":"2026-03-28T16:37:46","modified_gmt":"2026-03-28T15:37:46","slug":"donjoy-tru-pull-lite-knestoette","status":"publish","type":"product","link":"https:\/\/fysiolab.dk\/no\/product\/donjoy-tru-pull-lite-knestoette\/","title":{"rendered":"DONJOY Tru-Pull Lite knest\u00f8tte"},"content":{"rendered":"<h4><strong>Optimal anvendelse<\/strong><\/h4>\n<p>Tru-Pull Lite fra DonJoy er en knesk\u00e5lstabiliserende skinne med en enkelt anatomisk formet skinne designet for \u00e5 gi avlastning i bevegelsesbanen. Den lille og lette bandasjen er laget av pustende Breath-O-Prene-materiale. Bandasjen har brukervennlige stropper og er enkel \u00e5 ta av og p\u00e5, selv for personer med artrose i hendene. Tru-Pull Lite er ideell for personer med mild knesk\u00e5lforskyvning (subluksasjon), sporingsfeil og kondromalasi som trenger st\u00f8tte under hverdagsaktiviteter og under idrett som krever retningsendringer og raske bevegelser.  <strong>Tilgjengelig i st\u00f8rrelsene XS-XXXL.  <\/strong><\/p>\n<p><strong>Tilgjengelig i h\u00f8yre- og venstremodeller<\/strong><\/p>\n<p><strong>St\u00f8rrelsesguide<\/strong><\/p>\n<p><strong>Omkretsen m\u00e5les 15 cm over knesk\u00e5len (se video med instruksjoner lenger ned i teksten)<\/strong><\/p>\n<p><strong>V\u00e6r oppmerksom p\u00e5 at bandasjen er liten i st\u00f8rrelsen. Hvis du er i n\u00e6rheten av en ny st\u00f8rrelse, anbefaler vi at du g\u00e5r opp en st\u00f8rrelse <\/strong><\/p>\n<p><img fetchpriority=\"high\" decoding=\"async\" class=\"alignnone size-medium wp-image-107044\" src=\"https:\/\/fysiolab.dk\/wp-content\/uploads\/2026\/03\/Sammenklip-266x300.png\" alt=\"\" width=\"266\" height=\"300\" title=\"\" srcset=\"https:\/\/fysiolab.dk\/wp-content\/uploads\/2026\/03\/Sammenklip-266x300.png 266w, https:\/\/fysiolab.dk\/wp-content\/uploads\/2026\/03\/Sammenklip-908x1024.png 908w, https:\/\/fysiolab.dk\/wp-content\/uploads\/2026\/03\/Sammenklip-768x866.png 768w, https:\/\/fysiolab.dk\/wp-content\/uploads\/2026\/03\/Sammenklip-1362x1536.png 1362w, https:\/\/fysiolab.dk\/wp-content\/uploads\/2026\/03\/Sammenklip-600x677.png 600w, https:\/\/fysiolab.dk\/wp-content\/uploads\/2026\/03\/Sammenklip.png 1535w\" sizes=\"(max-width: 266px) 100vw, 266px\" \/><\/p>\n<table>\n<tbody>\n<tr>\n<td><strong>Omkrets<\/strong><\/td>\n<td><strong>St\u00f8rrelse<\/strong><\/td>\n<\/tr>\n<tr>\n<td><strong>33-39 cm<\/strong><\/td>\n<td><strong>XS<\/strong><\/td>\n<\/tr>\n<tr>\n<td><strong>39-47 cm<\/strong><\/td>\n<td><strong>S<\/strong><\/td>\n<\/tr>\n<tr>\n<td><strong>47-53 cm<\/strong><\/td>\n<td><strong>M<\/strong><\/td>\n<\/tr>\n<tr>\n<td><strong>53-60 cm<\/strong><\/td>\n<td><strong>L<\/strong><\/td>\n<\/tr>\n<tr>\n<td><strong>60-67 cm<\/strong><\/td>\n<td><strong>XL<\/strong><\/td>\n<\/tr>\n<tr>\n<td><strong>67-75 cm<\/strong><\/td>\n<td><strong>XXL<\/strong><\/td>\n<\/tr>\n<tr>\n<td><strong>75-81 cm<\/strong><\/td>\n<td><strong>XXXL<\/strong><\/td>\n<\/tr>\n<\/tbody>\n<\/table>\n<p><iframe title=\"Opm\u00e5lingsvejledning til kn\u00e6bandager\" width=\"800\" height=\"450\" src=\"https:\/\/www.youtube.com\/embed\/gHZnfVzfG_k?feature=oembed\" frameborder=\"0\" allow=\"accelerometer; autoplay; clipboard-write; encrypted-media; gyroscope; picture-in-picture; web-share\" referrerpolicy=\"strict-origin-when-cross-origin\" allowfullscreen><\/iframe><\/p>\n<p><strong>Kontakt FysioLabs fysioterapeuter p\u00e5: 92724444 for sp\u00f8rsm\u00e5l om dette produktet<\/strong><\/p>\n<p><iframe title=\"DonJoy Tru-Pull Lite Knee Brace Overview\" width=\"800\" height=\"450\" src=\"https:\/\/www.youtube.com\/embed\/Rb3WDxUcTA0?feature=oembed\" frameborder=\"0\" allow=\"accelerometer; autoplay; clipboard-write; encrypted-media; gyroscope; picture-in-picture; web-share\" referrerpolicy=\"strict-origin-when-cross-origin\" allowfullscreen><\/iframe><\/p>\n<p>&nbsp;<\/p>\n","protected":false},"excerpt":{"rendered":"<p><strong>Tru-Pull Lite fra DonJoy er en knesk\u00e5lstabiliserende skinne med en enkelt anatomisk formet skinne designet for \u00e5 gi avlastning i bevegelsesbanen. Den lille og lette bandasjen er laget av pustende Breath-O-Prene-materiale. Anbefales ved smerter i knesk\u00e5len og uspesifikke smerter i fremre del av kneet. Kan brukes b\u00e5de i dagliglivet og under idretter som krever retningsforandring <\/strong><\/p>\n<p>&nbsp;<\/p>\n","protected":false},"featured_media":78689,"comment_status":"closed","ping_status":"closed","template":"","meta":{"_acf_changed":false},"product_brand":[3091],"product_cat":[1938,1977,1978,2199,1937,1976,1970,1933,2200],"product_tag":[2173],"class_list":{"0":"post-78672","1":"product","2":"type-product","3":"status-publish","4":"has-post-thumbnail","6":"product_brand-donjoy","7":"product_cat-donjoy-no","8":"product_cat-donjoy-knestoette","9":"product_cat-knestoetter","10":"product_cat-loes-kneskaal-patellaluksasjon-og-smerter-i-kneskaalen","11":"product_cat-merkevarer","12":"product_cat-overbelastning-no","13":"product_cat-padel-no","14":"product_cat-skinner-og-stoetteskinner","15":"product_cat-uspesifikke-smerter-i-fremre-del-av-kneet","16":"product_tag-donjoy-no","18":"first","19":"instock","20":"taxable","21":"shipping-taxable","22":"purchasable","23":"product-type-variable"},"acf":[],"_links":{"self":[{"href":"https:\/\/fysiolab.dk\/no\/wp-json\/wp\/v2\/product\/78672","targetHints":{"allow":["GET"]}}],"collection":[{"href":"https:\/\/fysiolab.dk\/no\/wp-json\/wp\/v2\/product"}],"about":[{"href":"https:\/\/fysiolab.dk\/no\/wp-json\/wp\/v2\/types\/product"}],"replies":[{"embeddable":true,"href":"https:\/\/fysiolab.dk\/no\/wp-json\/wp\/v2\/comments?post=78672"}],"wp:featuredmedia":[{"embeddable":true,"href":"https:\/\/fysiolab.dk\/no\/wp-json\/wp\/v2\/media\/78689"}],"wp:attachment":[{"href":"https:\/\/fysiolab.dk\/no\/wp-json\/wp\/v2\/media?parent=78672"}],"wp:term":[{"taxonomy":"product_brand","embeddable":true,"href":"https:\/\/fysiolab.dk\/no\/wp-json\/wp\/v2\/product_brand?post=78672"},{"taxonomy":"product_cat","embeddable":true,"href":"https:\/\/fysiolab.dk\/no\/wp-json\/wp\/v2\/product_cat?post=78672"},{"taxonomy":"product_tag","embeddable":true,"href":"https:\/\/fysiolab.dk\/no\/wp-json\/wp\/v2\/product_tag?post=78672"}],"curies":[{"name":"wp","href":"https:\/\/api.w.org\/{rel}","templated":true}]}}