{"id":78673,"date":"2023-07-16T12:39:14","date_gmt":"2023-07-16T10:39:14","guid":{"rendered":"https:\/\/fysiolab.dk\/product\/procare-comfortform-boxers-splint-haandleddstoette\/"},"modified":"2025-12-18T09:22:57","modified_gmt":"2025-12-18T08:22:57","slug":"procare-comfortform-boxers-splint-haandleddstoette","status":"publish","type":"product","link":"https:\/\/fysiolab.dk\/no\/product\/procare-comfortform-boxers-splint-haandleddstoette\/","title":{"rendered":"PROCARE Comfortform Boxer&#8217;s Splint h\u00e5ndleddst\u00f8tte"},"content":{"rendered":"<h3><strong>Optimal anvendelse<\/strong><\/h3>\n<p>H\u00e5ndbandasje laget av lett, pustende stoff. Alternativ til gips eller skinne etter h\u00e5ndleddsbrudd, karpalknokler og karpaltunnelsyndrom. Formbar skinne som skaper dorsal blokkering (h\u00e5ndflaten) og holder leddene i fjerde og femte finger fullt flektert etter skade. Ideell ved metakarpalt brudd, b\u00f8yesene- og\/eller nerveskader i fjerde og femte fingerledd.     <strong>Tilgjengelig i h\u00f8yre- og venstremodeller.<\/strong><\/p>\n<p><strong>St\u00f8rrelsesguide  <\/strong><\/p>\n<p><strong>H\u00e5ndleddets omkrets m\u00e5les der det er minst (se video med instruksjoner lenger ned i teksten)<\/strong><\/p>\n<p><a href=\"https:\/\/dev.fysiolab.dk\/wp-content\/uploads\/2025\/05\/H2.png\"><img fetchpriority=\"high\" decoding=\"async\" class=\"alignnone size-medium wp-image-202392805\" src=\"https:\/\/dev.fysiolab.dk\/wp-content\/uploads\/2025\/05\/H2-300x169.png\" alt=\"\" width=\"300\" height=\"169\" title=\"\"><\/a><\/p>\n<p><strong>Omkrets Str<\/strong><\/p>\n<p><strong>&lt;14 cm XS<\/strong><\/p>\n<p><strong>14-16,5 cm S<\/strong><\/p>\n<p><strong>16,5-19 cm M<\/strong><\/p>\n<p><strong>19-21,5 cm L<\/strong><\/p>\n<p><strong>&gt;  21,5 cm XL<\/strong><\/p>\n","protected":false},"excerpt":{"rendered":"<p><strong>H\u00e5ndbandasje laget av lett, pustende stoff. Ideell for brudd p\u00e5 h\u00e5ndrotsknokler. Gir optimal beskyttelse og immobilisering av h\u00e5ndleddet etter brudd.   Finnes i en h\u00f8yre- og en venstremodell.<\/strong><\/p>\n<p>https:\/\/www.youtube.com\/watch?v=uT1ZaBnbLiI<\/p>\n","protected":false},"featured_media":78702,"comment_status":"closed","ping_status":"closed","template":"","meta":{"_acf_changed":false},"product_brand":[3139],"product_cat":[2071,2042,2043,2040,2068,1937,2000,2201,2067,1933],"product_tag":[2264],"class_list":{"0":"post-78673","1":"product","2":"type-product","3":"status-publish","4":"has-post-thumbnail","6":"product_brand-procare","7":"product_cat-artrose-i-haandleddet","8":"product_cat-brudd-i-haandleddet","9":"product_cat-forstuing-og-overbelastning-av-haandleddet","10":"product_cat-haand-og-haandleddsskinne","11":"product_cat-karpaltunnelsyndrom-no","12":"product_cat-merkevarer","13":"product_cat-procare-no","14":"product_cat-procare-haandledds-og-fingerbandasjer","15":"product_cat-senebetennelse","16":"product_cat-skinner-og-stoetteskinner","17":"product_tag-procare-no","19":"first","20":"instock","21":"taxable","22":"shipping-taxable","23":"purchasable","24":"product-type-variable"},"acf":[],"_links":{"self":[{"href":"https:\/\/fysiolab.dk\/no\/wp-json\/wp\/v2\/product\/78673","targetHints":{"allow":["GET"]}}],"collection":[{"href":"https:\/\/fysiolab.dk\/no\/wp-json\/wp\/v2\/product"}],"about":[{"href":"https:\/\/fysiolab.dk\/no\/wp-json\/wp\/v2\/types\/product"}],"replies":[{"embeddable":true,"href":"https:\/\/fysiolab.dk\/no\/wp-json\/wp\/v2\/comments?post=78673"}],"wp:featuredmedia":[{"embeddable":true,"href":"https:\/\/fysiolab.dk\/no\/wp-json\/wp\/v2\/media\/78702"}],"wp:attachment":[{"href":"https:\/\/fysiolab.dk\/no\/wp-json\/wp\/v2\/media?parent=78673"}],"wp:term":[{"taxonomy":"product_brand","embeddable":true,"href":"https:\/\/fysiolab.dk\/no\/wp-json\/wp\/v2\/product_brand?post=78673"},{"taxonomy":"product_cat","embeddable":true,"href":"https:\/\/fysiolab.dk\/no\/wp-json\/wp\/v2\/product_cat?post=78673"},{"taxonomy":"product_tag","embeddable":true,"href":"https:\/\/fysiolab.dk\/no\/wp-json\/wp\/v2\/product_tag?post=78673"}],"curies":[{"name":"wp","href":"https:\/\/api.w.org\/{rel}","templated":true}]}}