{"id":78704,"date":"2023-07-16T12:38:40","date_gmt":"2023-07-16T10:38:40","guid":{"rendered":"https:\/\/fysiolab.dk\/product\/aircast-a60-ankelstoette\/"},"modified":"2025-12-18T09:22:58","modified_gmt":"2025-12-18T08:22:58","slug":"aircast-a60-ankelstoette","status":"publish","type":"product","link":"https:\/\/fysiolab.dk\/no\/product\/aircast-a60-ankelstoette\/","title":{"rendered":"AIRCAST A60 ankelst\u00f8tte"},"content":{"rendered":"<h4><strong>Optimal anvendelse  <\/strong><\/h4>\n<p>Beskytter mot forvridning og forstuinger. Breath-O-Prene-stoff holder foten kj\u00f8lig og t\u00f8rr. Glatt og anatomisk design for en behagelig passform og lite fotavtrykk i skoen. Lett \u00e5 ta p\u00e5 og kan justeres med en enkelt stropp. Stroppen gir st\u00f8tte rundt ankelen for \u00e5 forhindre ytre vridning, som er den vanligste skaden p\u00e5 ankelb\u00e5ndene. Anbefales til sport og hverdagsaktiviteter der du \u00f8nsker stabilitet i ankelen slik at du ikke vrir deg p\u00e5 utsiden.     <\/p>\n<p><strong>Tilgjengelig i h\u00f8yre- og venstremodeller<\/strong><\/p>\n<p><strong>St\u00f8rrelsesguide<\/strong><\/p>\n<p><strong>Bestilles etter skost\u00f8rrelse (se video for st\u00f8rrelsesguide lenger ned i teksten)<\/strong><\/p>\n<table>\n<tbody>\n<tr>\n<td><strong>Skost\u00f8rrelse<\/strong><\/td>\n<td><strong>Skost\u00f8rrelse <\/strong><\/td>\n<\/tr>\n<tr>\n<td>&lt;39<\/td>\n<td>S<\/td>\n<\/tr>\n<tr>\n<td>39-42<\/td>\n<td>M<\/td>\n<\/tr>\n<tr>\n<td>&gt;42<\/td>\n<td>L<\/td>\n<\/tr>\n<\/tbody>\n<\/table>\n<p><iframe title=\"Skost\u00f8rrelsesvejledning sko FysioLab\" width=\"800\" height=\"450\" src=\"https:\/\/www.youtube.com\/embed\/uG9ZtXDPSMM?feature=oembed\" frameborder=\"0\" allow=\"accelerometer; autoplay; clipboard-write; encrypted-media; gyroscope; picture-in-picture; web-share\" referrerpolicy=\"strict-origin-when-cross-origin\" allowfullscreen><\/iframe><\/p>\n<p><iframe title=\"Aircast A60 ankelbandage\" width=\"800\" height=\"450\" src=\"https:\/\/www.youtube.com\/embed\/wfgAnL7h650?feature=oembed\" frameborder=\"0\" allow=\"accelerometer; autoplay; clipboard-write; encrypted-media; gyroscope; picture-in-picture; web-share\" referrerpolicy=\"strict-origin-when-cross-origin\" allowfullscreen><\/iframe><\/p>\n<p><iframe title=\"Aircast A60\u2122 - Mise en place\" width=\"800\" height=\"450\" src=\"https:\/\/www.youtube.com\/embed\/gt-eqz1khVA?feature=oembed\" frameborder=\"0\" allow=\"accelerometer; autoplay; clipboard-write; encrypted-media; gyroscope; picture-in-picture; web-share\" referrerpolicy=\"strict-origin-when-cross-origin\" allowfullscreen><\/iframe><\/p>\n","protected":false},"excerpt":{"rendered":"<p><strong>For ankelskader og forstuvede leddb\u00e5nd - 60-graders stabiliseringsstropp beskytter mot vridning og forstuing. Ideell for idrettsut\u00f8vere.  Tilgjengelig i h\u00f8yre- og venstremodeller. Sortert etter skost\u00f8rrelse<\/strong><\/p>\n<p>&nbsp;<\/p>\n","protected":false},"featured_media":78715,"comment_status":"closed","ping_status":"closed","template":"","meta":{"_acf_changed":false},"product_brand":[3092],"product_cat":[2129,2183,2074,1992,2180,2182,2076,1937,1970,1933,2077],"product_tag":[2614],"class_list":{"0":"post-78704","1":"product","2":"type-product","3":"status-publish","4":"has-post-thumbnail","6":"product_brand-aircast","7":"product_cat-aircast-no","8":"product_cat-aircast-ankelstoette","9":"product_cat-ankelforstuing","10":"product_cat-ankelskinne","11":"product_cat-ankelskinner-for-fotball","12":"product_cat-ankelskinner-for-haandball","13":"product_cat-ankelvridning","14":"product_cat-merkevarer","15":"product_cat-padel-no","16":"product_cat-skinner-og-stoetteskinner","17":"product_cat-ustabil-ankel-no","18":"product_tag-aircast-no","20":"first","21":"instock","22":"taxable","23":"shipping-taxable","24":"purchasable","25":"product-type-variable"},"acf":[],"_links":{"self":[{"href":"https:\/\/fysiolab.dk\/no\/wp-json\/wp\/v2\/product\/78704","targetHints":{"allow":["GET"]}}],"collection":[{"href":"https:\/\/fysiolab.dk\/no\/wp-json\/wp\/v2\/product"}],"about":[{"href":"https:\/\/fysiolab.dk\/no\/wp-json\/wp\/v2\/types\/product"}],"replies":[{"embeddable":true,"href":"https:\/\/fysiolab.dk\/no\/wp-json\/wp\/v2\/comments?post=78704"}],"wp:featuredmedia":[{"embeddable":true,"href":"https:\/\/fysiolab.dk\/no\/wp-json\/wp\/v2\/media\/78715"}],"wp:attachment":[{"href":"https:\/\/fysiolab.dk\/no\/wp-json\/wp\/v2\/media?parent=78704"}],"wp:term":[{"taxonomy":"product_brand","embeddable":true,"href":"https:\/\/fysiolab.dk\/no\/wp-json\/wp\/v2\/product_brand?post=78704"},{"taxonomy":"product_cat","embeddable":true,"href":"https:\/\/fysiolab.dk\/no\/wp-json\/wp\/v2\/product_cat?post=78704"},{"taxonomy":"product_tag","embeddable":true,"href":"https:\/\/fysiolab.dk\/no\/wp-json\/wp\/v2\/product_tag?post=78704"}],"curies":[{"name":"wp","href":"https:\/\/api.w.org\/{rel}","templated":true}]}}