{"id":78705,"date":"2023-07-16T12:39:13","date_gmt":"2023-07-16T10:39:13","guid":{"rendered":"https:\/\/fysiolab.dk\/product\/donjoy-stabiliserende-speed-pro-ankelskinne\/"},"modified":"2026-03-21T08:57:21","modified_gmt":"2026-03-21T07:57:21","slug":"donjoy-stabiliserende-speed-pro-ankelskinne","status":"publish","type":"product","link":"https:\/\/fysiolab.dk\/no\/product\/donjoy-stabiliserende-speed-pro-ankelskinne\/","title":{"rendered":"DONJOY Stabiliserende Speed Pro ankelskinne"},"content":{"rendered":"<h4><strong>Optimal anvendelse<\/strong><\/h4>\n<p>&nbsp;<\/p>\n<p>Den nye Stabilising Speed Pro Ankle Brace reduserer risikoen for ankelskader med 61 %*. Den har en slitesterk nylonkonstruksjon, forsterkede \u00f8yer, en 7,5 cm lang kompresjonsstropp og avtakbare stivere. Stabilising Speed Pro-skinnen gir beskyttelse for ut\u00f8verens utsatte ankler. I tillegg til alle fordelene med Stabilising Speed Pro, har den nye Stabilizing Speed Pro-bandasjen et \"quick-release\"-system som gj\u00f8r den utrolig enkel og rask \u00e5 ta p\u00e5. Motvirker vridninger p\u00e5 utsiden i f.eks. fotball og h\u00e5ndball. Bandasjen passer godt inn i skoen da den har en lav profil.      <\/p>\n<p>*Kilde<em>: McGuine T.A, Brooks A. Am J Sports Med 2011 \"The Effect <\/em><i>of Lace-up Ankle Braces on Injury Rates in High School Football Players\"<\/i><\/p>\n<p><strong>Fordeler og funksjoner<\/strong><\/p>\n<ul>\n<li>Gir kompresjon og stabilitet til ankelen<\/li>\n<li>Uelastiske 8-stropper l\u00e5ser h\u00e6lbenet og gir ideell kontroll over inversjon\/eversion<\/li>\n<li>Avtakbare sidest\u00f8tter gir ekstra st\u00f8tte og stabilitet uten at det g\u00e5r p\u00e5 bekostning av komforten<\/li>\n<li>Komfortabel passform n\u00e5r den brukes sammen med sportssko og fotballst\u00f8vler.<\/li>\n<li>Leverer komfort, ytelse og holdbarhet<\/li>\n<li>Passer b\u00e5de h\u00f8yre og venstre fot<\/li>\n<\/ul>\n<p><strong>St\u00f8rrelsesguide (se m\u00e5levideo lenger ned i teksten)<\/strong><\/p>\n<p><strong>H\u00e6lm\u00e5let m\u00e5les med sokken p\u00e5 fra h\u00e6len og rundt ankelen tilbake til h\u00e6len  <\/strong><\/p>\n<table>\n<tbody>\n<tr>\n<td><strong>H\u00e6lm\u00e5l med sokk<\/strong><\/td>\n<td><strong>Skost\u00f8rrelse<\/strong><\/td>\n<\/tr>\n<tr>\n<td>23-25 cm<\/td>\n<td>XXS<\/td>\n<\/tr>\n<tr>\n<td>25-28 cm<\/td>\n<td>XS<\/td>\n<\/tr>\n<tr>\n<td>28-30,5 cm<\/td>\n<td>S<\/td>\n<\/tr>\n<tr>\n<td>30,5-33 cm<\/td>\n<td>M<\/td>\n<\/tr>\n<tr>\n<td>33-36 cm<\/td>\n<td>L<\/td>\n<\/tr>\n<tr>\n<td>36-38 cm<\/td>\n<td>XL<\/td>\n<\/tr>\n<tr>\n<td>38-41 cm<\/td>\n<td>XXL<\/td>\n<\/tr>\n<tr>\n<td>41-43 cm<\/td>\n<td>XXXL<\/td>\n<\/tr>\n<\/tbody>\n<\/table>\n<p><iframe title=\"Opm\u00e5lingsvejledning af h\u00e6lm\u00e5l til ankelbandager FysioLab\" width=\"800\" height=\"450\" src=\"https:\/\/www.youtube.com\/embed\/Xi0TSGHxWoU?feature=oembed\" frameborder=\"0\" allow=\"accelerometer; autoplay; clipboard-write; encrypted-media; gyroscope; picture-in-picture; web-share\" referrerpolicy=\"strict-origin-when-cross-origin\" allowfullscreen><\/iframe><\/p>\n<p><iframe title=\"DonJoy Stablilizing Ankle Brace\" width=\"800\" height=\"450\" src=\"https:\/\/www.youtube.com\/embed\/juIWzYKszoE?feature=oembed\" frameborder=\"0\" allow=\"accelerometer; autoplay; clipboard-write; encrypted-media; gyroscope; picture-in-picture; web-share\" referrerpolicy=\"strict-origin-when-cross-origin\" allowfullscreen><\/iframe><\/p>\n","protected":false},"excerpt":{"rendered":"<p><strong>DonJoy Stabilising Speed Pro ankelbandasje gir beskyttelse for utsatte ankler. Hurtigsn\u00f8ringsbandasje gir optimal beskyttelse og p\u00e5f\u00f8ring. Bandasjen sitter godt i skoen og passer til b\u00e5de h\u00f8yre og venstre ankel.  <\/strong><\/p>\n<p>&nbsp;<\/p>\n<p>https:\/\/www.youtube.com\/watch?v=jPdZf_Acc0o<\/p>\n","protected":false},"featured_media":78730,"comment_status":"closed","ping_status":"closed","template":"","meta":{"_acf_changed":false},"product_brand":[3091],"product_cat":[2074,1992,2180,2182,2076,1938,2203,1937,1970,1933,2077],"product_tag":[2173],"class_list":{"0":"post-78705","1":"product","2":"type-product","3":"status-publish","4":"has-post-thumbnail","6":"product_brand-donjoy","7":"product_cat-ankelforstuing","8":"product_cat-ankelskinne","9":"product_cat-ankelskinner-for-fotball","10":"product_cat-ankelskinner-for-haandball","11":"product_cat-ankelvridning","12":"product_cat-donjoy-no","13":"product_cat-donjoy-ankelstoette","14":"product_cat-merkevarer","15":"product_cat-padel-no","16":"product_cat-skinner-og-stoetteskinner","17":"product_cat-ustabil-ankel-no","18":"product_tag-donjoy-no","20":"first","21":"instock","22":"taxable","23":"shipping-taxable","24":"purchasable","25":"product-type-variable"},"acf":[],"_links":{"self":[{"href":"https:\/\/fysiolab.dk\/no\/wp-json\/wp\/v2\/product\/78705","targetHints":{"allow":["GET"]}}],"collection":[{"href":"https:\/\/fysiolab.dk\/no\/wp-json\/wp\/v2\/product"}],"about":[{"href":"https:\/\/fysiolab.dk\/no\/wp-json\/wp\/v2\/types\/product"}],"replies":[{"embeddable":true,"href":"https:\/\/fysiolab.dk\/no\/wp-json\/wp\/v2\/comments?post=78705"}],"wp:featuredmedia":[{"embeddable":true,"href":"https:\/\/fysiolab.dk\/no\/wp-json\/wp\/v2\/media\/78730"}],"wp:attachment":[{"href":"https:\/\/fysiolab.dk\/no\/wp-json\/wp\/v2\/media?parent=78705"}],"wp:term":[{"taxonomy":"product_brand","embeddable":true,"href":"https:\/\/fysiolab.dk\/no\/wp-json\/wp\/v2\/product_brand?post=78705"},{"taxonomy":"product_cat","embeddable":true,"href":"https:\/\/fysiolab.dk\/no\/wp-json\/wp\/v2\/product_cat?post=78705"},{"taxonomy":"product_tag","embeddable":true,"href":"https:\/\/fysiolab.dk\/no\/wp-json\/wp\/v2\/product_tag?post=78705"}],"curies":[{"name":"wp","href":"https:\/\/api.w.org\/{rel}","templated":true}]}}