{"id":78735,"date":"2023-07-16T12:52:53","date_gmt":"2023-07-16T10:52:53","guid":{"rendered":"https:\/\/fysiolab.dk\/product\/trx-pro-system-p4\/"},"modified":"2025-12-18T09:22:37","modified_gmt":"2025-12-18T08:22:37","slug":"trx-pro-system-p4","status":"publish","type":"product","link":"https:\/\/fysiolab.dk\/no\/product\/trx-pro-system-p4\/","title":{"rendered":"TRX PRO System (P4)"},"content":{"rendered":"<h2>TRX Pro Suspension Trainer (TRX Pro System P4)<\/h2>\n<p>Den profesjonelle versjonen av TRX, der du f\u00e5r alle de kule detaljene, mye ekstrautstyr, digitale trenings\u00f8kter osv. TRX Pro System inkluderer: <\/p>\n<p>&nbsp;<\/p>\n<ul>\n<li><strong>TRX PRO Suspension Trainer 4.0<em>: <\/em><\/strong>den nyeste Suspension Trainer. Den originale kvalitetstreneren med gummih\u00e5ndtak som er enkle \u00e5 rengj\u00f8re, l\u00e5sbare hovedkarabinkroker for \u00e5 forhindre tyveri, justerbare fotstropper og rask og enkel justering av stroppene med Barrel Locks. <\/li>\n<li><strong>TRX Suspension Anchor: <\/strong>Med TRX Suspension Anchor kan du enkelt sette opp TRX Suspension Trainer hvor som helst - selv om du \u00f8nsker \u00e5 trene utend\u00f8rs.<\/li>\n<li><strong>TRX Extender<\/strong><em><strong>: <\/strong><\/em>Brukes som forlenger hvis opphengsh\u00f8yden er over 270 cm, eller hvis du for eksempel trenger \u00e5 sette opp TRX-en rundt et stort tre eller en stolpe.<\/li>\n<li><strong>TRX Door Anchor<\/strong><em><strong>:<\/strong> <\/em>Heng TRX p\u00e5 en vanlig d\u00f8r med Door Anchor. Slik kan du enkelt trene n\u00e5r du er hjemme eller p\u00e5 reise. <\/li>\n<li><b>1 \u00e5rs gratis bruk av TRX-appen: <\/b>Massevis av treningsinspirasjon for \u00e5 komme i gang. Spesifikke treningsprogrammer for ulike m\u00e5l, idretter osv. <\/li>\n<li><strong>TRX Kom i gang-veiledning<em>:<\/em> <\/strong>En kort introduksjon til hvordan du setter opp TRX p\u00e5 riktig m\u00e5te og kommer i gang.<\/li>\n<li><strong>Ekstrautstyr<\/strong><em><strong>:<\/strong> <\/em>umbracon-n\u00f8kkel for \u00e5 l\u00e5se hovedkarabinen til Suspension Trainer, oppbevaringspose for \u00e5 holde alt samlet<\/li>\n<\/ul>\n<p><iframe title=\"TRX Pro P4 - k\u00f8b din TRX hos activeaid.dk\" width=\"800\" height=\"450\" src=\"https:\/\/www.youtube.com\/embed\/lTLByIXKtKI?feature=oembed\" frameborder=\"0\" allow=\"accelerometer; autoplay; clipboard-write; encrypted-media; gyroscope; picture-in-picture; web-share\" referrerpolicy=\"strict-origin-when-cross-origin\" allowfullscreen><\/iframe><\/p>\n","protected":false},"excerpt":{"rendered":"<div class=\"std\">\n<p><span id=\"result_box\"><strong>TRX PRO System (P4)<\/strong> er det ultimate verkt\u00f8yet for den profesjonelle treneren. <\/span><span id=\"result_box\">Denne versjonen inneholder alt du trenger for at du og kundene dine skal oppn\u00e5 de beste resultatene. <\/span>Dette settet er for alle profesjonelle som er ute etter den perfekte blandingen av utstyr og innhold for \u00e5 trene andre, p\u00e5 alle niv\u00e5er og hvor som helst.<\/p>\n<p>Inkluderer 1 \u00e5rs gratis bruk av TRX-appen med treningsinspirasjon for \u00e5 hjelpe deg med \u00e5 komme i gang med treningen. <\/p>\n<\/div>\n","protected":false},"featured_media":78744,"comment_status":"closed","ping_status":"closed","template":"","meta":{"_acf_changed":false},"product_brand":[],"product_cat":[1937,1945,2211,2212,2213],"product_tag":[2214],"class_list":{"0":"post-78735","1":"product","2":"type-product","3":"status-publish","4":"has-post-thumbnail","6":"product_cat-merkevarer","7":"product_cat-treningsutstyr","8":"product_cat-trx-no","9":"product_cat-trx-no-2","10":"product_cat-trx-slyngetrening","11":"product_tag-trx-no","12":"product_shipping_class-dropshipping-no","14":"first","15":"instock","16":"sale","17":"taxable","18":"shipping-taxable","19":"purchasable","20":"product-type-simple"},"acf":[],"_links":{"self":[{"href":"https:\/\/fysiolab.dk\/no\/wp-json\/wp\/v2\/product\/78735","targetHints":{"allow":["GET"]}}],"collection":[{"href":"https:\/\/fysiolab.dk\/no\/wp-json\/wp\/v2\/product"}],"about":[{"href":"https:\/\/fysiolab.dk\/no\/wp-json\/wp\/v2\/types\/product"}],"replies":[{"embeddable":true,"href":"https:\/\/fysiolab.dk\/no\/wp-json\/wp\/v2\/comments?post=78735"}],"wp:featuredmedia":[{"embeddable":true,"href":"https:\/\/fysiolab.dk\/no\/wp-json\/wp\/v2\/media\/78744"}],"wp:attachment":[{"href":"https:\/\/fysiolab.dk\/no\/wp-json\/wp\/v2\/media?parent=78735"}],"wp:term":[{"taxonomy":"product_brand","embeddable":true,"href":"https:\/\/fysiolab.dk\/no\/wp-json\/wp\/v2\/product_brand?post=78735"},{"taxonomy":"product_cat","embeddable":true,"href":"https:\/\/fysiolab.dk\/no\/wp-json\/wp\/v2\/product_cat?post=78735"},{"taxonomy":"product_tag","embeddable":true,"href":"https:\/\/fysiolab.dk\/no\/wp-json\/wp\/v2\/product_tag?post=78735"}],"curies":[{"name":"wp","href":"https:\/\/api.w.org\/{rel}","templated":true}]}}