{"id":78750,"date":"2023-07-16T12:49:59","date_gmt":"2023-07-16T10:49:59","guid":{"rendered":"https:\/\/fysiolab.dk\/product\/sklz-treningsstrikk-medium-226-272-kg\/"},"modified":"2025-12-18T09:22:38","modified_gmt":"2025-12-18T08:22:38","slug":"sklz-treningsstrikk-medium-226-272-kg","status":"publish","type":"product","link":"https:\/\/fysiolab.dk\/no\/product\/sklz-treningsstrikk-medium-226-272-kg\/","title":{"rendered":"SKLZ treningsstrikk Medium (22,6-27,2 kg)"},"content":{"rendered":"<h2>Medium treningsstrikk r\u00f8d<\/h2>\n<ul>\n<li>Motstand 22,6-27,2 kg (50-60 LB) <\/li>\n<li>Kombiner med v\u00e5r Chop Bar eller Universal Anchor<\/li>\n<\/ul>\n<p>SKLZ treningskabler er tilgjengelige i fem motstandsniv\u00e5er fra 4,5 til 45 kg. Den er kompatibel og kan byttes ut med alle Slide-Lock-komponenter. Treningsverkt\u00f8yet er et flott supplement til treningen din. Det slitesterke naturlateksmaterialet gir et slitesterkt produkt.<\/p>\n<h3>Trening med SKLZ elastisk b\u00e5nd<\/h3>\n<p>Denne treningskabelen er det midterste av de fem alternativene med en motstandskraft fra 22,6 til 27,2 kg. Generelle \u00f8velser med elastiske b\u00e5nd er vanligvis dynamiske og funksjonelle. Du bruker hele kroppen til \u00e5 trene med motstandsb\u00e5ndet og styrker dermed de indre musklene dine. Dette forbedrer deg og gj\u00f8r deg sterkere til \u00e5 utf\u00f8re de vanligste oppgavene. Trening med strikk er en utmerket treningsform som enkelt kan gj\u00f8res hjemme hvis du ikke alltid er p\u00e5 treningssenteret. Hele kroppen kan trenes med elastiske b\u00e5nd. Det betyr at du med et enkelt redskap kan sette sammen en fornuftig trenings\u00f8kt.      <\/p>\n<p><iframe title=\"SKLZ Training Cable Set: Squat to Row Drill\" width=\"800\" height=\"450\" src=\"https:\/\/www.youtube.com\/embed\/m3Qs4vfuMcM?feature=oembed\" frameborder=\"0\" allow=\"accelerometer; autoplay; clipboard-write; encrypted-media; gyroscope; picture-in-picture; web-share\" referrerpolicy=\"strict-origin-when-cross-origin\" allowfullscreen><\/iframe><\/p>\n<p><iframe title=\"SKLZ Training Cable: Curl to Overhead Drill\" width=\"800\" height=\"450\" src=\"https:\/\/www.youtube.com\/embed\/mS10kOd96i8?feature=oembed\" frameborder=\"0\" allow=\"accelerometer; autoplay; clipboard-write; encrypted-media; gyroscope; picture-in-picture; web-share\" referrerpolicy=\"strict-origin-when-cross-origin\" allowfullscreen><\/iframe><\/p>\n","protected":false},"excerpt":{"rendered":"<p>SKLZ-\u00f8velsesb\u00e5ndet er tilgjengelig i fem motstandsniv\u00e5er, fra 4,5 til 45 kg. Det er kompatibelt og utskiftbart med alle Slide-Lock-komponenter. Treningsverkt\u00f8yet er et flott supplement til trening med vekter.  <\/p>\n","protected":false},"featured_media":78754,"comment_status":"closed","ping_status":"closed","template":"","meta":{"_acf_changed":false},"product_brand":[3132],"product_cat":[2020,1948,1937,2207,2208,2216,2215,2217,1945],"product_tag":[2210],"class_list":{"0":"post-78750","1":"product","2":"type-product","3":"status-publish","4":"has-post-thumbnail","6":"product_brand-sklz","7":"product_cat-julegaveideer-no","8":"product_cat-klinikk","9":"product_cat-merkevarer","10":"product_cat-sklz-no","11":"product_cat-sklz-no-2","12":"product_cat-sklz-treningsbaand","13":"product_cat-treningsbaand","14":"product_cat-treningsbaand-no","15":"product_cat-treningsutstyr","16":"product_tag-sklz-no","18":"first","19":"instock","20":"taxable","21":"shipping-taxable","22":"purchasable","23":"product-type-simple"},"acf":[],"_links":{"self":[{"href":"https:\/\/fysiolab.dk\/no\/wp-json\/wp\/v2\/product\/78750","targetHints":{"allow":["GET"]}}],"collection":[{"href":"https:\/\/fysiolab.dk\/no\/wp-json\/wp\/v2\/product"}],"about":[{"href":"https:\/\/fysiolab.dk\/no\/wp-json\/wp\/v2\/types\/product"}],"replies":[{"embeddable":true,"href":"https:\/\/fysiolab.dk\/no\/wp-json\/wp\/v2\/comments?post=78750"}],"wp:featuredmedia":[{"embeddable":true,"href":"https:\/\/fysiolab.dk\/no\/wp-json\/wp\/v2\/media\/78754"}],"wp:attachment":[{"href":"https:\/\/fysiolab.dk\/no\/wp-json\/wp\/v2\/media?parent=78750"}],"wp:term":[{"taxonomy":"product_brand","embeddable":true,"href":"https:\/\/fysiolab.dk\/no\/wp-json\/wp\/v2\/product_brand?post=78750"},{"taxonomy":"product_cat","embeddable":true,"href":"https:\/\/fysiolab.dk\/no\/wp-json\/wp\/v2\/product_cat?post=78750"},{"taxonomy":"product_tag","embeddable":true,"href":"https:\/\/fysiolab.dk\/no\/wp-json\/wp\/v2\/product_tag?post=78750"}],"curies":[{"name":"wp","href":"https:\/\/api.w.org\/{rel}","templated":true}]}}