{"id":78751,"date":"2023-07-16T12:52:53","date_gmt":"2023-07-16T10:52:53","guid":{"rendered":"https:\/\/fysiolab.dk\/product\/trx-commercial-c4\/"},"modified":"2025-12-18T09:22:37","modified_gmt":"2025-12-18T08:22:37","slug":"trx-commercial-c4","status":"publish","type":"product","link":"https:\/\/fysiolab.dk\/no\/product\/trx-commercial-c4\/","title":{"rendered":"TRX Commercial C4"},"content":{"rendered":"<h2>Kj\u00f8p den nye TRX Commercial C4 her<\/h2>\n<p>N\u00e5 er den endelig her. Basert p\u00e5 12 \u00e5r med tilbakemeldinger og testing har TRX skapt den beste kommersielle Suspension Trainer til dags dato. Vi h\u00e5per du elsker den like mye som vi gj\u00f8r! TRX Commercial C4 kombinerer et elegant nytt utseende med nye funksjoner som gj\u00f8r den til den mest holdbare og brukervennlige suspensjonstreneren noensinne.   <\/p>\n<p><strong>NYHET<\/strong> - st\u00f8rre og foret trekant over h\u00e5ndtaket for \u00f8kt komfort under trening.<\/p>\n<p><strong>NYHET<\/strong> - justerbare fotstropper som forhindrer at foten sklir gjennom stroppen under trening.<\/p>\n<p><strong>NYHET<\/strong> - ny veving som gj\u00f8r treneren mye mer holdbar for profesjonell bruk.<\/p>\n<p>TRX Commercial C4 har gummih\u00e5ndtak som er enkle \u00e5 rengj\u00f8re, og hovedkarabinkroker som du kan l\u00e5se for \u00e5 forhindre tyveri. Barrel Locks gj\u00f8r det mye enklere \u00e5 justere lengden p\u00e5 stroppene. <\/p>\n<p><strong>TRX Commercial C4 inneholder<\/strong>:<\/p>\n<ul>\n<li>1 nyutviklet TRX Commercial Suspension Trainer 4.0<\/li>\n<li>1 stk TRX Extender<\/li>\n<\/ul>\n<p>&nbsp;<\/p>\n<p>TRX Commercial C4 er ideell for treningssentre, fysioterapeuter som \u00f8nsker \u00e5 drive TRX-team-trening, treningssentre, helsesentre og andre som bare trenger TRX Suspension Trainer og extender.<\/p>\n<p><iframe title=\"TRX C4 - den professionelle TRX til fitnesscentret\/den personlige tr\u00e6ner\" width=\"800\" height=\"450\" src=\"https:\/\/www.youtube.com\/embed\/JR0iU8DP87k?feature=oembed\" frameborder=\"0\" allow=\"accelerometer; autoplay; clipboard-write; encrypted-media; gyroscope; picture-in-picture; web-share\" referrerpolicy=\"strict-origin-when-cross-origin\" allowfullscreen><\/iframe><\/p>\n","protected":false},"excerpt":{"rendered":"<div class=\"std\">\n<p>V\u00e5r mest slitesterke TRX hittil, designet for \u00e5 t\u00e5le intensiv bruk! Velkjent for treningssentre, fysioterapeuter og personlige trenere over hele landet, men ogs\u00e5 et alternativ for hjemmebrukere. Du f\u00e5r TRX Commercial Suspension Trainer og forlengelsesstykket Extender. Det du trenger - uten alt det un\u00f8dvendige. Og det er derfor prisen er ekstra god.    <\/p>\n<p>Legg til en opphengsl\u00f8sning som TRX X-mount eller TRX invizimount.<\/p>\n<\/div>\n","protected":false},"featured_media":78758,"comment_status":"closed","ping_status":"closed","template":"","meta":{"_acf_changed":false},"product_brand":[],"product_cat":[1937,1945,2211,2212,2213],"product_tag":[2214],"class_list":{"0":"post-78751","1":"product","2":"type-product","3":"status-publish","4":"has-post-thumbnail","6":"product_cat-merkevarer","7":"product_cat-treningsutstyr","8":"product_cat-trx-no","9":"product_cat-trx-no-2","10":"product_cat-trx-slyngetrening","11":"product_tag-trx-no","12":"product_shipping_class-dropshipping-no","14":"first","15":"instock","16":"taxable","17":"shipping-taxable","18":"purchasable","19":"product-type-simple"},"acf":[],"_links":{"self":[{"href":"https:\/\/fysiolab.dk\/no\/wp-json\/wp\/v2\/product\/78751","targetHints":{"allow":["GET"]}}],"collection":[{"href":"https:\/\/fysiolab.dk\/no\/wp-json\/wp\/v2\/product"}],"about":[{"href":"https:\/\/fysiolab.dk\/no\/wp-json\/wp\/v2\/types\/product"}],"replies":[{"embeddable":true,"href":"https:\/\/fysiolab.dk\/no\/wp-json\/wp\/v2\/comments?post=78751"}],"wp:featuredmedia":[{"embeddable":true,"href":"https:\/\/fysiolab.dk\/no\/wp-json\/wp\/v2\/media\/78758"}],"wp:attachment":[{"href":"https:\/\/fysiolab.dk\/no\/wp-json\/wp\/v2\/media?parent=78751"}],"wp:term":[{"taxonomy":"product_brand","embeddable":true,"href":"https:\/\/fysiolab.dk\/no\/wp-json\/wp\/v2\/product_brand?post=78751"},{"taxonomy":"product_cat","embeddable":true,"href":"https:\/\/fysiolab.dk\/no\/wp-json\/wp\/v2\/product_cat?post=78751"},{"taxonomy":"product_tag","embeddable":true,"href":"https:\/\/fysiolab.dk\/no\/wp-json\/wp\/v2\/product_tag?post=78751"}],"curies":[{"name":"wp","href":"https:\/\/api.w.org\/{rel}","templated":true}]}}