{"id":78763,"date":"2023-07-16T12:52:53","date_gmt":"2023-07-16T10:52:53","guid":{"rendered":"https:\/\/fysiolab.dk\/product\/trx-home-2\/"},"modified":"2025-12-18T09:22:37","modified_gmt":"2025-12-18T08:22:37","slug":"trx-home-2","status":"publish","type":"product","link":"https:\/\/fysiolab.dk\/no\/product\/trx-home-2\/","title":{"rendered":"TRX Home 2"},"content":{"rendered":"<h2>TRX HOME 2 Suspension Trainer - tren hjemme<\/h2>\n<p>Med TRX-trening kan du bygge en sterk kjerne, forbedre fleksibiliteten din og fokusere p\u00e5 utholdenhet og generell styrke. Kom i form p\u00e5 en morsom m\u00e5te der du kan trene hele kroppen med kun din egen kroppsvekt. TRX-trening er den ideelle treningen for alle treningsniv\u00e5er og aldre. Du tilpasser treningen til akkurat ditt niv\u00e5. Enkelt og smart!    <\/p>\n<h3><strong>TRX Home 2 har mange forbedringer som gj\u00f8r treningen smartere<\/strong><\/h3>\n<p>Mye har skjedd siden den f\u00f8rste slyngetreneren ble oppfunnet av Navy Seal Randy Hetrick, og i dag ligger det mange timer og mye spesialisert kunnskap bak TRX Suspension Trainer. TRX <strong>Home 2<\/strong> er den nyeste versjonen av TRX for hjemmetrening, og detaljrikdommen er uten sidestykke.<\/p>\n<p><strong>Justerbare fotstropper<\/strong><\/p>\n<p>TRX Home har justerbare fotb\u00f8yler - det betyr at det er mye enklere \u00e5 tilpasse TRX-en til kroppen din 100 %. For eksempel kan de av oss med sm\u00e5 f\u00f8tter ha stor nytte av denne funksjonen, fordi vi ikke glir s\u00e5 lett gjennom p\u00e5 TRX Mountain Climbers, for eksempel. TRX Mountain Climbers. Sterk borrel\u00e5s gj\u00f8r at du kan justere st\u00f8rrelsen p\u00e5 fotstroppene.   <\/p>\n<p><strong>Myke, f\u00f4rede h\u00e5ndtak<\/strong><\/p>\n<p>TRX Home 2 er strategisk foret, slik at du ikke risikerer \u00e5 skj\u00e6re deg p\u00e5 nylonstroppene n\u00e5r du trener.<\/p>\n<h2>Hva inneholder TRX Home 2 Kit?<\/h2>\n<ul>\n<li>TRX Suspension Trainer for hjemmebruk<\/li>\n<li>Opphengsanker<\/li>\n<li>D\u00f8ranker (slik at du kan bruke en d\u00f8r som opphengspunkt)<\/li>\n<li>1 \u00e5rs gratis abonnement p\u00e5 TRX-appen<\/li>\n<li>Plakat med \u00f8velser<\/li>\n<li>Oppbevaringspose i netting<\/li>\n<\/ul>\n<p>https:\/\/www.youtube.com\/watch?v=UHnyX3_s0Ug&#038;feature=emb_logo<\/p>\n","protected":false},"excerpt":{"rendered":"<p><strong>TRX Home 2<\/strong> er perfekt for deg som vil begynne \u00e5 trene TRX hjemme. Pakken inneholder alt du trenger for \u00e5 komme i gang. Ta med deg TRX-treningen ut, p\u00e5 reise eller tren hjemme i stua. Tren med din egen kroppsvekt.   <\/p>\n","protected":false},"featured_media":78768,"comment_status":"closed","ping_status":"closed","template":"","meta":{"_acf_changed":false},"product_brand":[],"product_cat":[1937,1945,2211,2212,2213],"product_tag":[2214],"class_list":{"0":"post-78763","1":"product","2":"type-product","3":"status-publish","4":"has-post-thumbnail","6":"product_cat-merkevarer","7":"product_cat-treningsutstyr","8":"product_cat-trx-no","9":"product_cat-trx-no-2","10":"product_cat-trx-slyngetrening","11":"product_tag-trx-no","12":"product_shipping_class-dropshipping-no","14":"first","15":"instock","16":"sale","17":"taxable","18":"shipping-taxable","19":"purchasable","20":"product-type-simple"},"acf":[],"_links":{"self":[{"href":"https:\/\/fysiolab.dk\/no\/wp-json\/wp\/v2\/product\/78763","targetHints":{"allow":["GET"]}}],"collection":[{"href":"https:\/\/fysiolab.dk\/no\/wp-json\/wp\/v2\/product"}],"about":[{"href":"https:\/\/fysiolab.dk\/no\/wp-json\/wp\/v2\/types\/product"}],"replies":[{"embeddable":true,"href":"https:\/\/fysiolab.dk\/no\/wp-json\/wp\/v2\/comments?post=78763"}],"wp:featuredmedia":[{"embeddable":true,"href":"https:\/\/fysiolab.dk\/no\/wp-json\/wp\/v2\/media\/78768"}],"wp:attachment":[{"href":"https:\/\/fysiolab.dk\/no\/wp-json\/wp\/v2\/media?parent=78763"}],"wp:term":[{"taxonomy":"product_brand","embeddable":true,"href":"https:\/\/fysiolab.dk\/no\/wp-json\/wp\/v2\/product_brand?post=78763"},{"taxonomy":"product_cat","embeddable":true,"href":"https:\/\/fysiolab.dk\/no\/wp-json\/wp\/v2\/product_cat?post=78763"},{"taxonomy":"product_tag","embeddable":true,"href":"https:\/\/fysiolab.dk\/no\/wp-json\/wp\/v2\/product_tag?post=78763"}],"curies":[{"name":"wp","href":"https:\/\/api.w.org\/{rel}","templated":true}]}}