{"id":78772,"date":"2023-07-16T12:49:59","date_gmt":"2023-07-16T10:49:59","guid":{"rendered":"https:\/\/fysiolab.dk\/product\/sklz-playmaker-fotballmaalsett-2-pakning\/"},"modified":"2025-12-18T09:22:38","modified_gmt":"2025-12-18T08:22:38","slug":"sklz-playmaker-fotballmaalsett-2-pakning","status":"publish","type":"product","link":"https:\/\/fysiolab.dk\/no\/product\/sklz-playmaker-fotballmaalsett-2-pakning\/","title":{"rendered":"SKLZ Playmaker fotballm\u00e5lsett (2-pakning)"},"content":{"rendered":"<h2>SKLZ Playmaker fotballm\u00e5lsett - fotball p\u00e5 et br\u00f8kdels sekund<\/h2>\n<p>Med Playmaker Soccer Goal-settet fra SKLZ f\u00e5r du to sm\u00e5 popup-fotballm\u00e5l som er klare til bruk p\u00e5 et \u00f8yeblikk, enten det er til spill i hagen eller til trenings\u00f8kter i klubben. Begge m\u00e5lene er festet med knagger og leveres med en pose til \u00e5 oppbevare dem i. <\/p>\n<ul>\n<li>M\u00e5l: 61 cm. h\u00f8y <\/li>\n<li>Utrolig rask og enkel installasjon<\/li>\n<li>Enkel \u00e5 vri sammen for demontering og oppbevaring i den medf\u00f8lgende vesken<\/li>\n<li>Inkluderer 2 Playmaker fotballm\u00e5l <\/li>\n<\/ul>\n","protected":false},"excerpt":{"rendered":"<p>B\u00e6rbare fotballm\u00e5l som er enkle \u00e5 sette opp og pakke bort. Perfekt for fotball i hagen, p\u00e5 ferie eller hjemme hos venner <\/p>\n","protected":false},"featured_media":78775,"comment_status":"closed","ping_status":"closed","template":"","meta":{"_acf_changed":false},"product_brand":[],"product_cat":[2218,2020,1937,2207,2208,2220,2219,1945],"product_tag":[2210],"class_list":{"0":"post-78772","1":"product","2":"type-product","3":"status-publish","4":"has-post-thumbnail","6":"product_cat-fotball-og-fotball","7":"product_cat-julegaveideer-no","8":"product_cat-merkevarer","9":"product_cat-sklz-no","10":"product_cat-sklz-no-2","11":"product_cat-sklz-fotball","12":"product_cat-sklz-treningsutstyr","13":"product_cat-treningsutstyr","14":"product_tag-sklz-no","16":"first","17":"instock","18":"taxable","19":"shipping-taxable","20":"purchasable","21":"product-type-simple"},"acf":[],"_links":{"self":[{"href":"https:\/\/fysiolab.dk\/no\/wp-json\/wp\/v2\/product\/78772","targetHints":{"allow":["GET"]}}],"collection":[{"href":"https:\/\/fysiolab.dk\/no\/wp-json\/wp\/v2\/product"}],"about":[{"href":"https:\/\/fysiolab.dk\/no\/wp-json\/wp\/v2\/types\/product"}],"replies":[{"embeddable":true,"href":"https:\/\/fysiolab.dk\/no\/wp-json\/wp\/v2\/comments?post=78772"}],"wp:featuredmedia":[{"embeddable":true,"href":"https:\/\/fysiolab.dk\/no\/wp-json\/wp\/v2\/media\/78775"}],"wp:attachment":[{"href":"https:\/\/fysiolab.dk\/no\/wp-json\/wp\/v2\/media?parent=78772"}],"wp:term":[{"taxonomy":"product_brand","embeddable":true,"href":"https:\/\/fysiolab.dk\/no\/wp-json\/wp\/v2\/product_brand?post=78772"},{"taxonomy":"product_cat","embeddable":true,"href":"https:\/\/fysiolab.dk\/no\/wp-json\/wp\/v2\/product_cat?post=78772"},{"taxonomy":"product_tag","embeddable":true,"href":"https:\/\/fysiolab.dk\/no\/wp-json\/wp\/v2\/product_tag?post=78772"}],"curies":[{"name":"wp","href":"https:\/\/api.w.org\/{rel}","templated":true}]}}