{"id":78783,"date":"2023-07-16T12:49:35","date_gmt":"2023-07-16T10:49:35","guid":{"rendered":"https:\/\/fysiolab.dk\/product\/sklz-pro-quick-change-flex-haandtak\/"},"modified":"2025-12-18T09:22:38","modified_gmt":"2025-12-18T08:22:38","slug":"sklz-pro-quick-change-flex-haandtak","status":"publish","type":"product","link":"https:\/\/fysiolab.dk\/no\/product\/sklz-pro-quick-change-flex-haandtak\/","title":{"rendered":"SKLZ Pro Quick Change Flex-h\u00e5ndtak"},"content":{"rendered":"<h2>SKLZ Pro Quick Change Flex-h\u00e5ndtak<\/h2>\n<ul>\n<li>H\u00e5ndtakene er kompatible med SKLZ treningskabler<\/li>\n<li>Fungerer med SKLZ&#8217; patenterte Slide-Lock-system<\/li>\n<li>Fleksibelt og bevegelig h\u00e5ndtak gir brukeren en rekke grepsmuligheter<\/li>\n<\/ul>\n<p>&nbsp;<\/p>\n<h3>Treningsb\u00e5nd med h\u00e5ndtak<\/h3>\n<p>SKLZ Pro Quick Change Flex Handles er kompatible med v\u00e5re treningskabler med en motstand p\u00e5 mellom 4,5 og 45 kg. Dette gir deg et h\u00e5ndtak med et elastisk grep som gj\u00f8r at du kan endre strikken etter dine behov. <\/p>\n<p>Dette gir deg muligheten til \u00e5 bytte strikk selv og tilpasse vanskelighetsgraden til den aktuelle \u00f8velsen.<\/p>\n<ul>\n<li>Inkluderer 2 SKLZ Pro Quick Change Flex-h\u00e5ndtak <\/li>\n<\/ul>\n<p><iframe title=\"SKLZ Pro Handles - Resistance Band Shoulder Raises - By Reactsport.com\" width=\"800\" height=\"450\" src=\"https:\/\/www.youtube.com\/embed\/M5BBIAu-Mfs?feature=oembed\" frameborder=\"0\" allow=\"accelerometer; autoplay; clipboard-write; encrypted-media; gyroscope; picture-in-picture; web-share\" referrerpolicy=\"strict-origin-when-cross-origin\" allowfullscreen><\/iframe><\/p>\n","protected":false},"excerpt":{"rendered":"<p>Inkluderer 2 SKLZ Pro Quick Change Flex-h\u00e5ndtak <\/p>\n","protected":false},"featured_media":78788,"comment_status":"closed","ping_status":"closed","template":"","meta":{"_acf_changed":false},"product_brand":[3132],"product_cat":[2221,2020,1948,1937,2207,2208,2216,2222,2215,2217,1945],"product_tag":[2210],"class_list":{"0":"post-78783","1":"product","2":"type-product","3":"status-publish","4":"has-post-thumbnail","6":"product_brand-sklz","7":"product_cat-annet-treningsutstyr","8":"product_cat-julegaveideer-no","9":"product_cat-klinikk","10":"product_cat-merkevarer","11":"product_cat-sklz-no","12":"product_cat-sklz-no-2","13":"product_cat-sklz-treningsbaand","14":"product_cat-sklz-tilbehoer-no","15":"product_cat-treningsbaand","16":"product_cat-treningsbaand-no","17":"product_cat-treningsutstyr","18":"product_tag-sklz-no","20":"first","21":"instock","22":"taxable","23":"shipping-taxable","24":"purchasable","25":"product-type-simple"},"acf":[],"_links":{"self":[{"href":"https:\/\/fysiolab.dk\/no\/wp-json\/wp\/v2\/product\/78783","targetHints":{"allow":["GET"]}}],"collection":[{"href":"https:\/\/fysiolab.dk\/no\/wp-json\/wp\/v2\/product"}],"about":[{"href":"https:\/\/fysiolab.dk\/no\/wp-json\/wp\/v2\/types\/product"}],"replies":[{"embeddable":true,"href":"https:\/\/fysiolab.dk\/no\/wp-json\/wp\/v2\/comments?post=78783"}],"wp:featuredmedia":[{"embeddable":true,"href":"https:\/\/fysiolab.dk\/no\/wp-json\/wp\/v2\/media\/78788"}],"wp:attachment":[{"href":"https:\/\/fysiolab.dk\/no\/wp-json\/wp\/v2\/media?parent=78783"}],"wp:term":[{"taxonomy":"product_brand","embeddable":true,"href":"https:\/\/fysiolab.dk\/no\/wp-json\/wp\/v2\/product_brand?post=78783"},{"taxonomy":"product_cat","embeddable":true,"href":"https:\/\/fysiolab.dk\/no\/wp-json\/wp\/v2\/product_cat?post=78783"},{"taxonomy":"product_tag","embeddable":true,"href":"https:\/\/fysiolab.dk\/no\/wp-json\/wp\/v2\/product_tag?post=78783"}],"curies":[{"name":"wp","href":"https:\/\/api.w.org\/{rel}","templated":true}]}}