{"id":78790,"date":"2023-07-16T12:49:07","date_gmt":"2023-07-16T10:49:07","guid":{"rendered":"https:\/\/fysiolab.dk\/product\/sklz-reaction-ball\/"},"modified":"2025-12-18T09:22:39","modified_gmt":"2025-12-18T08:22:39","slug":"sklz-reaction-ball","status":"publish","type":"product","link":"https:\/\/fysiolab.dk\/no\/product\/sklz-reaction-ball\/","title":{"rendered":"SKLZ Reaction Ball"},"content":{"rendered":"<h2>Reaksjonsball fra SKLZ<\/h2>\n<p>Innovativ og uregelmessig formet ball.<\/p>\n<ul>\n<li>Designet med 6 \"bobler\" som f\u00e5r ballen til \u00e5 sprette i ulike og uventede retninger<\/li>\n<li>Bruk den alene, mot en vegg eller sammen med andre<\/li>\n<li>Forbedre og skjerpe reaksjonsevnen og refleksene dine<\/li>\n<\/ul>\n<h3>\u00d8k reaksjonsevnen din og skjerp refleksene dine<\/h3>\n<p align=\"justify\">Med SKLZ reaksjonsball kan du forbedre koordinasjons- og reaksjonsevnen din. Ved \u00e5 bruke dette treningsverkt\u00f8yet kan du forbedre reaksjonsevnen din og dermed trene opp evnen til \u00e5 justere bevegelser som er viktig i flere idretter og kampavgj\u00f8rende situasjoner. <\/p>\n<p>Reaction-ballen fra SKLZ er en innovativ treningsball med et utfordrende design. Reaction-ballen kastes i gulvet eller p\u00e5 veggen, og p\u00e5 grunn av det utfordrende designet vil aldri to kast v\u00e6re like. Bruk kreativiteten din, for ballen kan ogs\u00e5 brukes i flere andre sammenhenger, for eksempel til keepertrening. Du blir tvunget til \u00e5 utfordre din hurtighet og reaksjonsevne ved \u00e5 reagere p\u00e5 uforutsette situasjoner. Ingenting er forutsigbart. En trening som b\u00e5de er morsom, men ogs\u00e5 t\u00f8ff. Du vil definitivt bli testet og satt p\u00e5 pr\u00f8ve.      <\/p>\n<ul>\n<li>Perfekt for oppvarming og enkle og utfordrende \u00f8velser<\/li>\n<\/ul>\n<p><iframe title=\"SKLZ Performance Training - Reaction Ball\" width=\"800\" height=\"450\" src=\"https:\/\/www.youtube.com\/embed\/Bfsfir5BtDI?feature=oembed\" frameborder=\"0\" allow=\"accelerometer; autoplay; clipboard-write; encrypted-media; gyroscope; picture-in-picture; web-share\" referrerpolicy=\"strict-origin-when-cross-origin\" allowfullscreen><\/iframe><\/p>\n","protected":false},"excerpt":{"rendered":"<p>Et treningsverkt\u00f8y fra SKLZ som utelukkende fokuserer p\u00e5 reaksjon og reflekser. Med SKLZ Reaction Ball styrker og forbedrer du reaksjonstiden din. Kast den i gulvet eller p\u00e5 veggen. Innovativ og uregelmessig formet ball som utfordrer ut\u00f8verne.   <\/p>\n","protected":false},"featured_media":78801,"comment_status":"closed","ping_status":"closed","template":"","meta":{"_acf_changed":false},"product_brand":[3132],"product_cat":[2020,1937,2207,2208,2224,2223,1945],"product_tag":[2210],"class_list":{"0":"post-78790","1":"product","2":"type-product","3":"status-publish","4":"has-post-thumbnail","6":"product_brand-sklz","7":"product_cat-julegaveideer-no","8":"product_cat-merkevarer","9":"product_cat-sklz-no","10":"product_cat-sklz-no-2","11":"product_cat-sklz-treningsballer","12":"product_cat-treningsballer","13":"product_cat-treningsutstyr","14":"product_tag-sklz-no","16":"first","17":"outofstock","18":"taxable","19":"shipping-taxable","20":"purchasable","21":"product-type-simple"},"acf":[],"_links":{"self":[{"href":"https:\/\/fysiolab.dk\/no\/wp-json\/wp\/v2\/product\/78790","targetHints":{"allow":["GET"]}}],"collection":[{"href":"https:\/\/fysiolab.dk\/no\/wp-json\/wp\/v2\/product"}],"about":[{"href":"https:\/\/fysiolab.dk\/no\/wp-json\/wp\/v2\/types\/product"}],"replies":[{"embeddable":true,"href":"https:\/\/fysiolab.dk\/no\/wp-json\/wp\/v2\/comments?post=78790"}],"wp:featuredmedia":[{"embeddable":true,"href":"https:\/\/fysiolab.dk\/no\/wp-json\/wp\/v2\/media\/78801"}],"wp:attachment":[{"href":"https:\/\/fysiolab.dk\/no\/wp-json\/wp\/v2\/media?parent=78790"}],"wp:term":[{"taxonomy":"product_brand","embeddable":true,"href":"https:\/\/fysiolab.dk\/no\/wp-json\/wp\/v2\/product_brand?post=78790"},{"taxonomy":"product_cat","embeddable":true,"href":"https:\/\/fysiolab.dk\/no\/wp-json\/wp\/v2\/product_cat?post=78790"},{"taxonomy":"product_tag","embeddable":true,"href":"https:\/\/fysiolab.dk\/no\/wp-json\/wp\/v2\/product_tag?post=78790"}],"curies":[{"name":"wp","href":"https:\/\/api.w.org\/{rel}","templated":true}]}}