{"id":78791,"date":"2023-07-16T12:49:34","date_gmt":"2023-07-16T10:49:34","guid":{"rendered":"https:\/\/fysiolab.dk\/product\/sklz-elevasjonsstige\/"},"modified":"2025-12-18T09:22:39","modified_gmt":"2025-12-18T08:22:39","slug":"sklz-elevasjonsstige","status":"publish","type":"product","link":"https:\/\/fysiolab.dk\/no\/product\/sklz-elevasjonsstige\/","title":{"rendered":"SKLZ Elevasjonsstige"},"content":{"rendered":"<h2>Elevation Ladder - treningsstige fra SKLZ<\/h2>\n<p>SKLZ Elevation Ladder er en innovativ treningsstige som kan kombineres med andre SKLZ-produkter som Quick Ladder og Speed Hurdles treningshindre. P\u00e5 den m\u00e5ten kan du f\u00e5 enda mer effektivitet ut av l\u00f8petreningen, som blant annet fokuserer p\u00e5 raske retningsforandringer. <\/p>\n<p>Denne h\u00f8ydetreningsstigen fra SKLZ er ideell for \u00e5 forbedre og utvikle hastighet, koordinasjon, balanse, muskelminne og mye mer.<\/p>\n<p>Elevation Ladder kan brukes som en vanlig Quick Ladder, men kan ogs\u00e5 raskt modifiseres til \u00e5 ligne p\u00e5 Speed Hurdles-hinderet.<\/p>\n<h2>Agility Elevation Ladder<\/h2>\n<p>SKLZ Agility Ladder med Elevation kan brukes av alle typer ut\u00f8vere og bidrar til \u00e5 utvikle alle aspekter av ut\u00f8verens trening og ferdigheter, som retningsforandring, fotarbeid, akselerasjon og rytme. Utformingen gj\u00f8r at du kan kombinere Elevation Ladder med mange andre SKLZ-produkter. P\u00e5 denne m\u00e5ten kan du sette sammen flere trenings\u00f8velser som er mer eller mindre komplekse, avhengig av hvilket niv\u00e5 som passer den enkelte.  <\/p>\n<h3>Spesifikasjoner:<\/h3>\n<ul>\n<li>2,14 meter lang med 6 trinn i hver stige. Hvert trinn er 66 cm bredt og 38 cm langt. Hvert trinn kan heves til en hekk med en h\u00f8yde p\u00e5 10,2 cm.    <\/li>\n<li>Leveres i en smart b\u00e6reveske for enkel transport og oppbevaring<\/li>\n<\/ul>\n<p><iframe title=\"SKLZ Elevation Ladder\" width=\"800\" height=\"450\" src=\"https:\/\/www.youtube.com\/embed\/kKXeZBkSCsg?feature=oembed\" frameborder=\"0\" allow=\"accelerometer; autoplay; clipboard-write; encrypted-media; gyroscope; picture-in-picture; web-share\" referrerpolicy=\"strict-origin-when-cross-origin\" allowfullscreen><\/iframe><\/p>\n","protected":false},"excerpt":{"rendered":"<p>Elevation Ladder kan brukes b\u00e5de som en flat stige og som en stige laget for hekker. Dette gir mange muligheter i treningen og forbedrer ferdighetene dine, for eksempel raske retningsforandringer, akselerasjon, fotarbeid og koordinasjon. <\/p>\n","protected":false},"featured_media":78794,"comment_status":"closed","ping_status":"closed","template":"","meta":{"_acf_changed":false},"product_brand":[],"product_cat":[2020,1937,2207,2208,2209,2206,1945],"product_tag":[2210],"class_list":{"0":"post-78791","1":"product","2":"type-product","3":"status-publish","4":"has-post-thumbnail","6":"product_cat-julegaveideer-no","7":"product_cat-merkevarer","8":"product_cat-sklz-no","9":"product_cat-sklz-no-2","10":"product_cat-sklz-smidighet","11":"product_cat-smidighet","12":"product_cat-treningsutstyr","13":"product_tag-sklz-no","15":"first","16":"instock","17":"taxable","18":"shipping-taxable","19":"purchasable","20":"product-type-simple"},"acf":[],"_links":{"self":[{"href":"https:\/\/fysiolab.dk\/no\/wp-json\/wp\/v2\/product\/78791","targetHints":{"allow":["GET"]}}],"collection":[{"href":"https:\/\/fysiolab.dk\/no\/wp-json\/wp\/v2\/product"}],"about":[{"href":"https:\/\/fysiolab.dk\/no\/wp-json\/wp\/v2\/types\/product"}],"replies":[{"embeddable":true,"href":"https:\/\/fysiolab.dk\/no\/wp-json\/wp\/v2\/comments?post=78791"}],"wp:featuredmedia":[{"embeddable":true,"href":"https:\/\/fysiolab.dk\/no\/wp-json\/wp\/v2\/media\/78794"}],"wp:attachment":[{"href":"https:\/\/fysiolab.dk\/no\/wp-json\/wp\/v2\/media?parent=78791"}],"wp:term":[{"taxonomy":"product_brand","embeddable":true,"href":"https:\/\/fysiolab.dk\/no\/wp-json\/wp\/v2\/product_brand?post=78791"},{"taxonomy":"product_cat","embeddable":true,"href":"https:\/\/fysiolab.dk\/no\/wp-json\/wp\/v2\/product_cat?post=78791"},{"taxonomy":"product_tag","embeddable":true,"href":"https:\/\/fysiolab.dk\/no\/wp-json\/wp\/v2\/product_tag?post=78791"}],"curies":[{"name":"wp","href":"https:\/\/api.w.org\/{rel}","templated":true}]}}