{"id":78805,"date":"2023-07-16T12:49:07","date_gmt":"2023-07-16T10:49:07","guid":{"rendered":"https:\/\/fysiolab.dk\/product\/sklz-trainer-ball-sport-performance-65-cm\/"},"modified":"2025-12-18T09:22:39","modified_gmt":"2025-12-18T08:22:39","slug":"sklz-trainer-ball-sport-performance-65-cm","status":"publish","type":"product","link":"https:\/\/fysiolab.dk\/no\/product\/sklz-trainer-ball-sport-performance-65-cm\/","title":{"rendered":"SKLZ Trainer Ball Sport Performance (65 cm.)"},"content":{"rendered":"<h2>Trainer Ball Sport Performance - 65 cm. stabilitetsball fra SKLZ <\/h2>\n<p>SKLZ har gjort oppl\u00e6ringen enkel med serien SELF GUIDED. Her f\u00e5r alle illustrasjoner av relevante \u00f8velser for det aktuelle produktet. Serien best\u00e5r av fire flotte produkter som du kan bruke til hjemmetrening.  <\/p>\n<ul>\n<li>St\u00f8rrelse: 65 cm.<\/li>\n<li>Leveres med ABS og pumpe.<\/li>\n<li>Guide til 16 \u00f8velser for \u00e5 komme deg rundt ballen (trykt p\u00e5 ballen).<\/li>\n<li>Sv\u00e6rt transportabel.<\/li>\n<li>Utviklet av profesjonelle trenere.<\/li>\n<\/ul>\n<h3>SKLZ Treningsball<\/h3>\n<p>V\u00e5r Trainerball har en ABS-funksjon som s\u00f8rger for at ballen ikke kan sprekke. SKLZ treningsball har dessuten en enorm toleranse p\u00e5 225 kg personvekt. SKLZ Trainer Ball Sport er utstyrt med en treningsguide, slik at du alltid har et treningsprogram for h\u00e5nden og er godt rustet n\u00e5r du tar frem treningsballen. SKLZ Trainer Ball inneholder ingen ftalater og er ekstremt slitesterk.   <\/p>\n<h3>Treningsball p\u00e5 en ny m\u00e5te<\/h3>\n<p>Treningsballen, eller fitnessballen som den ofte kalles, er et enkelt, men effektivt treningsredskap. De fleste kjenner til ballen i forbindelse med magetrening. En av fordelene er at du ikke trenger mye plass for \u00e5 bruke ballen, noe som er ideelt i hjemmet. Trening med ball er ogs\u00e5 en sk\u00e5nsom treningsform, og niv\u00e5ene kan justeres slik at alle kan v\u00e6re med.   <\/p>\n<ul>\n<li>Bruk treningsballen som en stol n\u00e5r du sitter hjemme eller p\u00e5 jobb, og opplev en bedre holdning.<\/li>\n<\/ul>\n<p><iframe title=\"SKLZ TRAINERball Sport Performance\" width=\"800\" height=\"450\" src=\"https:\/\/www.youtube.com\/embed\/2dXyWMBzcQk?feature=oembed\" frameborder=\"0\" allow=\"accelerometer; autoplay; clipboard-write; encrypted-media; gyroscope; picture-in-picture; web-share\" referrerpolicy=\"strict-origin-when-cross-origin\" allowfullscreen><\/iframe><\/p>\n","protected":false},"excerpt":{"rendered":"<p>SKLZ Exercise Ball er et enkelt, men effektivt treningsredskap. Den kan brukes til mye mer enn magetrening. Treningsballen kommer i st\u00f8rrelsen 65 cm. og leveres med en pumpe + 16 \u00f8velser som f\u00e5r deg rundt ballen.   <\/p>\n","protected":false},"featured_media":78809,"comment_status":"closed","ping_status":"closed","template":"","meta":{"_acf_changed":false},"product_brand":[3132],"product_cat":[2020,1948,1937,2208,2224,2219,2223,2225,1945],"product_tag":[2210],"class_list":{"0":"post-78805","1":"product","2":"type-product","3":"status-publish","4":"has-post-thumbnail","6":"product_brand-sklz","7":"product_cat-julegaveideer-no","8":"product_cat-klinikk","9":"product_cat-merkevarer","10":"product_cat-sklz-no-2","11":"product_cat-sklz-treningsballer","12":"product_cat-sklz-treningsutstyr","13":"product_cat-treningsballer","14":"product_cat-treningsballer-no","15":"product_cat-treningsutstyr","16":"product_tag-sklz-no","18":"first","19":"instock","20":"taxable","21":"shipping-taxable","22":"purchasable","23":"product-type-simple"},"acf":[],"_links":{"self":[{"href":"https:\/\/fysiolab.dk\/no\/wp-json\/wp\/v2\/product\/78805","targetHints":{"allow":["GET"]}}],"collection":[{"href":"https:\/\/fysiolab.dk\/no\/wp-json\/wp\/v2\/product"}],"about":[{"href":"https:\/\/fysiolab.dk\/no\/wp-json\/wp\/v2\/types\/product"}],"replies":[{"embeddable":true,"href":"https:\/\/fysiolab.dk\/no\/wp-json\/wp\/v2\/comments?post=78805"}],"wp:featuredmedia":[{"embeddable":true,"href":"https:\/\/fysiolab.dk\/no\/wp-json\/wp\/v2\/media\/78809"}],"wp:attachment":[{"href":"https:\/\/fysiolab.dk\/no\/wp-json\/wp\/v2\/media?parent=78805"}],"wp:term":[{"taxonomy":"product_brand","embeddable":true,"href":"https:\/\/fysiolab.dk\/no\/wp-json\/wp\/v2\/product_brand?post=78805"},{"taxonomy":"product_cat","embeddable":true,"href":"https:\/\/fysiolab.dk\/no\/wp-json\/wp\/v2\/product_cat?post=78805"},{"taxonomy":"product_tag","embeddable":true,"href":"https:\/\/fysiolab.dk\/no\/wp-json\/wp\/v2\/product_tag?post=78805"}],"curies":[{"name":"wp","href":"https:\/\/api.w.org\/{rel}","templated":true}]}}