{"id":78806,"date":"2023-07-16T12:49:34","date_gmt":"2023-07-16T10:49:34","guid":{"rendered":"https:\/\/fysiolab.dk\/product\/sklz-6x-hurdles-sett-med-6\/"},"modified":"2025-12-18T09:22:39","modified_gmt":"2025-12-18T08:22:39","slug":"sklz-6x-hurdles-sett-med-6","status":"publish","type":"product","link":"https:\/\/fysiolab.dk\/no\/product\/sklz-6x-hurdles-sett-med-6\/","title":{"rendered":"SKLZ 6X Hurdles (sett med 6)"},"content":{"rendered":"<h1>Treningshekker sett med 6 stk.<\/h1>\n<p>SKLZ Hurdles er det ideelle treningsredskapet for trening av hurtighet, smidighet og koordinasjon. Hekkene er utformet slik at de tar liten plass n\u00e5r de pakkes og transporteres. SKLZ Speed Hurdles leveres i sett med seks stk. og er laget av et slitesterkt lettvektsmateriale. Hvert hinder er 15 cm h\u00f8yt.    <\/p>\n<p>Speed Hurdles er dessuten konstruert slik at de ikke g\u00e5r i stykker hvis man tr\u00e5kker direkte p\u00e5 dem. Samtidig blir de ikke deformert. De spretter umiddelbart tilbake til sin standardform. SKLZ Speed Hurdles er designet og produsert for bruk under hard og intens trening. SKLZ Hurdles kan brukes av alle idrettsut\u00f8vere for \u00e5 utvikle alle aspekter av treningen. For eksempel er fart, koordinasjon, balanse, kroppsbevissthet, muskelminne, retningsforandring, fotarbeid, akselerasjon eller rytme alle viktige omr\u00e5der.     <\/p>\n<p>De er enkle \u00e5 oppbevare og pakke sammen.<\/p>\n<ul>\n<li>Totalvekt: 1,34 kg.<\/li>\n<li>Ett sett inneholder 6 Speed Hurdles<\/li>\n<li>Lett design - t\u00e5ler \u00e5 bli sparket p\u00e5 uten \u00e5 g\u00e5 i stykker<\/li>\n<\/ul>\n<p><iframe title=\"SKLZ 6X Hurdles (Set of 6)\" width=\"800\" height=\"450\" src=\"https:\/\/www.youtube.com\/embed\/xpSIdDCb9Vo?feature=oembed\" frameborder=\"0\" allow=\"accelerometer; autoplay; clipboard-write; encrypted-media; gyroscope; picture-in-picture; web-share\" referrerpolicy=\"strict-origin-when-cross-origin\" allowfullscreen><\/iframe><\/p>\n","protected":false},"excerpt":{"rendered":"<p>SKLZ Treningshindre er det ideelle treningsredskapet for trening av hurtighet og koordinasjon. Utformingen gj\u00f8r at de tar liten plass n\u00e5r de pakkes sammen og transporteres. Speed Hurdles leveres i sett med 6 stk.  <\/p>\n","protected":false},"featured_media":78815,"comment_status":"closed","ping_status":"closed","template":"","meta":{"_acf_changed":false},"product_brand":[],"product_cat":[2020,1937,2207,2208,2209,2206,1945],"product_tag":[2210],"class_list":{"0":"post-78806","1":"product","2":"type-product","3":"status-publish","4":"has-post-thumbnail","6":"product_cat-julegaveideer-no","7":"product_cat-merkevarer","8":"product_cat-sklz-no","9":"product_cat-sklz-no-2","10":"product_cat-sklz-smidighet","11":"product_cat-smidighet","12":"product_cat-treningsutstyr","13":"product_tag-sklz-no","15":"first","16":"instock","17":"taxable","18":"shipping-taxable","19":"purchasable","20":"product-type-simple"},"acf":[],"_links":{"self":[{"href":"https:\/\/fysiolab.dk\/no\/wp-json\/wp\/v2\/product\/78806","targetHints":{"allow":["GET"]}}],"collection":[{"href":"https:\/\/fysiolab.dk\/no\/wp-json\/wp\/v2\/product"}],"about":[{"href":"https:\/\/fysiolab.dk\/no\/wp-json\/wp\/v2\/types\/product"}],"replies":[{"embeddable":true,"href":"https:\/\/fysiolab.dk\/no\/wp-json\/wp\/v2\/comments?post=78806"}],"wp:featuredmedia":[{"embeddable":true,"href":"https:\/\/fysiolab.dk\/no\/wp-json\/wp\/v2\/media\/78815"}],"wp:attachment":[{"href":"https:\/\/fysiolab.dk\/no\/wp-json\/wp\/v2\/media?parent=78806"}],"wp:term":[{"taxonomy":"product_brand","embeddable":true,"href":"https:\/\/fysiolab.dk\/no\/wp-json\/wp\/v2\/product_brand?post=78806"},{"taxonomy":"product_cat","embeddable":true,"href":"https:\/\/fysiolab.dk\/no\/wp-json\/wp\/v2\/product_cat?post=78806"},{"taxonomy":"product_tag","embeddable":true,"href":"https:\/\/fysiolab.dk\/no\/wp-json\/wp\/v2\/product_tag?post=78806"}],"curies":[{"name":"wp","href":"https:\/\/api.w.org\/{rel}","templated":true}]}}