{"id":78824,"date":"2023-07-16T12:49:07","date_gmt":"2023-07-16T10:49:07","guid":{"rendered":"https:\/\/fysiolab.dk\/product\/sklz-pro-bands-medium\/"},"modified":"2025-12-18T09:22:39","modified_gmt":"2025-12-18T08:22:39","slug":"sklz-pro-bands-medium","status":"publish","type":"product","link":"https:\/\/fysiolab.dk\/no\/product\/sklz-pro-bands-medium\/","title":{"rendered":"SKLZ Pro Bands (Medium)"},"content":{"rendered":"<h3>Pro Bands treningsb\u00e5nd - Medium i fargen r\u00f8d<\/h3>\n<p>Du kan trene kroppen din p\u00e5 mange forskjellige m\u00e5ter: uten vekt, med kroppsvekt, med vekter, med motstand, med strikk og mange flere. Det finnes en rekke fordeler med motstandstrening - nedenfor finner du noen av de viktigste: <\/p>\n<h3>Hvorfor trene med SKLZ elastiske b\u00e5nd?<\/h3>\n<p>Pro Bands elastiske b\u00e5nd fra SKLZ gir deg alle fordelene som motstand kan tilby - \u00f8kt styrke, fleksibilitet og utholdenhet - i et kompakt og lett format. Elastiske treningsb\u00e5nd som fungerer godt til et bredt spekter av \u00f8velser.  Bruk dem til \u00e5 varme opp muskler og ledd, eller bruk treningsstripsene til styrke- og bevegelighetstrening.<\/p>\n<h2>Pro Fitness elastisk b\u00e5nd<\/h2>\n<ul>\n<li>Strikken er ogs\u00e5 en god hjelp n\u00e5r du skal gj\u00f8re pull ups.<\/li>\n<li>Bruk den for eksempel til benkpress som en ekstra utfordring.<\/li>\n<li>Finnes i fire hardhetsgrader: lett, middels, tung og ekstra tung.<\/li>\n<li>Medium-versjonen tilbyr en motstand p\u00e5 18-36 kg.<\/li>\n<\/ul>\n<p>Et flott treningsverkt\u00f8y! Et elastisk b\u00e5nd som er et allsidig treningsverkt\u00f8y og kan brukes i ulike sammenhenger og kombineres med flere \u00f8velser p\u00e5 treningssenteret og hjemme. Bruk den for eksempel hjemme til trenings\u00f8velser som retter seg mot biceps, rygg, kneb\u00f8y, utfall og andre rumpe\u00f8velser. Elastikkene er tilgjengelige i fire ulike styrker.   <\/p>\n<h3>Pro Elastics spesifikasjoner:<\/h3>\n<ul>\n<li>Oppn\u00e5 h\u00f8y motstand - samme effekt som om du trente med vekter.<\/li>\n<li>Stor fleksibilitet - mange muligheter til \u00e5 trene p\u00e5 ulike m\u00e5ter.<\/li>\n<li>Tren hele kroppen uten bruk av maskiner, manualer og lignende.<\/li>\n<li>Suppler styrketrening med vekter og\/eller kroppsvekt.<\/li>\n<li>Motstandstrening - effektiv styrking av muskler og ledd.<\/li>\n<li>Treningen er basert p\u00e5 kroppsvekt og motstand.<\/li>\n<li>Minimal risiko for overbelastning og skader.<\/li>\n<li>Effektiv trening uansett aktivitetsniv\u00e5.<\/li>\n<li>Tren n\u00e5r som helst, hvor som helst.<\/li>\n<\/ul>\n<p>En annen fordel er at elastisk trening kan utf\u00f8res av alle - uavhengig av alder, styrkeniv\u00e5, helsetilstand, kondisjonsniv\u00e5 osv. Treningsstripsene er ogs\u00e5 praktiske \u00e5 oppbevare og kan tas med hvor som helst. Det er ingen unnskyldning for \u00e5 ta dem med p\u00e5 ferie, for eksempel.  <b> <\/b>Hardheten til strikken bestemmer elastikkens motstand og hvor mye den kan strekkes.<\/p>\n<p>I praktisk trening anbefales det generelt \u00e5 gj\u00f8re 8-24 repetisjoner av 2-3 sett per trenings\u00f8kt. Dette antallet kan selvf\u00f8lgelig tilpasses den enkelte t\u00f8ynings\u00f8velsen. V\u00e6r alltid oppmerksom p\u00e5 smerte\/ubehag under utf\u00f8relsen av \u00f8velsen. Det er bare du som kjenner kroppen din best - s\u00f8rg for \u00e5 utfordre den med riktig treningsb\u00e5nd.   <\/p>\n<ul>\n<li>\u00d8k hastigheten i sidelengs fart og akselerasjonen forover.<\/li>\n<li>Perfekt for \u00e5 tilf\u00f8re spenning til vanlige \u00f8velser.<\/li>\n<li>Finnes i fire vektklasser med varierende grad av dynamisk spenning.<\/li>\n<li>En velpr\u00f8vd m\u00e5te \u00e5 bygge styrke i over- og underkroppen p\u00e5.<\/li>\n<li>Bygget for \u00e5 t\u00e5le de mest intense treningsprogrammer og rutiner.<\/li>\n<\/ul>\n<p><iframe title=\"SKLZ Pro Bands: Resistance Training\" width=\"800\" height=\"450\" src=\"https:\/\/www.youtube.com\/embed\/yr8b1IZQb_8?start=1&#038;feature=oembed\" frameborder=\"0\" allow=\"accelerometer; autoplay; clipboard-write; encrypted-media; gyroscope; picture-in-picture; web-share\" referrerpolicy=\"strict-origin-when-cross-origin\" allowfullscreen><\/iframe><\/p>\n","protected":false},"excerpt":{"rendered":"<p>Disse Pro Fitness Elastic-b\u00e5ndene fra SKLZ gir deg alle fordelene med motstand - \u00f8kt styrke, fleksibilitet og utholdenhet. Motstandsb\u00e5nd er et allsidig treningsverkt\u00f8y som ogs\u00e5 kan brukes utenfor treningssenteret. <\/p>\n","protected":false},"featured_media":78827,"comment_status":"closed","ping_status":"closed","template":"","meta":{"_acf_changed":false},"product_brand":[],"product_cat":[2020,1948,1937,2207,2208,2216,2215,2217,1945],"product_tag":[2210],"class_list":{"0":"post-78824","1":"product","2":"type-product","3":"status-publish","4":"has-post-thumbnail","6":"product_cat-julegaveideer-no","7":"product_cat-klinikk","8":"product_cat-merkevarer","9":"product_cat-sklz-no","10":"product_cat-sklz-no-2","11":"product_cat-sklz-treningsbaand","12":"product_cat-treningsbaand","13":"product_cat-treningsbaand-no","14":"product_cat-treningsutstyr","15":"product_tag-sklz-no","17":"first","18":"instock","19":"taxable","20":"shipping-taxable","21":"purchasable","22":"product-type-simple"},"acf":[],"_links":{"self":[{"href":"https:\/\/fysiolab.dk\/no\/wp-json\/wp\/v2\/product\/78824","targetHints":{"allow":["GET"]}}],"collection":[{"href":"https:\/\/fysiolab.dk\/no\/wp-json\/wp\/v2\/product"}],"about":[{"href":"https:\/\/fysiolab.dk\/no\/wp-json\/wp\/v2\/types\/product"}],"replies":[{"embeddable":true,"href":"https:\/\/fysiolab.dk\/no\/wp-json\/wp\/v2\/comments?post=78824"}],"wp:featuredmedia":[{"embeddable":true,"href":"https:\/\/fysiolab.dk\/no\/wp-json\/wp\/v2\/media\/78827"}],"wp:attachment":[{"href":"https:\/\/fysiolab.dk\/no\/wp-json\/wp\/v2\/media?parent=78824"}],"wp:term":[{"taxonomy":"product_brand","embeddable":true,"href":"https:\/\/fysiolab.dk\/no\/wp-json\/wp\/v2\/product_brand?post=78824"},{"taxonomy":"product_cat","embeddable":true,"href":"https:\/\/fysiolab.dk\/no\/wp-json\/wp\/v2\/product_cat?post=78824"},{"taxonomy":"product_tag","embeddable":true,"href":"https:\/\/fysiolab.dk\/no\/wp-json\/wp\/v2\/product_tag?post=78824"}],"curies":[{"name":"wp","href":"https:\/\/api.w.org\/{rel}","templated":true}]}}