{"id":78825,"date":"2023-07-16T12:49:34","date_gmt":"2023-07-16T10:49:34","guid":{"rendered":"https:\/\/fysiolab.dk\/product\/sklz-agility-trainer-pro-sett-med-10-stk\/"},"modified":"2025-12-18T09:22:38","modified_gmt":"2025-12-18T08:22:38","slug":"sklz-agility-trainer-pro-sett-med-10-stk","status":"publish","type":"product","link":"https:\/\/fysiolab.dk\/no\/product\/sklz-agility-trainer-pro-sett-med-10-stk\/","title":{"rendered":"SKLZ Agility Trainer Pro (sett med 10 stk.)"},"content":{"rendered":"<h2>Bedre fotarbeid p\u00e5 banen<\/h2>\n<p>Forbedre og tren fotarbeid og smidighet i autentiske, spilllignende situasjoner. Bygg dine egne m\u00f8nstre og \u00f8v repetisjoner i alle retninger. Ut\u00f8veren f\u00e5r \u00f8kt fart, kontroll og forbedret lavt tyngdepunkt!  <\/p>\n<ul>\n<li>Forbedre reaksjonstiden din samtidig som du \u00f8ker hastigheten<\/li>\n<li>Leveres i et sett med 10 deler, inkludert et b\u00e6reh\u00e5ndtak for enkel transport<\/li>\n<li>Kan brukes p\u00e5 alle underlag (vanlig gress, fotballbaner, kunstgress, tregulv osv.)<\/li>\n<\/ul>\n<h3>Utvikler fart, retningsforandring og tyngdepunkt<\/h3>\n<p>SKLZ Agility Trainer Pro trener fart i alle retninger i ulike idretter som fotball, h\u00e5ndball og basketball, der det er mange retningsforandringer under kamp og trening. Det er mange motstandere \u00e5 unng\u00e5, og derfor er det relevant \u00e5 trene opp hastigheten p\u00e5 retningsforandringene dine. <\/p>\n<h3>Fotarbeidet er avgj\u00f8rende<\/h3>\n<p>For alle fotballspillere og ballspillere generelt er et lavt tyngdepunkt avgj\u00f8rende! Raskt fotarbeid kan v\u00e6re avgj\u00f8rende i kampsituasjoner. Den trapesformede utformingen av Agility Trainer Pro&#8217;s bidrar til \u00e5 \u00f8ke og videreutvikle fotarbeidet og smidige bevegelsesm\u00f8nstre. Det unike SKLZ-treningsverkt\u00f8yet er utviklet for at fotballspillere og andre ballspillere skal kunne trene skjeve og brutte treningsm\u00f8nstre i takt med at kontroll og hurtighet \u00f8ker. SKLZ-produktene bidrar til \u00e5 utvikle de avgj\u00f8rende ferdighetene som gagner spillet i kampen.    <\/p>\n<p><iframe title=\"SKLZ Agility Trainer Pro: Curvilinear Drill\" width=\"800\" height=\"450\" src=\"https:\/\/www.youtube.com\/embed\/Brce0Z9_qEo?feature=oembed\" frameborder=\"0\" allow=\"accelerometer; autoplay; clipboard-write; encrypted-media; gyroscope; picture-in-picture; web-share\" referrerpolicy=\"strict-origin-when-cross-origin\" allowfullscreen><\/iframe><\/p>\n<p>&nbsp;<\/p>\n","protected":false},"excerpt":{"rendered":"<p>Trenger du treningsutstyr som utvikler din hurtighet, retningsforandring og tyngdepunkt? SKLZ Agility Trainer Pro forbedrer reaksjonstiden din ved \u00e5 trene opp fotarbeid og smidighet som er autentisk i kampsituasjoner. <\/p>\n","protected":false},"featured_media":78832,"comment_status":"closed","ping_status":"closed","template":"","meta":{"_acf_changed":false},"product_brand":[],"product_cat":[2020,1937,2207,2208,2209,2206,1945],"product_tag":[2210],"class_list":{"0":"post-78825","1":"product","2":"type-product","3":"status-publish","4":"has-post-thumbnail","6":"product_cat-julegaveideer-no","7":"product_cat-merkevarer","8":"product_cat-sklz-no","9":"product_cat-sklz-no-2","10":"product_cat-sklz-smidighet","11":"product_cat-smidighet","12":"product_cat-treningsutstyr","13":"product_tag-sklz-no","15":"first","16":"instock","17":"sale","18":"taxable","19":"shipping-taxable","20":"purchasable","21":"product-type-simple"},"acf":[],"_links":{"self":[{"href":"https:\/\/fysiolab.dk\/no\/wp-json\/wp\/v2\/product\/78825","targetHints":{"allow":["GET"]}}],"collection":[{"href":"https:\/\/fysiolab.dk\/no\/wp-json\/wp\/v2\/product"}],"about":[{"href":"https:\/\/fysiolab.dk\/no\/wp-json\/wp\/v2\/types\/product"}],"replies":[{"embeddable":true,"href":"https:\/\/fysiolab.dk\/no\/wp-json\/wp\/v2\/comments?post=78825"}],"wp:featuredmedia":[{"embeddable":true,"href":"https:\/\/fysiolab.dk\/no\/wp-json\/wp\/v2\/media\/78832"}],"wp:attachment":[{"href":"https:\/\/fysiolab.dk\/no\/wp-json\/wp\/v2\/media?parent=78825"}],"wp:term":[{"taxonomy":"product_brand","embeddable":true,"href":"https:\/\/fysiolab.dk\/no\/wp-json\/wp\/v2\/product_brand?post=78825"},{"taxonomy":"product_cat","embeddable":true,"href":"https:\/\/fysiolab.dk\/no\/wp-json\/wp\/v2\/product_cat?post=78825"},{"taxonomy":"product_tag","embeddable":true,"href":"https:\/\/fysiolab.dk\/no\/wp-json\/wp\/v2\/product_tag?post=78825"}],"curies":[{"name":"wp","href":"https:\/\/api.w.org\/{rel}","templated":true}]}}