{"id":78843,"date":"2023-07-16T12:49:34","date_gmt":"2023-07-16T10:49:34","guid":{"rendered":"https:\/\/fysiolab.dk\/product\/sklz-speed-rope-hoppetau\/"},"modified":"2025-12-18T09:22:38","modified_gmt":"2025-12-18T08:22:38","slug":"sklz-speed-rope-hoppetau","status":"publish","type":"product","link":"https:\/\/fysiolab.dk\/no\/product\/sklz-speed-rope-hoppetau\/","title":{"rendered":"SKLZ Speed Rope - Hoppetau"},"content":{"rendered":"<h2>Speed Rope - Hoppetau fra SKLZ<\/h2>\n<p>Ved \u00e5 hoppe over hest og kjerre f\u00e5r du brukt hele kroppen, og fordi de store muskelgruppene aktiveres, gir det h\u00f8y forbrenning. Hopp er en god form for kondisjonstrening som ogs\u00e5 forbedrer koordinasjon og balanse. Hjernen blir ogs\u00e5 utfordret fordi du m\u00e5 koordinere mange bevegelser.  <\/p>\n<p>Speed Rope hoppetau fra SKLZ har gummierte st\u00e5lh\u00e5ndtak og kulelager for optimal rotasjon. Dette sikrer at hoppetauet kan gi brukeren en intensiv trenings\u00f8kt. <\/p>\n<p>Lengden p\u00e5 hoppetauet kan justeres. Kabellengden er 300 cm. H\u00e5ndtakene har et mykt, men fast grep som gir komfort n\u00e5r du bruker treningshoppetauet. SKLZ Speed Rope er et profesjonelt hoppetau i topp kvalitet.   <\/p>\n<ul>\n<li>Speed Rope med doble kulelagre og st\u00e5lbelte for raskere rotasjon.<\/li>\n<li>Vinkelmontering sikrer riktig posisjonering av h\u00e5ndledd og arm.<\/li>\n<li>Slankt og komfortabelt h\u00e5ndtak med 90 graders vinkel p\u00e5 ledningen.<\/li>\n<li>Presisjonsinnstilling for n\u00f8yaktig spinn.<\/li>\n<li>Kabellengde opptil 300 cm - kan forkortes p\u00e5 foresp\u00f8rsel.<\/li>\n<\/ul>\n<p><iframe title=\"Speed Rope, Train Like You Mean It\" width=\"800\" height=\"450\" src=\"https:\/\/www.youtube.com\/embed\/TKlBwR39cbQ?feature=oembed\" frameborder=\"0\" allow=\"accelerometer; autoplay; clipboard-write; encrypted-media; gyroscope; picture-in-picture; web-share\" referrerpolicy=\"strict-origin-when-cross-origin\" allowfullscreen><\/iframe><\/p>\n","protected":false},"excerpt":{"rendered":"<p>Styrk kondisjonen, balansen og koordinasjonen med hoppetrening.<\/p>\n","protected":false},"featured_media":78849,"comment_status":"closed","ping_status":"closed","template":"","meta":{"_acf_changed":false},"product_brand":[3132],"product_cat":[2020,1937,2226,2207,2208,2227,1945],"product_tag":[2210],"class_list":{"0":"post-78843","1":"product","2":"type-product","3":"status-publish","4":"has-post-thumbnail","6":"product_brand-sklz","7":"product_cat-julegaveideer-no","8":"product_cat-merkevarer","9":"product_cat-sjippetov-no","10":"product_cat-sklz-no","11":"product_cat-sklz-no-2","12":"product_cat-sklz-hoppetau","13":"product_cat-treningsutstyr","14":"product_tag-sklz-no","16":"first","17":"outofstock","18":"taxable","19":"shipping-taxable","20":"purchasable","21":"product-type-simple"},"acf":[],"_links":{"self":[{"href":"https:\/\/fysiolab.dk\/no\/wp-json\/wp\/v2\/product\/78843","targetHints":{"allow":["GET"]}}],"collection":[{"href":"https:\/\/fysiolab.dk\/no\/wp-json\/wp\/v2\/product"}],"about":[{"href":"https:\/\/fysiolab.dk\/no\/wp-json\/wp\/v2\/types\/product"}],"replies":[{"embeddable":true,"href":"https:\/\/fysiolab.dk\/no\/wp-json\/wp\/v2\/comments?post=78843"}],"wp:featuredmedia":[{"embeddable":true,"href":"https:\/\/fysiolab.dk\/no\/wp-json\/wp\/v2\/media\/78849"}],"wp:attachment":[{"href":"https:\/\/fysiolab.dk\/no\/wp-json\/wp\/v2\/media?parent=78843"}],"wp:term":[{"taxonomy":"product_brand","embeddable":true,"href":"https:\/\/fysiolab.dk\/no\/wp-json\/wp\/v2\/product_brand?post=78843"},{"taxonomy":"product_cat","embeddable":true,"href":"https:\/\/fysiolab.dk\/no\/wp-json\/wp\/v2\/product_cat?post=78843"},{"taxonomy":"product_tag","embeddable":true,"href":"https:\/\/fysiolab.dk\/no\/wp-json\/wp\/v2\/product_tag?post=78843"}],"curies":[{"name":"wp","href":"https:\/\/api.w.org\/{rel}","templated":true}]}}