{"id":78855,"date":"2023-07-16T12:49:07","date_gmt":"2023-07-16T10:49:07","guid":{"rendered":"https:\/\/fysiolab.dk\/product\/sklz-jump-rope-hoppetau\/"},"modified":"2025-12-18T09:22:39","modified_gmt":"2025-12-18T08:22:39","slug":"sklz-jump-rope-hoppetau","status":"publish","type":"product","link":"https:\/\/fysiolab.dk\/no\/product\/sklz-jump-rope-hoppetau\/","title":{"rendered":"SKLZ Jump Rope - Hoppetau"},"content":{"rendered":"<div id=\"tab_1\" class=\"tab-pane active\" role=\"tabpanel\">\n<h2>Jump Rope - Hoppetau fra SKLZ<\/h2>\n<p>Hvis du vil ha en effektiv kondisjonstrening, er SKLZ Jump Rope hoppetau det riktige valget for deg.<\/p>\n<h3>SKLZ hoppetau med et godt og fast grep<\/h3>\n<p>Med SKLZ hoppetau forbedrer du fotarbeidet ditt samtidig som du forbedrer kondisjonen din. \u00d8k fotarbeidet ditt og forbrenne mange kalorier. Hoppetauet kan inng\u00e5 i ulike typer trening. \u00c5 hoppe er en av de mest effektive m\u00e5tene \u00e5 f\u00e5 opp pulsen p\u00e5. Hvis du for eksempel trener boksing. Hvis du for eksempel trener boksing, kommer du ikke utenom hoppetauet, siden det er en fast del av boksetreningen. Hoppetau kan brukes til en rekke idretter.      <\/p>\n<ul>\n<li>Ergonomisk polstrede h\u00e5ndtak.<\/li>\n<li>Justerbar rep-lengde.<\/li>\n<li>Slitesterkt hoppetau.<\/li>\n<li>Forbedrer koordinasjon, fotarbeid og kondisjon.<\/li>\n<\/ul>\n<h2>Dokumentasjon<\/h2>\n<p>Studier viser at du kan forbrenne opptil 1200 kalorier i timen ved \u00e5 hoppe over. Det er mer enn dobbelt s\u00e5 mye som ved vanlig l\u00f8ping. Hvis du hopper mye p\u00e5 trening, vil du ikke angre p\u00e5 at du investerer i et hoppetau av god kvalitet som er rimelig og slitesterkt.  <\/p>\n<h2>Fordeler med \u00e5 hoppe over<\/h2>\n<p>Fordelen med \u00e5 hoppe er at du har mange muligheter til \u00e5 variere treningen, for eksempel ved \u00e5 hinke, gj\u00f8re doubleunders og andre morsomme triks som bidrar til \u00e5 gj\u00f8re treningen mer utfordrende. Hoppetauet fra SKLZ er en fin m\u00e5te \u00e5 gi treningen din noe ekstra utenom det vanlige. <\/p>\n<h3>Aktiver kroppens muskler<\/h3>\n<p>Hopping aktiverer mange av kroppens muskler. Under aktiviteten er det f\u00f8rst og fremst fot- og leggmuskulaturen som aktiveres. I tillegg brukes ogs\u00e5 l\u00e5r og rumpe, ettersom du alltid hopper med lett b\u00f8yde kn\u00e6r. Overkroppen kommer ogs\u00e5 i spill n\u00e5r du svinger hoppetauet, og underarm, skuldre og biceps brukes. For \u00e5 sk\u00e5ne kn\u00e6rne og de st\u00f8tene som oppst\u00e5r n\u00e5r du hopper, anbefales det \u00e5 hoppe p\u00e5 et mykt underlag (f.eks. tregulv). Hvis du hopper mye p\u00e5 et hardt underlag, som betong eller asfalt, kan det p\u00e5virke leddene dine p\u00e5 lang sikt. Husk ogs\u00e5 \u00e5 b\u00f8ye kn\u00e6rne litt n\u00e5r du hopper.      <\/p>\n<h2>Ulike varianter<\/h2>\n<p>Unders\u00f8k mulighetene dine og pr\u00f8v deg frem for \u00e5 finne det riktige hoppetauet for deg. Et hoppetau er ikke bare et hoppetau - det kan v\u00e6re forskjellige parametere som spiller inn. Det finnes varianter som har ekstra vekter som kan legges p\u00e5 h\u00e5ndtakene for \u00e5 gi ekstra motstand. Andre hoppetau har lette h\u00e5ndtak og tung ledning\/tr\u00e5d. Noen har til og med tunge h\u00e5ndtak og lett ledning\/tr\u00e5d.    <\/p>\n<p>Hoppetauet b\u00f8r v\u00e6re tilpasset deg, og det b\u00f8r v\u00e6re langt nok. Sjekk om hoppetauet er riktig justert ved \u00e5 st\u00e5 p\u00e5 wiren og strekke ut tauet. Hvis h\u00e5ndtaket p\u00e5 hoppetauet g\u00e5r til hoften din, er lengden perfekt. Hvis ikke, m\u00e5 det justeres ved h\u00e5ndtaket.   <\/p>\n<\/div>\n","protected":false},"excerpt":{"rendered":"<p>\u00d8ker fotarbeidet og forbrenner mange kalorier. Hoppetauet kan inng\u00e5 i forskjellige typer trening. \u00c5 hoppe er en av de mest effektive m\u00e5tene \u00e5 f\u00e5 opp pulsen p\u00e5.  <\/p>\n","protected":false},"featured_media":78857,"comment_status":"closed","ping_status":"closed","template":"","meta":{"_acf_changed":false},"product_brand":[3132],"product_cat":[2020,1937,2226,2207,2208,2227,1945],"product_tag":[2210],"class_list":{"0":"post-78855","1":"product","2":"type-product","3":"status-publish","4":"has-post-thumbnail","6":"product_brand-sklz","7":"product_cat-julegaveideer-no","8":"product_cat-merkevarer","9":"product_cat-sjippetov-no","10":"product_cat-sklz-no","11":"product_cat-sklz-no-2","12":"product_cat-sklz-hoppetau","13":"product_cat-treningsutstyr","14":"product_tag-sklz-no","16":"first","17":"instock","18":"taxable","19":"shipping-taxable","20":"purchasable","21":"product-type-simple"},"acf":[],"_links":{"self":[{"href":"https:\/\/fysiolab.dk\/no\/wp-json\/wp\/v2\/product\/78855","targetHints":{"allow":["GET"]}}],"collection":[{"href":"https:\/\/fysiolab.dk\/no\/wp-json\/wp\/v2\/product"}],"about":[{"href":"https:\/\/fysiolab.dk\/no\/wp-json\/wp\/v2\/types\/product"}],"replies":[{"embeddable":true,"href":"https:\/\/fysiolab.dk\/no\/wp-json\/wp\/v2\/comments?post=78855"}],"wp:featuredmedia":[{"embeddable":true,"href":"https:\/\/fysiolab.dk\/no\/wp-json\/wp\/v2\/media\/78857"}],"wp:attachment":[{"href":"https:\/\/fysiolab.dk\/no\/wp-json\/wp\/v2\/media?parent=78855"}],"wp:term":[{"taxonomy":"product_brand","embeddable":true,"href":"https:\/\/fysiolab.dk\/no\/wp-json\/wp\/v2\/product_brand?post=78855"},{"taxonomy":"product_cat","embeddable":true,"href":"https:\/\/fysiolab.dk\/no\/wp-json\/wp\/v2\/product_cat?post=78855"},{"taxonomy":"product_tag","embeddable":true,"href":"https:\/\/fysiolab.dk\/no\/wp-json\/wp\/v2\/product_tag?post=78855"}],"curies":[{"name":"wp","href":"https:\/\/api.w.org\/{rel}","templated":true}]}}