{"id":78859,"date":"2023-07-16T12:48:44","date_gmt":"2023-07-16T10:48:44","guid":{"rendered":"https:\/\/fysiolab.dk\/product\/pro-mat-treningsmatte-172-cm-svart-sklz\/"},"modified":"2025-12-18T09:22:41","modified_gmt":"2025-12-18T08:22:41","slug":"pro-mat-treningsmatte-172-cm-svart-sklz","status":"publish","type":"product","link":"https:\/\/fysiolab.dk\/no\/product\/pro-mat-treningsmatte-172-cm-svart-sklz\/","title":{"rendered":"Pro Mat Treningsmatte - 172 cm. Svart | SKLZ"},"content":{"rendered":"<div class=\"et_pb_column et_pb_column_4_4 et_pb_column_inner et_pb_column_inner_3_tb_body et-last-child\">\n<div class=\"et_pb_module et_pb_wc_description et_pb_wc_description_0_tb_body et_pb_bg_layout_light et_pb_text_align_left\">\n<div class=\"et_pb_module_inner\">\n<h2>Kraftig treningsmatte for oppvarming og restitusjon<\/h2>\n<p>Oppvarming og restitusjon er avgj\u00f8rende for \u00e5 \u00f8ke prestasjonsevnen. Utf\u00f8r \u00f8velsene dine p\u00e5 et behagelig underlag. Designet i st\u00f8rrelsen 61 cm. x 172 cm (24\u2033 x 68\u2033), med maljer for oppheng. Pro Mat fra SKLZ er enkel \u00e5 rengj\u00f8re og har slitesterkt skum for komfort p\u00e5 de fleste underlag.     <\/p>\n<h3>Spesifikasjoner for Pro Mat<\/h3>\n<ul>\n<li>Stor 61 cm. x 172 cm. design med 1,3 cm. skumtykkelse   <\/li>\n<li>\u00d8yer for oppheng og oppbevaring<\/li>\n<li>Laget av spesialbelagt skum som er lett \u00e5 rengj\u00f8re<\/li>\n<li>Lett \u00e5 ta med seg p\u00e5 trening<\/li>\n<\/ul>\n<\/div>\n<\/div>\n<\/div>\n","protected":false},"excerpt":{"rendered":"<p>Pro Mat gir deg det perfekte treningsunderlaget og hjelper deg med \u00e5 yte ditt beste.<\/p>\n","protected":false},"featured_media":78862,"comment_status":"closed","ping_status":"closed","template":"","meta":{"_acf_changed":false},"product_brand":[3132],"product_cat":[2020,1948,1937,2207,2208,2229,2228,2230,1945],"product_tag":[2210],"class_list":{"0":"post-78859","1":"product","2":"type-product","3":"status-publish","4":"has-post-thumbnail","6":"product_brand-sklz","7":"product_cat-julegaveideer-no","8":"product_cat-klinikk","9":"product_cat-merkevarer","10":"product_cat-sklz-no","11":"product_cat-sklz-no-2","12":"product_cat-sklz-treningsmatter","13":"product_cat-treningsmatter","14":"product_cat-treningsmatter-no","15":"product_cat-treningsutstyr","16":"product_tag-sklz-no","18":"first","19":"instock","20":"taxable","21":"shipping-taxable","22":"purchasable","23":"product-type-simple"},"acf":[],"_links":{"self":[{"href":"https:\/\/fysiolab.dk\/no\/wp-json\/wp\/v2\/product\/78859","targetHints":{"allow":["GET"]}}],"collection":[{"href":"https:\/\/fysiolab.dk\/no\/wp-json\/wp\/v2\/product"}],"about":[{"href":"https:\/\/fysiolab.dk\/no\/wp-json\/wp\/v2\/types\/product"}],"replies":[{"embeddable":true,"href":"https:\/\/fysiolab.dk\/no\/wp-json\/wp\/v2\/comments?post=78859"}],"wp:featuredmedia":[{"embeddable":true,"href":"https:\/\/fysiolab.dk\/no\/wp-json\/wp\/v2\/media\/78862"}],"wp:attachment":[{"href":"https:\/\/fysiolab.dk\/no\/wp-json\/wp\/v2\/media?parent=78859"}],"wp:term":[{"taxonomy":"product_brand","embeddable":true,"href":"https:\/\/fysiolab.dk\/no\/wp-json\/wp\/v2\/product_brand?post=78859"},{"taxonomy":"product_cat","embeddable":true,"href":"https:\/\/fysiolab.dk\/no\/wp-json\/wp\/v2\/product_cat?post=78859"},{"taxonomy":"product_tag","embeddable":true,"href":"https:\/\/fysiolab.dk\/no\/wp-json\/wp\/v2\/product_tag?post=78859"}],"curies":[{"name":"wp","href":"https:\/\/api.w.org\/{rel}","templated":true}]}}