{"id":78868,"date":"2023-07-16T12:48:19","date_gmt":"2023-07-16T10:48:19","guid":{"rendered":"https:\/\/fysiolab.dk\/product\/sklz-trainer-mat-sport-performance-183-cm\/"},"modified":"2025-12-18T09:22:41","modified_gmt":"2025-12-18T08:22:41","slug":"sklz-trainer-mat-sport-performance-183-cm","status":"publish","type":"product","link":"https:\/\/fysiolab.dk\/no\/product\/sklz-trainer-mat-sport-performance-183-cm\/","title":{"rendered":"SKLZ Trainer Mat Sport Performance (183 cm.)"},"content":{"rendered":"<div class=\"et_pb_column et_pb_column_4_4 et_pb_column_inner et_pb_column_inner_3_tb_body et-last-child\">\n<div class=\"et_pb_module et_pb_wc_description et_pb_wc_description_0_tb_body et_pb_bg_layout_light et_pb_text_align_left\">\n<div class=\"et_pb_module_inner\">\n<h2>Trainer Mat Sport Performance - treningsmatte<\/h2>\n<p>SKLZ har gjort det enkelt med serien SELF GUIDED. Her f\u00e5r alle illustrasjoner av relevante \u00f8velser for akkurat den <\/p>\n<p>produkt. Serien best\u00e5r av fire flotte produkter som du kan bruke til hjemmetrening. <\/p>\n<ul>\n<li>Treningsmatten har en overflatest\u00f8rrelse p\u00e5 183 cm. x 61 cm. <\/li>\n<li>4,5 mm tykk og derfor ogs\u00e5 perfekt for yoga <\/li>\n<li>Trykt med 21 basis\u00f8velser, slik at du alltid har et treningsprogram for h\u00e5nden<\/li>\n<\/ul>\n<h3>Treningsprogram til fingerspissene - enkelt og greit<\/h3>\n<p>SKLZ treningsmatte er utviklet av elitetrenere! Treningsmatten gir deg 21 grunnleggende \u00f8velser for \u00e5 forbedre muskelstyrke og fleksibilitet. \u00d8velsene kan integreres i den daglige treningsrutinen og kan ogs\u00e5 brukes til \u00e5 forebygge og behandle skader. Med SKLZ Trainer Mat har du alltid et treningsprogram for h\u00e5nden. Klar til \u00e5 legge deg ned og gj\u00f8re effektive, enkle og oversiktlige \u00f8velser.    <\/p>\n<h3>N\u00e5r skal man bruke en treningsmatte?<\/h3>\n<p>Etter en hard \u00f8kt med styrketrening eller en l\u00f8petur er en treningsmatte et godt sted \u00e5 starte. Deretter kan du avslutte trenings\u00f8kten med \u00e5 t\u00f8ye ut p\u00e5 en treningsmatte. Mage\u00f8velser, rygg\u00f8velser, armstrekk osv. er bare noen av \u00f8velsene som treningsmatten er ideell og designet for.  <\/p>\n<p>Treningsmatten kan brukes b\u00e5de f\u00f8r, under og etter trening. F\u00f8r treningen starter for alvor, kan du gj\u00f8re mange skadeforebyggende \u00f8velser ved \u00e5 bruke matten som underlag. Med SKLZ Trainer Mat har du alltid et program du kan gjennomf\u00f8re p\u00e5 de dagene du kanskje ikke helt orker \u00e5 trene. P\u00e5 den m\u00e5ten har du likevel et overkommelig program og f\u00e5r trent kroppens n\u00f8dvendige muskler.   <\/p>\n<ul>\n<li>SKLZ Trainer Mat er laget av et ftalatfritt materiale og er en veldig fin kvalitetsmatte<\/li>\n<\/ul>\n<\/div>\n<\/div>\n<\/div>\n","protected":false},"excerpt":{"rendered":"<p><strong>Treningsmatten kan brukes enten f\u00f8r, under eller etter trening. Sport Performance-treningsmatten har 21 basis\u00f8velser p\u00e5trykt, slik at du alltid har et treningsprogram for h\u00e5nden. Med en overflatest\u00f8rrelse p\u00e5 183 cm. x 61 cm.   <\/strong><\/p>\n","protected":false},"featured_media":78871,"comment_status":"closed","ping_status":"closed","template":"","meta":{"_acf_changed":false},"product_brand":[],"product_cat":[2020,1948,1937,2207,2208,2229,2228,2230,1945],"product_tag":[2210],"class_list":{"0":"post-78868","1":"product","2":"type-product","3":"status-publish","4":"has-post-thumbnail","6":"product_cat-julegaveideer-no","7":"product_cat-klinikk","8":"product_cat-merkevarer","9":"product_cat-sklz-no","10":"product_cat-sklz-no-2","11":"product_cat-sklz-treningsmatter","12":"product_cat-treningsmatter","13":"product_cat-treningsmatter-no","14":"product_cat-treningsutstyr","15":"product_tag-sklz-no","17":"first","18":"instock","19":"taxable","20":"shipping-taxable","21":"purchasable","22":"product-type-simple"},"acf":[],"_links":{"self":[{"href":"https:\/\/fysiolab.dk\/no\/wp-json\/wp\/v2\/product\/78868","targetHints":{"allow":["GET"]}}],"collection":[{"href":"https:\/\/fysiolab.dk\/no\/wp-json\/wp\/v2\/product"}],"about":[{"href":"https:\/\/fysiolab.dk\/no\/wp-json\/wp\/v2\/types\/product"}],"replies":[{"embeddable":true,"href":"https:\/\/fysiolab.dk\/no\/wp-json\/wp\/v2\/comments?post=78868"}],"wp:featuredmedia":[{"embeddable":true,"href":"https:\/\/fysiolab.dk\/no\/wp-json\/wp\/v2\/media\/78871"}],"wp:attachment":[{"href":"https:\/\/fysiolab.dk\/no\/wp-json\/wp\/v2\/media?parent=78868"}],"wp:term":[{"taxonomy":"product_brand","embeddable":true,"href":"https:\/\/fysiolab.dk\/no\/wp-json\/wp\/v2\/product_brand?post=78868"},{"taxonomy":"product_cat","embeddable":true,"href":"https:\/\/fysiolab.dk\/no\/wp-json\/wp\/v2\/product_cat?post=78868"},{"taxonomy":"product_tag","embeddable":true,"href":"https:\/\/fysiolab.dk\/no\/wp-json\/wp\/v2\/product_tag?post=78868"}],"curies":[{"name":"wp","href":"https:\/\/api.w.org\/{rel}","templated":true}]}}