{"id":78869,"date":"2023-07-16T12:49:06","date_gmt":"2023-07-16T10:49:06","guid":{"rendered":"https:\/\/fysiolab.dk\/product\/sklz-mini-bands-svart-sett-med-10\/"},"modified":"2025-12-18T09:22:40","modified_gmt":"2025-12-18T08:22:40","slug":"sklz-mini-bands-svart-sett-med-10","status":"publish","type":"product","link":"https:\/\/fysiolab.dk\/no\/product\/sklz-mini-bands-svart-sett-med-10\/","title":{"rendered":"SKLZ Mini Bands - Svart (sett med 10)"},"content":{"rendered":"<h2>SKLZ Mini Bands - Treningsb\u00e5nd i svart (sett med 10 stk.)<\/h2>\n<p>SKLZ Mini treningsb\u00e5nd er ideelle for \u00f8velser med sidebevegelser, hofte- og setemuskelaktivering og skulderstabilisering. Treningsb\u00e5ndene er et effektivt og allsidig treningsverkt\u00f8y som kan brukes til \u00e5 \u00f8ke styrke og stabilitet i over- og underkroppen. <\/p>\n<ul>\n<li>Laget av 100 % lateks<\/li>\n<li>Sett med 10 svarte b\u00e5nd<\/li>\n<li>Effektivt og allsidig oppl\u00e6ringsverkt\u00f8y som kan brukes hvor som helst<\/li>\n<li>Brukes til trening av over- og underkropp - ideell for laterale bevegelser og skulderstabiliserings\u00f8velser samt beinstrekk<\/li>\n<li>Skann koder for enkel mobil tilgang til treningsvideoer p\u00e5 nettet<\/li>\n<\/ul>\n<p><iframe title=\"SKLZ Mini Bands\" width=\"800\" height=\"450\" src=\"https:\/\/www.youtube.com\/embed\/nuUF-_o3K6o?feature=oembed\" frameborder=\"0\" allow=\"accelerometer; autoplay; clipboard-write; encrypted-media; gyroscope; picture-in-picture; web-share\" referrerpolicy=\"strict-origin-when-cross-origin\" allowfullscreen><\/iframe><\/p>\n","protected":false},"excerpt":{"rendered":"<p><strong>SKLZ treningsb\u00e5nd for funksjonell trening av b\u00e5de over- og underkropp<\/strong><\/p>\n","protected":false},"featured_media":78875,"comment_status":"closed","ping_status":"closed","template":"","meta":{"_acf_changed":false},"product_brand":[3132],"product_cat":[1948,1937,2207,2208,2216,2215,2217,1945],"product_tag":[2210],"class_list":{"0":"post-78869","1":"product","2":"type-product","3":"status-publish","4":"has-post-thumbnail","6":"product_brand-sklz","7":"product_cat-klinikk","8":"product_cat-merkevarer","9":"product_cat-sklz-no","10":"product_cat-sklz-no-2","11":"product_cat-sklz-treningsbaand","12":"product_cat-treningsbaand","13":"product_cat-treningsbaand-no","14":"product_cat-treningsutstyr","15":"product_tag-sklz-no","17":"first","18":"instock","19":"taxable","20":"shipping-taxable","21":"purchasable","22":"product-type-simple"},"acf":[],"_links":{"self":[{"href":"https:\/\/fysiolab.dk\/no\/wp-json\/wp\/v2\/product\/78869","targetHints":{"allow":["GET"]}}],"collection":[{"href":"https:\/\/fysiolab.dk\/no\/wp-json\/wp\/v2\/product"}],"about":[{"href":"https:\/\/fysiolab.dk\/no\/wp-json\/wp\/v2\/types\/product"}],"replies":[{"embeddable":true,"href":"https:\/\/fysiolab.dk\/no\/wp-json\/wp\/v2\/comments?post=78869"}],"wp:featuredmedia":[{"embeddable":true,"href":"https:\/\/fysiolab.dk\/no\/wp-json\/wp\/v2\/media\/78875"}],"wp:attachment":[{"href":"https:\/\/fysiolab.dk\/no\/wp-json\/wp\/v2\/media?parent=78869"}],"wp:term":[{"taxonomy":"product_brand","embeddable":true,"href":"https:\/\/fysiolab.dk\/no\/wp-json\/wp\/v2\/product_brand?post=78869"},{"taxonomy":"product_cat","embeddable":true,"href":"https:\/\/fysiolab.dk\/no\/wp-json\/wp\/v2\/product_cat?post=78869"},{"taxonomy":"product_tag","embeddable":true,"href":"https:\/\/fysiolab.dk\/no\/wp-json\/wp\/v2\/product_tag?post=78869"}],"curies":[{"name":"wp","href":"https:\/\/api.w.org\/{rel}","templated":true}]}}