{"id":78879,"date":"2023-07-16T12:47:52","date_gmt":"2023-07-16T10:47:52","guid":{"rendered":"https:\/\/fysiolab.dk\/product\/saltstick-caps-100-stk\/"},"modified":"2025-12-18T09:22:41","modified_gmt":"2025-12-18T08:22:41","slug":"saltstick-caps-100-stk","status":"publish","type":"product","link":"https:\/\/fysiolab.dk\/no\/product\/saltstick-caps-100-stk\/","title":{"rendered":"Saltstick Caps 100 stk"},"content":{"rendered":"<p class=\"textAlignLeft\" data-block-uuid=\"bc1d0d58-74f5-4fc2-89c7-29f30a8e2bac\">Saltpinner er spesielt egnet for personer som driver med h\u00f8yintensiv idrett, som trener under varme forhold eller med \u00f8kt svetteproduksjon, eller som driver med aktiviteter av lengre varighet, som triatlon, sykling eller langdistansel\u00f8ping.<\/p>\n<p>Saltsticks er et salt\/elektrolytttilskudd som inneholder vitamin D og alle de viktige mineralene og saltene du svetter ut under fysisk aktivitet.<\/p>\n<p class=\"textAlignLeft\" data-block-uuid=\"bc1d0d58-74f5-4fc2-89c7-29f30a8e2bac\">Vil du unng\u00e5 de smertefulle muskelsammentrekningene? Saltpinner motvirker dette. <\/p>\n<p class=\"textAlignLeft\" data-block-uuid=\"bc1d0d58-74f5-4fc2-89c7-29f30a8e2bac\">Alle mister salter gjennom svette under anstrengende fysisk aktivitet, og jo lenger du er aktiv, jo mer salter mister du. Saltpinner inneholder mineraler som natrium, magnesium og kalsium. Dette hjelper kroppen med \u00e5 opprettholde en god v\u00e6ske- og elektrolyttbalanse og minimerer dermed muskelkramper.  <\/p>\n<p>Det anbefales \u00e5 ta 1-2 kapsler per 30-60 min. under fysisk aktivitet. <\/p>\n<p data-block-uuid=\"bc1d0d58-74f5-4fc2-89c7-29f30a8e2bac\">Innhold per saltpinnekapsel:<\/p>\n<ul>\n<li data-block-uuid=\"bc1d0d58-74f5-4fc2-89c7-29f30a8e2bac\">215 mg natrium<\/li>\n<li data-block-uuid=\"bc1d0d58-74f5-4fc2-89c7-29f30a8e2bac\">63 mg kalium<\/li>\n<li data-block-uuid=\"bc1d0d58-74f5-4fc2-89c7-29f30a8e2bac\">22 mg kalsium<\/li>\n<li data-block-uuid=\"bc1d0d58-74f5-4fc2-89c7-29f30a8e2bac\">11 mg magnesium<\/li>\n<li data-block-uuid=\"bc1d0d58-74f5-4fc2-89c7-29f30a8e2bac\">100 IE vitamin D<\/li>\n<\/ul>\n<p>&nbsp;<\/p>\n<p>&nbsp;<\/p>\n<p>F\u00f8lgende informasjon gjelder for alle kosttilskuddsprodukter:<\/p>\n<ul type=\"disc\">\n<li><span lang=\"DA\">Produktet m\u00e5 ikke brukes av eller selges til personer under 18 \u00e5r.<u><\/u><u><\/u><\/span><\/li>\n<li><span lang=\"DA\">Hvis du har en alvorlig sykdom eller bruker reseptbelagte medisiner, b\u00f8r du r\u00e5df\u00f8re deg med lege f\u00f8r bruk.<u><\/u><u><\/u><\/span><\/li>\n<li><span lang=\"DA\">Uttalelsene p\u00e5 nettstedet er ikke gjennomg\u00e5tt av den danske L\u00e6gemiddel- og F\u00f8devarestyrelsen.<u><\/u><u><\/u><\/span><\/li>\n<li><span lang=\"DA\">Produktet er ikke ment \u00e5 diagnostisere, behandle, kurere eller forebygge noen sykdom.<u><\/u><u><\/u><\/span><\/li>\n<li><span lang=\"DA\">Resultatene kan variere og vil ikke v\u00e6re de samme for alle<\/span><\/li>\n<\/ul>\n","protected":false},"excerpt":{"rendered":"<p>Saltkapsler med elektrolytter, vitaminer og mineraler.<\/p>\n<p>MERK - Utl\u00f8psdato ved tilgang i januar 2025<\/p>\n","protected":false},"featured_media":78880,"comment_status":"closed","ping_status":"closed","template":"","meta":{"_acf_changed":false},"product_brand":[],"product_cat":[2233,2020,2232,1937,2234,2231,2235],"product_tag":[],"class_list":{"0":"post-78879","1":"product","2":"type-product","3":"status-publish","4":"has-post-thumbnail","6":"product_cat-hydro-tabs-no","7":"product_cat-julegaveideer-no","8":"product_cat-kosttilskudd","9":"product_cat-merkevarer","10":"product_cat-mineraler-og-diverse","11":"product_cat-saltpinne","12":"product_cat-saltpinne-no","14":"first","15":"instock","16":"taxable","17":"shipping-taxable","18":"purchasable","19":"product-type-simple"},"acf":[],"_links":{"self":[{"href":"https:\/\/fysiolab.dk\/no\/wp-json\/wp\/v2\/product\/78879","targetHints":{"allow":["GET"]}}],"collection":[{"href":"https:\/\/fysiolab.dk\/no\/wp-json\/wp\/v2\/product"}],"about":[{"href":"https:\/\/fysiolab.dk\/no\/wp-json\/wp\/v2\/types\/product"}],"replies":[{"embeddable":true,"href":"https:\/\/fysiolab.dk\/no\/wp-json\/wp\/v2\/comments?post=78879"}],"wp:featuredmedia":[{"embeddable":true,"href":"https:\/\/fysiolab.dk\/no\/wp-json\/wp\/v2\/media\/78880"}],"wp:attachment":[{"href":"https:\/\/fysiolab.dk\/no\/wp-json\/wp\/v2\/media?parent=78879"}],"wp:term":[{"taxonomy":"product_brand","embeddable":true,"href":"https:\/\/fysiolab.dk\/no\/wp-json\/wp\/v2\/product_brand?post=78879"},{"taxonomy":"product_cat","embeddable":true,"href":"https:\/\/fysiolab.dk\/no\/wp-json\/wp\/v2\/product_cat?post=78879"},{"taxonomy":"product_tag","embeddable":true,"href":"https:\/\/fysiolab.dk\/no\/wp-json\/wp\/v2\/product_tag?post=78879"}],"curies":[{"name":"wp","href":"https:\/\/api.w.org\/{rel}","templated":true}]}}