{"id":78887,"date":"2023-07-16T12:49:06","date_gmt":"2023-07-16T10:49:06","guid":{"rendered":"https:\/\/fysiolab.dk\/product\/sklz-mini-bands-elastiske-baand\/"},"modified":"2025-12-18T09:22:40","modified_gmt":"2025-12-18T08:22:40","slug":"sklz-mini-bands-elastiske-baand","status":"publish","type":"product","link":"https:\/\/fysiolab.dk\/no\/product\/sklz-mini-bands-elastiske-baand\/","title":{"rendered":"SKLZ Mini Bands elastiske b\u00e5nd"},"content":{"rendered":"<h2>Mini treningsb\u00e5nd fra SKLZ<\/h2>\n<p>SKLZ Mini treningsb\u00e5nd - sm\u00e5 og praktiske SKLZ-b\u00e5nd for effektiv motstandstrening!<\/p>\n<ul>\n<li>Inkluderer 3 gummistrikk i vanskelighetsgradene Light \/ Medium \/ Heavy<\/li>\n<li>Bruksanvisning medf\u00f8lger<\/li>\n<li>Laget av 100 % lateks<\/li>\n<li>Totalvekt: 0,18 kg.<\/li>\n<\/ul>\n<h2>Minib\u00e5nd med h\u00f8y effektivitet<\/h2>\n<p>Minib\u00e5nd fra SKLZ er et effektivt og allsidig treningsverkt\u00f8y som kan brukes overalt. Praktisk og multifunksjonelt verkt\u00f8y for trening av b\u00e5de over- og underkropp, uansett hvilken idrett du driver med. Perfekt for en rekke \u00f8velser for hele kroppen. Spesielt er det et enkelt, men flott redskap for mange \u00f8velser for kjernemuskulatur, rumpe\u00f8velser og andre stabiliserende \u00f8velser. Elastisk trening er mer sk\u00e5nsomt for kroppen enn tunge vekter, slik at risikoen for overbelastning minimeres. Denne typen trening kan utf\u00f8res av alle, uavhengig av alder, kondisjon, helsetilstand etc. Du kan trene hvor som helst, og du trenger ikke noe annet utstyr. B\u00e5ndene kan ogs\u00e5 brukes som et supplement til styrketrening med vekter. B\u00e5ndene kommer i en pakke med tre i tre ulike vanskelighetsgrader. Utformingen er en fin, bred strikk som ikke generer under bruk, i motsetning til smalere strikk.        <\/p>\n<p>Ha alltid en pakke Mini Bands i treningsbagen. Lett \u00e5 ta med seg p\u00e5 ferier, fotballturneringer osv. <\/p>\n<p><iframe title=\"SKLZ Mini Bands\" width=\"800\" height=\"450\" src=\"https:\/\/www.youtube.com\/embed\/nuUF-_o3K6o?feature=oembed\" frameborder=\"0\" allow=\"accelerometer; autoplay; clipboard-write; encrypted-media; gyroscope; picture-in-picture; web-share\" referrerpolicy=\"strict-origin-when-cross-origin\" allowfullscreen><\/iframe><\/p>\n","protected":false},"excerpt":{"rendered":"<p>SKLZ Mini Bands - Sm\u00e5 og praktiske b\u00e5nd fra SKLZ for effektiv motstandstrening. Perfekt for rumpe- og kjernetrening. Bruk dem n\u00e5r som helst og hvor som helst. Praktisk og multifunksjonelt verkt\u00f8y fra SKLZ.   <\/p>\n","protected":false},"featured_media":78889,"comment_status":"closed","ping_status":"closed","template":"","meta":{"_acf_changed":false},"product_brand":[],"product_cat":[2020,1948,1937,2207,2208,2216,2215,2217,1945],"product_tag":[2210],"class_list":{"0":"post-78887","1":"product","2":"type-product","3":"status-publish","4":"has-post-thumbnail","6":"product_cat-julegaveideer-no","7":"product_cat-klinikk","8":"product_cat-merkevarer","9":"product_cat-sklz-no","10":"product_cat-sklz-no-2","11":"product_cat-sklz-treningsbaand","12":"product_cat-treningsbaand","13":"product_cat-treningsbaand-no","14":"product_cat-treningsutstyr","15":"product_tag-sklz-no","17":"first","18":"instock","19":"taxable","20":"shipping-taxable","21":"purchasable","22":"product-type-simple"},"acf":[],"_links":{"self":[{"href":"https:\/\/fysiolab.dk\/no\/wp-json\/wp\/v2\/product\/78887","targetHints":{"allow":["GET"]}}],"collection":[{"href":"https:\/\/fysiolab.dk\/no\/wp-json\/wp\/v2\/product"}],"about":[{"href":"https:\/\/fysiolab.dk\/no\/wp-json\/wp\/v2\/types\/product"}],"replies":[{"embeddable":true,"href":"https:\/\/fysiolab.dk\/no\/wp-json\/wp\/v2\/comments?post=78887"}],"wp:featuredmedia":[{"embeddable":true,"href":"https:\/\/fysiolab.dk\/no\/wp-json\/wp\/v2\/media\/78889"}],"wp:attachment":[{"href":"https:\/\/fysiolab.dk\/no\/wp-json\/wp\/v2\/media?parent=78887"}],"wp:term":[{"taxonomy":"product_brand","embeddable":true,"href":"https:\/\/fysiolab.dk\/no\/wp-json\/wp\/v2\/product_brand?post=78887"},{"taxonomy":"product_cat","embeddable":true,"href":"https:\/\/fysiolab.dk\/no\/wp-json\/wp\/v2\/product_cat?post=78887"},{"taxonomy":"product_tag","embeddable":true,"href":"https:\/\/fysiolab.dk\/no\/wp-json\/wp\/v2\/product_tag?post=78887"}],"curies":[{"name":"wp","href":"https:\/\/api.w.org\/{rel}","templated":true}]}}