{"id":78899,"date":"2023-07-16T12:46:56","date_gmt":"2023-07-16T10:46:56","guid":{"rendered":"https:\/\/fysiolab.dk\/product\/sklz-super-sandbag-treningssandsekk\/"},"modified":"2025-12-18T09:22:41","modified_gmt":"2025-12-18T08:22:41","slug":"sklz-super-sandbag-treningssandsekk","status":"publish","type":"product","link":"https:\/\/fysiolab.dk\/no\/product\/sklz-super-sandbag-treningssandsekk\/","title":{"rendered":"SKLZ Super Sandbag - Treningssandsekk"},"content":{"rendered":"<p><iframe title=\"SKLZ Super Sandbag - Performance Training\" width=\"800\" height=\"450\" src=\"https:\/\/www.youtube.com\/embed\/3TgjnvBTp1M?feature=oembed\" frameborder=\"0\" allow=\"accelerometer; autoplay; clipboard-write; encrypted-media; gyroscope; picture-in-picture; web-share\" referrerpolicy=\"strict-origin-when-cross-origin\" allowfullscreen><\/iframe><\/p>\n<h2>SKLZ Super Sandbag - Treningssandsekk<\/h2>\n<p>SKLZ Super Sandbag med fire vektsekker (totalvekt per sekk: 4,5 kg). Treningssekken har en robust og slitesterk design. Sandsekken har b\u00e5de motstandsdyktige og slitesterke materialer. Kan fylles med f.eks. sand.   <\/p>\n<ul>\n<li>Leveres uten fylling<\/li>\n<li>St\u00f8rrelse: 50 cm. x 20 cm. x 20 cm.<\/li>\n<li>Maks vekt: 18 kg (4,5-18 kg) <\/li>\n<li>Fire vektposer inkludert<\/li>\n<li>6 robuste grepalternativer<\/li>\n<li>Elastiske og slitesterke materialer<\/li>\n<li>Glidel\u00e5s med borrel\u00e5s for ekstra forsterkning<\/li>\n<li>Utvikler styrke og eksplosivitet<\/li>\n<li>Laget av et slitesterkt og holdbart materiale<\/li>\n<\/ul>\n<h2>SKLZ Super Sandbag - 2-i-1 sandsekk<\/h2>\n<p>Hvis du \u00f8nsker \u00e5 utvikle styrke, stabilitet og utholdenhet i kroppen, er SKLZ Super Sandbag det riktige treningsproduktet for deg. Du kan utf\u00f8re utallige \u00f8velser som trener over- og underkroppen og gir deg mulighet til \u00e5 utvikle eksplosiv styrke. De avtakbare vektsekkene kan brukes som manualer for \u00e5 \u00f8ke intensiteten i enhver \u00f8velse. Du f\u00e5r mange muligheter med et treningsredskap som har flere funksjoner. Det er bare fantasien som setter grenser for hvordan du kan bruke den. Du kan for eksempel bruke den til markl\u00f8ft, biceps\u00f8velser, walking lunges osv. Et godt kj\u00f8p for hjemmetrening hvis du ikke kan komme deg til treningssenteret. Du kan ogs\u00e5 enkelt ta den med deg p\u00e5 ferie eller p\u00e5 hytta. Du kan \"l\u00e5ne\" sanden for p\u00e5fyll av drivstoff fra stranden.        <\/p>\n<ul>\n<li>SKLZ Super Sandbag har glidel\u00e5s og velcrob\u00e5nd for bedre sikkerhet<\/li>\n<\/ul>\n","protected":false},"excerpt":{"rendered":"<p>Med SKLZ Super Sandbag f\u00e5r du en rekke treningsalternativer. Bruk den til markl\u00f8ft, biceps\u00f8velser, walking lunges osv. <\/p>\n<p>Se mer nedenfor<\/p>\n","protected":false},"featured_media":78902,"comment_status":"closed","ping_status":"closed","template":"","meta":{"_acf_changed":false},"product_brand":[3132],"product_cat":[2221,2020,1937,2207,2208,2219,1945],"product_tag":[2210],"class_list":{"0":"post-78899","1":"product","2":"type-product","3":"status-publish","4":"has-post-thumbnail","6":"product_brand-sklz","7":"product_cat-annet-treningsutstyr","8":"product_cat-julegaveideer-no","9":"product_cat-merkevarer","10":"product_cat-sklz-no","11":"product_cat-sklz-no-2","12":"product_cat-sklz-treningsutstyr","13":"product_cat-treningsutstyr","14":"product_tag-sklz-no","16":"first","17":"instock","18":"taxable","19":"shipping-taxable","20":"purchasable","21":"product-type-simple"},"acf":[],"_links":{"self":[{"href":"https:\/\/fysiolab.dk\/no\/wp-json\/wp\/v2\/product\/78899","targetHints":{"allow":["GET"]}}],"collection":[{"href":"https:\/\/fysiolab.dk\/no\/wp-json\/wp\/v2\/product"}],"about":[{"href":"https:\/\/fysiolab.dk\/no\/wp-json\/wp\/v2\/types\/product"}],"replies":[{"embeddable":true,"href":"https:\/\/fysiolab.dk\/no\/wp-json\/wp\/v2\/comments?post=78899"}],"wp:featuredmedia":[{"embeddable":true,"href":"https:\/\/fysiolab.dk\/no\/wp-json\/wp\/v2\/media\/78902"}],"wp:attachment":[{"href":"https:\/\/fysiolab.dk\/no\/wp-json\/wp\/v2\/media?parent=78899"}],"wp:term":[{"taxonomy":"product_brand","embeddable":true,"href":"https:\/\/fysiolab.dk\/no\/wp-json\/wp\/v2\/product_brand?post=78899"},{"taxonomy":"product_cat","embeddable":true,"href":"https:\/\/fysiolab.dk\/no\/wp-json\/wp\/v2\/product_cat?post=78899"},{"taxonomy":"product_tag","embeddable":true,"href":"https:\/\/fysiolab.dk\/no\/wp-json\/wp\/v2\/product_tag?post=78899"}],"curies":[{"name":"wp","href":"https:\/\/api.w.org\/{rel}","templated":true}]}}