{"id":78920,"date":"2023-07-16T12:46:56","date_gmt":"2023-07-16T10:46:56","guid":{"rendered":"https:\/\/fysiolab.dk\/product\/sklz-speedsac-treningssandsekk\/"},"modified":"2025-12-18T09:22:41","modified_gmt":"2025-12-18T08:22:41","slug":"sklz-speedsac-treningssandsekk","status":"publish","type":"product","link":"https:\/\/fysiolab.dk\/no\/product\/sklz-speedsac-treningssandsekk\/","title":{"rendered":"SKLZ SpeedSac - Treningssandsekk"},"content":{"rendered":"<p><iframe title=\"SKLZ Performance Training - SpeedSac\" width=\"800\" height=\"450\" src=\"https:\/\/www.youtube.com\/embed\/Yy-SG1OELp4?feature=oembed\" frameborder=\"0\" allow=\"accelerometer; autoplay; clipboard-write; encrypted-media; gyroscope; picture-in-picture; web-share\" referrerpolicy=\"strict-origin-when-cross-origin\" allowfullscreen><\/iframe><\/p>\n<h2>SKLZ SpeedSac - En treningssandsekk som gj\u00f8r deg raskere<\/h2>\n<p>SKLZ SpeedSac er ideell for \u00e5 utvikle og presse ut\u00f8veren p\u00e5 trening, samt bidra til \u00e5 \u00f8ke den eksplosive kraften ved sprint. Treningsverkt\u00f8yet styrker den generelle hurtigheten. <\/p>\n<ul>\n<li>Hver sandsekk kan romme opptil ca. 5 kg sand (totalt 15 kg) <\/li>\n<li>SKLZ Speedsac kan brukes p\u00e5 gress, kunstgulv og tregulv<\/li>\n<li>Justerbar snor som passer alle idrettsut\u00f8vere<\/li>\n<li>Stimulerer muskelgruppene i underkroppen<\/li>\n<li>Lett \u00e5 transportere<\/li>\n<\/ul>\n<h2>\u00d8k hastigheten din med SKLZ SpeedSac<\/h2>\n<p>SKLZ SpeedSac bidrar til \u00e5 utvikle alle idrettsut\u00f8vere som trener og bruker den. Med intens trening vil ut\u00f8veren ha en positiv effekt p\u00e5 ulike parametere som hastighet, styrke, akselerasjon og restitusjon. <\/p>\n<ul>\n<li>Ledningen kobles mellom ut\u00f8veren og SpeedSac. Den kan justeres etter \u00f8nske og behov, avhengig av fokusomr\u00e5det. <\/li>\n<li>SpeedSacs design gj\u00f8r det ogs\u00e5 mulig \u00e5 bruke den til andre \u00f8velser som kneb\u00f8y og utfall.<\/li>\n<\/ul>\n<p>Det anbefales ikke at Speedsac brukes p\u00e5 annet enn gress, syntetiske gulv og innend\u00f8rs tregulv.<\/p>\n<h3>Inkludert i kj\u00f8pet:<\/h3>\n<ul>\n<li>N\u00f8kkelb\u00e5nd<\/li>\n<li>Speedsac-sekk<\/li>\n<li>Justerbart belte<\/li>\n<li>3 robuste vektposer<\/li>\n<\/ul>\n","protected":false},"excerpt":{"rendered":"<p>SKLZ SpeedSac kan bidra til \u00e5 forbedre din hurtighet og eksplosivitet.<\/p>\n","protected":false},"featured_media":78923,"comment_status":"closed","ping_status":"closed","template":"","meta":{"_acf_changed":false},"product_brand":[],"product_cat":[2221,1937,2207,2208,2236,1945],"product_tag":[2210],"class_list":{"0":"post-78920","1":"product","2":"type-product","3":"status-publish","4":"has-post-thumbnail","6":"product_cat-annet-treningsutstyr","7":"product_cat-merkevarer","8":"product_cat-sklz-no","9":"product_cat-sklz-no-2","10":"product_cat-sklz-hastighetstrening","11":"product_cat-treningsutstyr","12":"product_tag-sklz-no","14":"first","15":"instock","16":"taxable","17":"shipping-taxable","18":"purchasable","19":"product-type-simple"},"acf":[],"_links":{"self":[{"href":"https:\/\/fysiolab.dk\/no\/wp-json\/wp\/v2\/product\/78920","targetHints":{"allow":["GET"]}}],"collection":[{"href":"https:\/\/fysiolab.dk\/no\/wp-json\/wp\/v2\/product"}],"about":[{"href":"https:\/\/fysiolab.dk\/no\/wp-json\/wp\/v2\/types\/product"}],"replies":[{"embeddable":true,"href":"https:\/\/fysiolab.dk\/no\/wp-json\/wp\/v2\/comments?post=78920"}],"wp:featuredmedia":[{"embeddable":true,"href":"https:\/\/fysiolab.dk\/no\/wp-json\/wp\/v2\/media\/78923"}],"wp:attachment":[{"href":"https:\/\/fysiolab.dk\/no\/wp-json\/wp\/v2\/media?parent=78920"}],"wp:term":[{"taxonomy":"product_brand","embeddable":true,"href":"https:\/\/fysiolab.dk\/no\/wp-json\/wp\/v2\/product_brand?post=78920"},{"taxonomy":"product_cat","embeddable":true,"href":"https:\/\/fysiolab.dk\/no\/wp-json\/wp\/v2\/product_cat?post=78920"},{"taxonomy":"product_tag","embeddable":true,"href":"https:\/\/fysiolab.dk\/no\/wp-json\/wp\/v2\/product_tag?post=78920"}],"curies":[{"name":"wp","href":"https:\/\/api.w.org\/{rel}","templated":true}]}}