{"id":78921,"date":"2023-07-16T12:46:55","date_gmt":"2023-07-16T10:46:55","guid":{"rendered":"https:\/\/fysiolab.dk\/product\/sklz-hopz-2-0\/"},"modified":"2025-12-18T09:22:42","modified_gmt":"2025-12-18T08:22:42","slug":"sklz-hopz-2-0","status":"publish","type":"product","link":"https:\/\/fysiolab.dk\/no\/product\/sklz-hopz-2-0\/","title":{"rendered":"SKLZ HOPZ 2.0"},"content":{"rendered":"<p><iframe title=\"SKLZ Performance Training - Hopz\" width=\"800\" height=\"450\" src=\"https:\/\/www.youtube.com\/embed\/DW-zWk5rGow?feature=oembed\" frameborder=\"0\" allow=\"accelerometer; autoplay; clipboard-write; encrypted-media; gyroscope; picture-in-picture; web-share\" referrerpolicy=\"strict-origin-when-cross-origin\" allowfullscreen><\/iframe><\/p>\n<h2>Tren opp hoppkraften din<\/h2>\n<p>HOPZ 2.0 er perfekt for basketball, amerikansk fotball, volleyball, h\u00e5ndball, fotball eller andre idretter som krever eksplosiv beinstyrke. HOPZ vil \u00f8ke muskelstyrken i underkroppen og maksimere din evne til \u00e5 hoppe h\u00f8yt og kraftfullt. <\/p>\n<ul>\n<li>Brukes for eksempel til jumpsquat<\/li>\n<li>Eksplosiv styrke med HOPZ 2.0<\/li>\n<li>Enkelt \u00e5 bytte kabler med ulik motstand<\/li>\n<li>Slitesterke kabler og ankelstropper<\/li>\n<li>Inkluderer et belte, to ankelstropper og fire motstandskabler<\/li>\n<\/ul>\n<h3>Hopp kneb\u00f8y<\/h3>\n<p>SKLZ HOPZ 2.0 er ideell for \u00f8velsen jump squat. Du vil kjenne melkesyren i beina relativt raskt. Du kan justere motstandskablene, da det f\u00f8lger med to sett med elastiske b\u00e5nd i ulike vanskelighetsgrader. Beltet er justerbart og har polstring p\u00e5 sidene for god passform og komfort.   <\/p>\n","protected":false},"excerpt":{"rendered":"<p>Tren opp eksplosiviteten i beina med SKLZ HOPZ 2.0<\/p>\n","protected":false},"featured_media":78935,"comment_status":"closed","ping_status":"closed","template":"","meta":{"_acf_changed":false},"product_brand":[3132],"product_cat":[2221,2020,1937,2207,2208,2236,1945],"product_tag":[2210],"class_list":{"0":"post-78921","1":"product","2":"type-product","3":"status-publish","4":"has-post-thumbnail","6":"product_brand-sklz","7":"product_cat-annet-treningsutstyr","8":"product_cat-julegaveideer-no","9":"product_cat-merkevarer","10":"product_cat-sklz-no","11":"product_cat-sklz-no-2","12":"product_cat-sklz-hastighetstrening","13":"product_cat-treningsutstyr","14":"product_tag-sklz-no","16":"first","17":"instock","18":"taxable","19":"shipping-taxable","20":"purchasable","21":"product-type-simple"},"acf":[],"_links":{"self":[{"href":"https:\/\/fysiolab.dk\/no\/wp-json\/wp\/v2\/product\/78921","targetHints":{"allow":["GET"]}}],"collection":[{"href":"https:\/\/fysiolab.dk\/no\/wp-json\/wp\/v2\/product"}],"about":[{"href":"https:\/\/fysiolab.dk\/no\/wp-json\/wp\/v2\/types\/product"}],"replies":[{"embeddable":true,"href":"https:\/\/fysiolab.dk\/no\/wp-json\/wp\/v2\/comments?post=78921"}],"wp:featuredmedia":[{"embeddable":true,"href":"https:\/\/fysiolab.dk\/no\/wp-json\/wp\/v2\/media\/78935"}],"wp:attachment":[{"href":"https:\/\/fysiolab.dk\/no\/wp-json\/wp\/v2\/media?parent=78921"}],"wp:term":[{"taxonomy":"product_brand","embeddable":true,"href":"https:\/\/fysiolab.dk\/no\/wp-json\/wp\/v2\/product_brand?post=78921"},{"taxonomy":"product_cat","embeddable":true,"href":"https:\/\/fysiolab.dk\/no\/wp-json\/wp\/v2\/product_cat?post=78921"},{"taxonomy":"product_tag","embeddable":true,"href":"https:\/\/fysiolab.dk\/no\/wp-json\/wp\/v2\/product_tag?post=78921"}],"curies":[{"name":"wp","href":"https:\/\/api.w.org\/{rel}","templated":true}]}}