{"id":78941,"date":"2023-07-16T12:46:55","date_gmt":"2023-07-16T10:46:55","guid":{"rendered":"https:\/\/fysiolab.dk\/product\/sklz-speed-chute-belte-med-fallskjerm\/"},"modified":"2025-12-18T09:22:42","modified_gmt":"2025-12-18T08:22:42","slug":"sklz-speed-chute-belte-med-fallskjerm","status":"publish","type":"product","link":"https:\/\/fysiolab.dk\/no\/product\/sklz-speed-chute-belte-med-fallskjerm\/","title":{"rendered":"SKLZ Speed Chute - belte med fallskjerm"},"content":{"rendered":"<p><iframe title=\"SKLZ Performance Training - Speed Chute\" width=\"800\" height=\"450\" src=\"https:\/\/www.youtube.com\/embed\/yoShSBwOEpI?feature=oembed\" frameborder=\"0\" allow=\"accelerometer; autoplay; clipboard-write; encrypted-media; gyroscope; picture-in-picture; web-share\" referrerpolicy=\"strict-origin-when-cross-origin\" allowfullscreen><\/iframe><\/p>\n<h2>Speed Chute - fallskjerm for motstandstrening<\/h2>\n<p>SKLZ Speed Chute er et treningsverkt\u00f8y som alle kan bruke, og som partneren din kanskje vil se p\u00e5 med misunnelse. I ren misunnelse! <\/p>\n<p>Ut\u00f8veren videreutvikler viktige ferdigheter og fokuserer p\u00e5 viktige omr\u00e5der som hurtighet, styrke og akselerasjon. Legg til Speed Chute i treningen din og f\u00e5 et forsprang p\u00e5 de avgj\u00f8rende f\u00f8rste meterne. <\/p>\n<ul>\n<li>SKLZ Speed Chute er en 120 cm. lang fallskjerm. <\/li>\n<li>Forbedre og \u00f8ke akselerasjonen din<\/li>\n<li>Bidra til \u00e5 utvikle hastigheten din<\/li>\n<\/ul>\n<h2>SKLZ Speed Chute er et av de kuleste treningsverkt\u00f8yene!<\/h2>\n<p>Alle burde pr\u00f8ve utfordringen med \u00e5 l\u00f8pe med en fallskjerm bak seg. I tillegg til wow-effekten er det utrolig effektivt. Samtidig vil det utvikle ut\u00f8verens l\u00f8peteknikk ettersom den reagerer p\u00e5 hvordan du overf\u00f8rer kraften i bakken. Utformingen gj\u00f8r at fallskjermen ikke vikler seg inn i seg selv. Beltet er dessuten utformet slik at det kan klikkes av fallskjermen, slik at ut\u00f8veren f\u00e5r en f\u00f8lelse av \u00e5 bli slynget ut og musklene kan utvikle den eksplosive kraften.    <\/p>\n<ul>\n<li>Et 360\u00b0 justerbart belte<\/li>\n<li>Enkel \u00e5 transportere og oppbevare<\/li>\n<li>Gir 6,5 - 13,5 kg motstand <\/li>\n<\/ul>\n","protected":false},"excerpt":{"rendered":"<p>SKLZ Speed Chute vil forbedre akselerasjonen og hastigheten din!<\/p>\n","protected":false},"featured_media":78944,"comment_status":"closed","ping_status":"closed","template":"","meta":{"_acf_changed":false},"product_brand":[],"product_cat":[2221,2218,2020,1937,2207,2208,2236,1945],"product_tag":[2210],"class_list":{"0":"post-78941","1":"product","2":"type-product","3":"status-publish","4":"has-post-thumbnail","6":"product_cat-annet-treningsutstyr","7":"product_cat-fotball-og-fotball","8":"product_cat-julegaveideer-no","9":"product_cat-merkevarer","10":"product_cat-sklz-no","11":"product_cat-sklz-no-2","12":"product_cat-sklz-hastighetstrening","13":"product_cat-treningsutstyr","14":"product_tag-sklz-no","16":"first","17":"instock","18":"taxable","19":"shipping-taxable","20":"purchasable","21":"product-type-simple"},"acf":[],"_links":{"self":[{"href":"https:\/\/fysiolab.dk\/no\/wp-json\/wp\/v2\/product\/78941","targetHints":{"allow":["GET"]}}],"collection":[{"href":"https:\/\/fysiolab.dk\/no\/wp-json\/wp\/v2\/product"}],"about":[{"href":"https:\/\/fysiolab.dk\/no\/wp-json\/wp\/v2\/types\/product"}],"replies":[{"embeddable":true,"href":"https:\/\/fysiolab.dk\/no\/wp-json\/wp\/v2\/comments?post=78941"}],"wp:featuredmedia":[{"embeddable":true,"href":"https:\/\/fysiolab.dk\/no\/wp-json\/wp\/v2\/media\/78944"}],"wp:attachment":[{"href":"https:\/\/fysiolab.dk\/no\/wp-json\/wp\/v2\/media?parent=78941"}],"wp:term":[{"taxonomy":"product_brand","embeddable":true,"href":"https:\/\/fysiolab.dk\/no\/wp-json\/wp\/v2\/product_brand?post=78941"},{"taxonomy":"product_cat","embeddable":true,"href":"https:\/\/fysiolab.dk\/no\/wp-json\/wp\/v2\/product_cat?post=78941"},{"taxonomy":"product_tag","embeddable":true,"href":"https:\/\/fysiolab.dk\/no\/wp-json\/wp\/v2\/product_tag?post=78941"}],"curies":[{"name":"wp","href":"https:\/\/api.w.org\/{rel}","templated":true}]}}